{"id":2445,"date":"2023-11-14T12:47:08","date_gmt":"2023-11-14T05:47:08","guid":{"rendered":"https:\/\/bynature.vn\/product\/500g-bi-xanh\/"},"modified":"2024-03-26T16:02:35","modified_gmt":"2024-03-26T09:02:35","slug":"500g-bi-xanh","status":"publish","type":"product","link":"https:\/\/bynature.vn\/vi\/product\/500g-bi-xanh\/","title":{"rendered":"500g B\u00ed Xanh"},"content":{"rendered":"<h6 style=\"text-align: justify;\">B\u00ed xanh<\/h6>\n<ul>\n<li style=\"text-align: justify;\">B\u00ed xanh ByNature c\u00f3 h\u01b0\u01a1ng v\u1ecb nh\u1eb9 nh\u00e0ng v\u00e0 thanh m\u00e1t,<\/li>\n<li style=\"text-align: justify;\">\u0110\u01b0\u1ee3c tr\u1ed3ng theo h\u01b0\u1edbng thu\u1eadn t\u1ef1 nhi\u00ean, kh\u00f4ng thu\u1ed1c tr\u1eeb s\u00e2u v\u00e0 h\u00f3a ch\u1ea5t n\u00f4ng nghi\u1ec7p. S\u1ea1ch v\u00e0 an to\u00e0n cho s\u1ee9c kh\u1ecfe, t\u01b0\u01a1i ngon t\u1eeb v\u01b0\u1eddn.<\/li>\n<\/ul>\n<p style=\"text-align: justify;\">\u0110\u1ecdc th\u00eam: <span style=\"text-decoration: underline;\"><span style=\"color: #008000;\"><a style=\"color: #008000; text-decoration: underline;\" href=\"https:\/\/bynature.vn\/vi\/nong-san-thuan-tu-nhien-co-dang-tien\/\">N\u00f4ng s\u1ea3n thu\u1eadn t\u1ef1 nhi\u00ean c\u00f3 \u0111\u00e1ng ti\u1ec1n?<\/a><\/span><\/span><\/p>\n","protected":false},"excerpt":{"rendered":"<p>B\u00ed xanh B\u00ed xanh ByNature c\u00f3 h\u01b0\u01a1ng v\u1ecb nh\u1eb9 nh\u00e0ng v\u00e0 thanh m\u00e1t, \u0110\u01b0\u1ee3c tr\u1ed3ng theo h\u01b0\u1edbng thu\u1eadn t\u1ef1 nhi\u00ean, kh\u00f4ng thu\u1ed1c tr\u1eeb s\u00e2u v\u00e0 h\u00f3a ch\u1ea5t n\u00f4ng nghi\u1ec7p. S\u1ea1ch v\u00e0 an to\u00e0n cho s\u1ee9c kh\u1ecfe, t\u01b0\u01a1i ngon t\u1eeb v\u01b0\u1eddn. \u0110\u1ecdc th\u00eam: N\u00f4ng s\u1ea3n thu\u1eadn t\u1ef1 nhi\u00ean c\u00f3 \u0111\u00e1ng ti\u1ec1n?<\/p>\n","protected":false},"featured_media":3040,"template":"","meta":[],"pwb-brand":[],"product_cat":[391],"product_tag":[],"class_list":{"0":"post-2445","1":"product","2":"type-product","3":"status-publish","4":"has-post-thumbnail","6":"product_cat-bau-bi-muop-1","8":"first","9":"instock","10":"purchasable","11":"product-type-simple"},"acf":[],"brands":[],"_links":{"self":[{"href":"https:\/\/bynature.vn\/vi\/wp-json\/wp\/v2\/product\/2445","targetHints":{"allow":["GET"]}}],"collection":[{"href":"https:\/\/bynature.vn\/vi\/wp-json\/wp\/v2\/product"}],"about":[{"href":"https:\/\/bynature.vn\/vi\/wp-json\/wp\/v2\/types\/product"}],"wp:featuredmedia":[{"embeddable":true,"href":"https:\/\/bynature.vn\/vi\/wp-json\/wp\/v2\/media\/3040"}],"wp:attachment":[{"href":"https:\/\/bynature.vn\/vi\/wp-json\/wp\/v2\/media?parent=2445"}],"wp:term":[{"taxonomy":"pwb-brand","embeddable":true,"href":"https:\/\/bynature.vn\/vi\/wp-json\/wp\/v2\/pwb-brand?post=2445"},{"taxonomy":"product_cat","embeddable":true,"href":"https:\/\/bynature.vn\/vi\/wp-json\/wp\/v2\/product_cat?post=2445"},{"taxonomy":"product_tag","embeddable":true,"href":"https:\/\/bynature.vn\/vi\/wp-json\/wp\/v2\/product_tag?post=2445"}],"curies":[{"name":"wp","href":"https:\/\/api.w.org\/{rel}","templated":true}]}}