{"id":2443,"date":"2023-11-14T12:47:04","date_gmt":"2023-11-14T05:47:04","guid":{"rendered":"https:\/\/bynature.vn\/product\/50g-huong-thao\/"},"modified":"2024-03-25T16:38:45","modified_gmt":"2024-03-25T09:38:45","slug":"50g-huong-thao","status":"publish","type":"product","link":"https:\/\/bynature.vn\/vi\/product\/50g-huong-thao\/","title":{"rendered":"50g H\u01b0\u01a1ng Th\u1ea3o"},"content":{"rendered":"<h6>L\u00e1 h\u01b0\u01a1ng th\u1ea3o<\/h6>\n<ul>\n<li>H\u01b0\u01a1ng th\u1ea3o l\u00e0 m\u1ed9t lo\u1ea1i th\u1ea3o m\u1ed9c th\u01a1m, ph\u1ed5 bi\u1ebfn trong c\u00e1c m\u00f3n th\u1ecbt n\u01b0\u1edbng, pizza ho\u1eb7c l\u00e0m n\u01b0\u1edbc s\u1ed1t.<\/li>\n<li>H\u01b0\u01a1ng th\u1ea3o thu\u1eadn t\u1ef1 nhi\u00ean ByNature kh\u00f4ng thu\u1ed1c tr\u1eeb s\u00e2u v\u00e0 h\u00f3a ch\u1ea5t n\u00f4ng nghi\u1ec7p.<\/li>\n<li>S\u1ea1ch v\u00e0 an to\u00e0n cho s\u1ee9c kh\u1ecfe, t\u01b0\u01a1i ngon t\u1eeb v\u01b0\u1eddn.<\/li>\n<\/ul>\n<p>\u0110\u1ecdc th\u00eam: <span style=\"text-decoration: underline;\"><span style=\"color: #008000;\"><a style=\"color: #008000; text-decoration: underline;\" href=\"https:\/\/bynature.vn\/vi\/rau-sach-hay-chi-la-rau-an-toan\/\">Rau s\u1ea1ch hay ch\u1ec9 l\u00e0 rau an to\u00e0n?<\/a><\/span><\/span><\/p>\n","protected":false},"excerpt":{"rendered":"<p>L\u00e1 h\u01b0\u01a1ng th\u1ea3o H\u01b0\u01a1ng th\u1ea3o l\u00e0 m\u1ed9t lo\u1ea1i th\u1ea3o m\u1ed9c th\u01a1m, ph\u1ed5 bi\u1ebfn trong c\u00e1c m\u00f3n th\u1ecbt n\u01b0\u1edbng, pizza ho\u1eb7c l\u00e0m n\u01b0\u1edbc s\u1ed1t. H\u01b0\u01a1ng th\u1ea3o thu\u1eadn t\u1ef1 nhi\u00ean ByNature kh\u00f4ng thu\u1ed1c tr\u1eeb s\u00e2u v\u00e0 h\u00f3a ch\u1ea5t n\u00f4ng nghi\u1ec7p. S\u1ea1ch v\u00e0 an to\u00e0n cho s\u1ee9c kh\u1ecfe, t\u01b0\u01a1i ngon t\u1eeb v\u01b0\u1eddn. \u0110\u1ecdc th\u00eam: Rau s\u1ea1ch hay ch\u1ec9 &hellip; <\/p>\n<p class=\"link-more\"><a href=\"https:\/\/bynature.vn\/vi\/product\/50g-huong-thao\/\" class=\"more-link\">Continue reading<span class=\"screen-reader-text\"> &#8220;50g H\u01b0\u01a1ng Th\u1ea3o&#8221;<\/span><\/a><\/p>\n","protected":false},"featured_media":3034,"template":"","meta":[],"pwb-brand":[],"product_cat":[372],"product_tag":[],"class_list":{"0":"post-2443","1":"product","2":"type-product","3":"status-publish","4":"has-post-thumbnail","6":"product_cat-rau-thom","8":"first","9":"instock","10":"purchasable","11":"product-type-simple"},"acf":[],"brands":[],"_links":{"self":[{"href":"https:\/\/bynature.vn\/vi\/wp-json\/wp\/v2\/product\/2443","targetHints":{"allow":["GET"]}}],"collection":[{"href":"https:\/\/bynature.vn\/vi\/wp-json\/wp\/v2\/product"}],"about":[{"href":"https:\/\/bynature.vn\/vi\/wp-json\/wp\/v2\/types\/product"}],"wp:featuredmedia":[{"embeddable":true,"href":"https:\/\/bynature.vn\/vi\/wp-json\/wp\/v2\/media\/3034"}],"wp:attachment":[{"href":"https:\/\/bynature.vn\/vi\/wp-json\/wp\/v2\/media?parent=2443"}],"wp:term":[{"taxonomy":"pwb-brand","embeddable":true,"href":"https:\/\/bynature.vn\/vi\/wp-json\/wp\/v2\/pwb-brand?post=2443"},{"taxonomy":"product_cat","embeddable":true,"href":"https:\/\/bynature.vn\/vi\/wp-json\/wp\/v2\/product_cat?post=2443"},{"taxonomy":"product_tag","embeddable":true,"href":"https:\/\/bynature.vn\/vi\/wp-json\/wp\/v2\/product_tag?post=2443"}],"curies":[{"name":"wp","href":"https:\/\/api.w.org\/{rel}","templated":true}]}}