{"id":2442,"date":"2023-11-14T12:47:04","date_gmt":"2023-11-14T05:47:04","guid":{"rendered":"https:\/\/bynature.vn\/product\/100g-hung-que-tay\/"},"modified":"2024-03-25T16:38:10","modified_gmt":"2024-03-25T09:38:10","slug":"100g-hung-que-tay","status":"publish","type":"product","link":"https:\/\/bynature.vn\/vi\/product\/100g-hung-que-tay\/","title":{"rendered":"100g H\u00fang Qu\u1ebf T\u00e2y"},"content":{"rendered":"<h6 style=\"text-align: justify;\">H\u00fang t\u00e2y hay h\u00fang qu\u1ebf t\u00e2y<\/h6>\n<ul style=\"text-align: justify;\">\n<li>V\u1ecb h\u00fang qu\u1ebf t\u00e2y cay n\u1ed3ng nh\u01b0ng kh\u00f4ng \u0111\u1eafng.<\/li>\n<li>H\u00fang Qu\u1ebf T\u00e2y ByNature \u0111\u01b0\u1ee3c tr\u1ed3ng theo h\u01b0\u1edbng thu\u1eadn t\u1ef1 nhi\u00ean, kh\u00f4ng thu\u1ed1c tr\u1eeb s\u00e2u v\u00e0 h\u00f3a ch\u1ea5t n\u00f4ng nghi\u1ec7p.<\/li>\n<li>S\u1ea1ch v\u00e0 an to\u00e0n cho s\u1ee9c kh\u1ecfe, t\u01b0\u01a1i ngon t\u1eeb v\u01b0\u1eddn.<\/li>\n<\/ul>\n<p style=\"text-align: justify;\">\u0110\u1ecdc th\u00eam: <span style=\"text-decoration: underline;\"><span style=\"color: #008000;\"><a style=\"color: #008000; text-decoration: underline;\" href=\"https:\/\/bynature.vn\/vi\/rau-sach-hay-chi-la-rau-an-toan\/\">Rau s\u1ea1ch hay ch\u1ec9 l\u00e0 rau an to\u00e0n?<\/a><\/span><\/span><\/p>\n","protected":false},"excerpt":{"rendered":"<p>H\u00fang t\u00e2y hay h\u00fang qu\u1ebf t\u00e2y V\u1ecb h\u00fang qu\u1ebf t\u00e2y cay n\u1ed3ng nh\u01b0ng kh\u00f4ng \u0111\u1eafng. H\u00fang Qu\u1ebf T\u00e2y ByNature \u0111\u01b0\u1ee3c tr\u1ed3ng theo h\u01b0\u1edbng thu\u1eadn t\u1ef1 nhi\u00ean, kh\u00f4ng thu\u1ed1c tr\u1eeb s\u00e2u v\u00e0 h\u00f3a ch\u1ea5t n\u00f4ng nghi\u1ec7p. S\u1ea1ch v\u00e0 an to\u00e0n cho s\u1ee9c kh\u1ecfe, t\u01b0\u01a1i ngon t\u1eeb v\u01b0\u1eddn. \u0110\u1ecdc th\u00eam: Rau s\u1ea1ch hay ch\u1ec9 l\u00e0 rau an &hellip; <\/p>\n<p class=\"link-more\"><a href=\"https:\/\/bynature.vn\/vi\/product\/100g-hung-que-tay\/\" class=\"more-link\">Continue reading<span class=\"screen-reader-text\"> &#8220;100g H\u00fang Qu\u1ebf T\u00e2y&#8221;<\/span><\/a><\/p>\n","protected":false},"featured_media":2894,"template":"","meta":[],"pwb-brand":[],"product_cat":[372],"product_tag":[],"class_list":{"0":"post-2442","1":"product","2":"type-product","3":"status-publish","4":"has-post-thumbnail","6":"product_cat-rau-thom","8":"first","9":"instock","10":"purchasable","11":"product-type-simple"},"acf":[],"brands":[],"_links":{"self":[{"href":"https:\/\/bynature.vn\/vi\/wp-json\/wp\/v2\/product\/2442","targetHints":{"allow":["GET"]}}],"collection":[{"href":"https:\/\/bynature.vn\/vi\/wp-json\/wp\/v2\/product"}],"about":[{"href":"https:\/\/bynature.vn\/vi\/wp-json\/wp\/v2\/types\/product"}],"wp:featuredmedia":[{"embeddable":true,"href":"https:\/\/bynature.vn\/vi\/wp-json\/wp\/v2\/media\/2894"}],"wp:attachment":[{"href":"https:\/\/bynature.vn\/vi\/wp-json\/wp\/v2\/media?parent=2442"}],"wp:term":[{"taxonomy":"pwb-brand","embeddable":true,"href":"https:\/\/bynature.vn\/vi\/wp-json\/wp\/v2\/pwb-brand?post=2442"},{"taxonomy":"product_cat","embeddable":true,"href":"https:\/\/bynature.vn\/vi\/wp-json\/wp\/v2\/product_cat?post=2442"},{"taxonomy":"product_tag","embeddable":true,"href":"https:\/\/bynature.vn\/vi\/wp-json\/wp\/v2\/product_tag?post=2442"}],"curies":[{"name":"wp","href":"https:\/\/api.w.org\/{rel}","templated":true}]}}