{"id":2440,"date":"2023-11-14T12:47:04","date_gmt":"2023-11-14T05:47:04","guid":{"rendered":"https:\/\/bynature.vn\/product\/500g-can-tay\/"},"modified":"2026-02-09T22:33:56","modified_gmt":"2026-02-09T15:33:56","slug":"500g-can-tay","status":"publish","type":"product","link":"https:\/\/bynature.vn\/vi\/product\/500g-can-tay\/","title":{"rendered":"500g C\u1ea7n T\u00e2y"},"content":{"rendered":"<h6>C\u1ea7n t\u00e2y ho\u00e0n to\u00e0n t\u1ef1 nhi\u00ean<\/h6>\n<ul>\n<li>M\u00e0u s\u1eafc v\u00e0 h\u01b0\u01a1ng v\u1ecb \u0111\u1eadm \u0111\u00e0, c\u1ea7n t\u00e2y m\u1ecdng n\u01b0\u1edbc v\u00e0 gi\u00f2n l\u00e0 nh\u1eefng g\u00ec m\u00f4 t\u1ea3 t\u1ed1t nh\u1ea5t v\u1ec1 c\u1ea7n t\u00e2y tr\u1ed3ng ho\u00e0n to\u00e0n t\u1ef1 nhi\u00ean c\u1ee7a ch\u00fang t\u00f4i.<\/li>\n<li>C\u00e1c l\u1ef1a ch\u1ecdn n\u1ea5u \u0103n r\u1ea5t nhi\u1ec1u v\u00e0 ch\u00fang c\u00f3 th\u1ec3 \u0111\u01b0\u1ee3c \u0103n s\u1ed1ng ho\u1eb7c n\u1ea5u ch\u00edn.<\/li>\n<li>T\u00ecm hi\u1ec3u th\u00eam: <span style=\"text-decoration: underline;\"><span style=\"color: #008000; text-decoration: underline;\"><a style=\"color: #008000; text-decoration: underline;\" href=\"https:\/\/bynature.vn\/is-all-natural-organic-vegetables-worth-the-money\/\">Is all-natural &amp; organic vegetables worth the money?<\/a><\/span><\/span><\/li>\n<\/ul>\n","protected":false},"excerpt":{"rendered":"<p>C\u1ea7n t\u00e2y ho\u00e0n to\u00e0n t\u1ef1 nhi\u00ean M\u00e0u s\u1eafc v\u00e0 h\u01b0\u01a1ng v\u1ecb \u0111\u1eadm \u0111\u00e0, c\u1ea7n t\u00e2y m\u1ecdng n\u01b0\u1edbc v\u00e0 gi\u00f2n l\u00e0 nh\u1eefng g\u00ec m\u00f4 t\u1ea3 t\u1ed1t nh\u1ea5t v\u1ec1 c\u1ea7n t\u00e2y tr\u1ed3ng ho\u00e0n to\u00e0n t\u1ef1 nhi\u00ean c\u1ee7a ch\u00fang t\u00f4i. C\u00e1c l\u1ef1a ch\u1ecdn n\u1ea5u \u0103n r\u1ea5t nhi\u1ec1u v\u00e0 ch\u00fang c\u00f3 th\u1ec3 \u0111\u01b0\u1ee3c \u0103n s\u1ed1ng ho\u1eb7c n\u1ea5u ch\u00edn. T\u00ecm &hellip; <\/p>\n<p class=\"link-more\"><a href=\"https:\/\/bynature.vn\/vi\/product\/500g-can-tay\/\" class=\"more-link\">Continue reading<span class=\"screen-reader-text\"> &#8220;500g C\u1ea7n T\u00e2y&#8221;<\/span><\/a><\/p>\n","protected":false},"featured_media":3032,"template":"","meta":[],"pwb-brand":[],"product_cat":[394],"product_tag":[],"class_list":{"0":"post-2440","1":"product","2":"type-product","3":"status-publish","4":"has-post-thumbnail","6":"product_cat-cac-loai-rau-an-than-khac","8":"first","9":"instock","10":"purchasable","11":"product-type-simple"},"acf":[],"brands":[],"_links":{"self":[{"href":"https:\/\/bynature.vn\/vi\/wp-json\/wp\/v2\/product\/2440","targetHints":{"allow":["GET"]}}],"collection":[{"href":"https:\/\/bynature.vn\/vi\/wp-json\/wp\/v2\/product"}],"about":[{"href":"https:\/\/bynature.vn\/vi\/wp-json\/wp\/v2\/types\/product"}],"wp:featuredmedia":[{"embeddable":true,"href":"https:\/\/bynature.vn\/vi\/wp-json\/wp\/v2\/media\/3032"}],"wp:attachment":[{"href":"https:\/\/bynature.vn\/vi\/wp-json\/wp\/v2\/media?parent=2440"}],"wp:term":[{"taxonomy":"pwb-brand","embeddable":true,"href":"https:\/\/bynature.vn\/vi\/wp-json\/wp\/v2\/pwb-brand?post=2440"},{"taxonomy":"product_cat","embeddable":true,"href":"https:\/\/bynature.vn\/vi\/wp-json\/wp\/v2\/product_cat?post=2440"},{"taxonomy":"product_tag","embeddable":true,"href":"https:\/\/bynature.vn\/vi\/wp-json\/wp\/v2\/product_tag?post=2440"}],"curies":[{"name":"wp","href":"https:\/\/api.w.org\/{rel}","templated":true}]}}