{"id":2439,"date":"2023-11-14T12:47:04","date_gmt":"2023-11-14T05:47:04","guid":{"rendered":"https:\/\/bynature.vn\/product\/200g-xa-lach-lolo-do\/"},"modified":"2026-02-09T22:24:32","modified_gmt":"2026-02-09T15:24:32","slug":"200g-xa-lach-lolo-do","status":"publish","type":"product","link":"https:\/\/bynature.vn\/vi\/product\/200g-xa-lach-lolo-do\/","title":{"rendered":"200g X\u00e0 L\u00e1ch L\u00e1 \u0110\u1ecf"},"content":{"rendered":"<h6 style=\"text-align: justify;\">X\u00e0 l\u00e1ch l\u00e1 \u0111\u1ecf ho\u00e0n to\u00e0n t\u1ef1 nhi\u00ean ByNature<\/h6>\n<ul>\n<li style=\"text-align: justify;\">C\u00f2n \u0111\u01b0\u1ee3c g\u1ecdi l\u00e0 lollo rosso.<\/li>\n<li style=\"text-align: justify;\">\u0110\u00e2y l\u00e0 m\u1ed9t lo\u1ea1i x\u00e0 l\u00e1ch m\u1ec1m, non v\u00e0 gi\u00f2n, c\u00f3 h\u01b0\u01a1ng v\u1ecb h\u01a1i b\u00f9i nh\u1eb9.<\/li>\n<\/ul>\n<p style=\"text-align: justify;\">T\u00ecm hi\u1ec3u th\u00eam: <span style=\"text-decoration: underline; color: #008000;\"><a style=\"color: #008000; text-decoration: underline;\" href=\"https:\/\/bynature.vn\/5-amazing-health-benefits-of-lettuce\/\">5 Amazing Health Benefits Of lettuce<\/a><\/span><\/p>\n","protected":false},"excerpt":{"rendered":"<p>X\u00e0 l\u00e1ch l\u00e1 \u0111\u1ecf ho\u00e0n to\u00e0n t\u1ef1 nhi\u00ean ByNature C\u00f2n \u0111\u01b0\u1ee3c g\u1ecdi l\u00e0 lollo rosso. \u0110\u00e2y l\u00e0 m\u1ed9t lo\u1ea1i x\u00e0 l\u00e1ch m\u1ec1m, non v\u00e0 gi\u00f2n, c\u00f3 h\u01b0\u01a1ng v\u1ecb h\u01a1i b\u00f9i nh\u1eb9. T\u00ecm hi\u1ec3u th\u00eam: 5 Amazing Health Benefits Of lettuce<\/p>\n","protected":false},"featured_media":3030,"template":"","meta":[],"pwb-brand":[],"product_cat":[367],"product_tag":[],"class_list":{"0":"post-2439","1":"product","2":"type-product","3":"status-publish","4":"has-post-thumbnail","6":"product_cat-rau-xa-lach","8":"first","9":"instock","10":"purchasable","11":"product-type-simple"},"acf":[],"brands":[],"_links":{"self":[{"href":"https:\/\/bynature.vn\/vi\/wp-json\/wp\/v2\/product\/2439","targetHints":{"allow":["GET"]}}],"collection":[{"href":"https:\/\/bynature.vn\/vi\/wp-json\/wp\/v2\/product"}],"about":[{"href":"https:\/\/bynature.vn\/vi\/wp-json\/wp\/v2\/types\/product"}],"wp:featuredmedia":[{"embeddable":true,"href":"https:\/\/bynature.vn\/vi\/wp-json\/wp\/v2\/media\/3030"}],"wp:attachment":[{"href":"https:\/\/bynature.vn\/vi\/wp-json\/wp\/v2\/media?parent=2439"}],"wp:term":[{"taxonomy":"pwb-brand","embeddable":true,"href":"https:\/\/bynature.vn\/vi\/wp-json\/wp\/v2\/pwb-brand?post=2439"},{"taxonomy":"product_cat","embeddable":true,"href":"https:\/\/bynature.vn\/vi\/wp-json\/wp\/v2\/product_cat?post=2439"},{"taxonomy":"product_tag","embeddable":true,"href":"https:\/\/bynature.vn\/vi\/wp-json\/wp\/v2\/product_tag?post=2439"}],"curies":[{"name":"wp","href":"https:\/\/api.w.org\/{rel}","templated":true}]}}