{"id":2438,"date":"2023-11-14T12:47:04","date_gmt":"2023-11-14T05:47:04","guid":{"rendered":"https:\/\/bynature.vn\/product\/100g-ngo-tay\/"},"modified":"2026-02-09T19:45:53","modified_gmt":"2026-02-09T12:45:53","slug":"100g-ngo-tay","status":"publish","type":"product","link":"https:\/\/bynature.vn\/vi\/product\/100g-ngo-tay\/","title":{"rendered":"100g Ng\u00f2 T\u00e2y"},"content":{"rendered":"<h6 style=\"text-align: justify;\">Ng\u00f2 t\u00e2y ho\u00e0n to\u00e0n t\u1ef1 nhi\u00ean<\/h6>\n<ul>\n<li style=\"text-align: justify;\">M\u00f9i t\u00e2y t\u01b0\u01a1i t\u1ef1 nhi\u00ean c\u1ee7a ch\u00fang t\u00f4i c\u00f3 v\u1ecb h\u01a1i \u0111\u1eafng, xen l\u1eabn v\u1ecb ti\u00eau, h\u01b0\u01a1ng \u0111\u1ea5t nh\u1eb9 v\u00e0 ch\u00fat h\u01b0\u01a1ng v\u1ecf chanh.<\/li>\n<li>\n<p style=\"text-align: justify;\">T\u00ecm hi\u1ec3u th\u00eam: <span style=\"text-decoration: underline; color: #008000;\"><a style=\"color: #008000; text-decoration: underline;\" href=\"https:\/\/bynature.vn\/the-amazing-benefits-of-herbs\/\">The amazing benefits of herbs<\/a><\/span><\/p>\n<\/li>\n<\/ul>\n","protected":false},"excerpt":{"rendered":"<p>Ng\u00f2 t\u00e2y ho\u00e0n to\u00e0n t\u1ef1 nhi\u00ean M\u00f9i t\u00e2y t\u01b0\u01a1i t\u1ef1 nhi\u00ean c\u1ee7a ch\u00fang t\u00f4i c\u00f3 v\u1ecb h\u01a1i \u0111\u1eafng, xen l\u1eabn v\u1ecb ti\u00eau, h\u01b0\u01a1ng \u0111\u1ea5t nh\u1eb9 v\u00e0 ch\u00fat h\u01b0\u01a1ng v\u1ecf chanh. T\u00ecm hi\u1ec3u th\u00eam: The amazing benefits of herbs<\/p>\n","protected":false},"featured_media":3028,"template":"","meta":[],"pwb-brand":[],"product_cat":[372],"product_tag":[],"class_list":{"0":"post-2438","1":"product","2":"type-product","3":"status-publish","4":"has-post-thumbnail","6":"product_cat-rau-thom","8":"first","9":"instock","10":"purchasable","11":"product-type-simple"},"acf":[],"brands":[],"_links":{"self":[{"href":"https:\/\/bynature.vn\/vi\/wp-json\/wp\/v2\/product\/2438","targetHints":{"allow":["GET"]}}],"collection":[{"href":"https:\/\/bynature.vn\/vi\/wp-json\/wp\/v2\/product"}],"about":[{"href":"https:\/\/bynature.vn\/vi\/wp-json\/wp\/v2\/types\/product"}],"wp:featuredmedia":[{"embeddable":true,"href":"https:\/\/bynature.vn\/vi\/wp-json\/wp\/v2\/media\/3028"}],"wp:attachment":[{"href":"https:\/\/bynature.vn\/vi\/wp-json\/wp\/v2\/media?parent=2438"}],"wp:term":[{"taxonomy":"pwb-brand","embeddable":true,"href":"https:\/\/bynature.vn\/vi\/wp-json\/wp\/v2\/pwb-brand?post=2438"},{"taxonomy":"product_cat","embeddable":true,"href":"https:\/\/bynature.vn\/vi\/wp-json\/wp\/v2\/product_cat?post=2438"},{"taxonomy":"product_tag","embeddable":true,"href":"https:\/\/bynature.vn\/vi\/wp-json\/wp\/v2\/product_tag?post=2438"}],"curies":[{"name":"wp","href":"https:\/\/api.w.org\/{rel}","templated":true}]}}