{"id":2436,"date":"2023-11-14T12:47:04","date_gmt":"2023-11-14T05:47:04","guid":{"rendered":"https:\/\/bynature.vn\/product\/500g-cai-bo-xoi\/"},"modified":"2024-03-20T13:46:51","modified_gmt":"2024-03-20T06:46:51","slug":"500g-cai-bo-xoi","status":"publish","type":"product","link":"https:\/\/bynature.vn\/vi\/product\/500g-cai-bo-xoi\/","title":{"rendered":"500g C\u1ea3i B\u00f3 X\u00f4i"},"content":{"rendered":"<h6>C\u1ea3i b\u00f3 x\u00f4i<\/h6>\n<ul>\n<li style=\"text-align: justify;\">C\u00f3 v\u1ecb ng\u1ecdt nh\u1eb9 v\u00e0 kh\u00f4ng \u0111\u1eafng, r\u1ea5t th\u00edch h\u1ee3p cho m\u00f3n salad. Khi n\u1ea5u ch\u00edn, c\u1ea3i b\u00f3 x\u00f4i c\u00f3 v\u1ecb \u0111\u1eadm \u0111\u00e0 h\u01a1n.<\/li>\n<li style=\"text-align: justify;\">C\u1ea3i b\u00f3 x\u00f4i Bynature \u0111\u01b0\u1ee3c tr\u1ed3ng v\u00e0 thu ho\u1ea1ch theo h\u01b0\u1edbng thu\u1eadn t\u1ef1 nhi\u00ean, kh\u00f4ng thu\u1ed1c tr\u1eeb s\u00e2u v\u00e0 h\u00f3a ch\u1ea5t n\u00f4ng nghi\u1ec7p, s\u1ea1ch v\u00e0 an to\u00e0n cho s\u1ee9c kh\u1ecfe.<\/li>\n<\/ul>\n<p>\u0110\u1ecdc th\u00eam: <span style=\"text-decoration: underline;\"><span style=\"color: #008000;\"><a style=\"color: #008000; text-decoration: underline;\" href=\"https:\/\/bynature.vn\/vi\/rau-sach-hay-chi-la-rau-an-toan\/\">Rau s\u1ea1ch hay ch\u1ec9 l\u00e0 rau an to\u00e0n?<\/a><\/span><\/span><\/p>\n","protected":false},"excerpt":{"rendered":"<p>C\u1ea3i b\u00f3 x\u00f4i C\u00f3 v\u1ecb ng\u1ecdt nh\u1eb9 v\u00e0 kh\u00f4ng \u0111\u1eafng, r\u1ea5t th\u00edch h\u1ee3p cho m\u00f3n salad. Khi n\u1ea5u ch\u00edn, c\u1ea3i b\u00f3 x\u00f4i c\u00f3 v\u1ecb \u0111\u1eadm \u0111\u00e0 h\u01a1n. C\u1ea3i b\u00f3 x\u00f4i Bynature \u0111\u01b0\u1ee3c tr\u1ed3ng v\u00e0 thu ho\u1ea1ch theo h\u01b0\u1edbng thu\u1eadn t\u1ef1 nhi\u00ean, kh\u00f4ng thu\u1ed1c tr\u1eeb s\u00e2u v\u00e0 h\u00f3a ch\u1ea5t n\u00f4ng nghi\u1ec7p, s\u1ea1ch v\u00e0 an to\u00e0n cho &hellip; <\/p>\n<p class=\"link-more\"><a href=\"https:\/\/bynature.vn\/vi\/product\/500g-cai-bo-xoi\/\" class=\"more-link\">Continue reading<span class=\"screen-reader-text\"> &#8220;500g C\u1ea3i B\u00f3 X\u00f4i&#8221;<\/span><\/a><\/p>\n","protected":false},"featured_media":3026,"template":"","meta":[],"pwb-brand":[],"product_cat":[368],"product_tag":[],"class_list":{"0":"post-2436","1":"product","2":"type-product","3":"status-publish","4":"has-post-thumbnail","6":"product_cat-cac-loai-rau-an-la-khac","8":"first","9":"instock","10":"purchasable","11":"product-type-simple"},"acf":[],"brands":[],"_links":{"self":[{"href":"https:\/\/bynature.vn\/vi\/wp-json\/wp\/v2\/product\/2436","targetHints":{"allow":["GET"]}}],"collection":[{"href":"https:\/\/bynature.vn\/vi\/wp-json\/wp\/v2\/product"}],"about":[{"href":"https:\/\/bynature.vn\/vi\/wp-json\/wp\/v2\/types\/product"}],"wp:featuredmedia":[{"embeddable":true,"href":"https:\/\/bynature.vn\/vi\/wp-json\/wp\/v2\/media\/3026"}],"wp:attachment":[{"href":"https:\/\/bynature.vn\/vi\/wp-json\/wp\/v2\/media?parent=2436"}],"wp:term":[{"taxonomy":"pwb-brand","embeddable":true,"href":"https:\/\/bynature.vn\/vi\/wp-json\/wp\/v2\/pwb-brand?post=2436"},{"taxonomy":"product_cat","embeddable":true,"href":"https:\/\/bynature.vn\/vi\/wp-json\/wp\/v2\/product_cat?post=2436"},{"taxonomy":"product_tag","embeddable":true,"href":"https:\/\/bynature.vn\/vi\/wp-json\/wp\/v2\/product_tag?post=2436"}],"curies":[{"name":"wp","href":"https:\/\/api.w.org\/{rel}","templated":true}]}}