{"id":2434,"date":"2023-11-14T12:47:04","date_gmt":"2023-11-14T05:47:04","guid":{"rendered":"https:\/\/bynature.vn\/product\/500g-kho-qua\/"},"modified":"2026-02-09T19:48:23","modified_gmt":"2026-02-09T12:48:23","slug":"500g-kho-qua","status":"publish","type":"product","link":"https:\/\/bynature.vn\/vi\/product\/500g-kho-qua\/","title":{"rendered":"500g Kh\u1ed5 Qua"},"content":{"rendered":"<h6 style=\"text-align: justify;\">Kh\u1ed5 qua ho\u00e0n to\u00e0n t\u1ef1 nhi\u00ean<\/h6>\n<ul>\n<li style=\"text-align: justify;\">Ch\u00fang t\u00f4i khuy\u00ean b\u1ea1n kh\u00f4ng n\u00ean \u0103n s\u1ed1ng &#8211; h\u00e3y th\u01b0\u1edfng th\u1ee9c m\u00f3n n\u1ea5u ch\u00edn. \u0110\u00fang nh\u01b0 t\u00ean g\u1ecdi, n\u00f3 c\u00f3 v\u1ecb \u0111\u1eafng do m\u1ed9t h\u1ee3p ch\u1ea5t g\u1ecdi l\u00e0 cucurbitacin. \u0110\u01b0\u1ee3c ph\u00e1t tri\u1ec3n \u0111\u1ebfn m\u1ee9c ho\u00e0n h\u1ea3o b\u1eb1ng ph\u01b0\u01a1ng ph\u00e1p canh t\u00e1c h\u1eefu c\u01a1.  <\/li>\n<li>\n<p style=\"text-align: justify;\">T\u00ecm hi\u1ec3u th\u00eam: <span style=\"text-decoration: underline;\"><span style=\"color: #008000; text-decoration: underline;\"><a style=\"color: #008000; text-decoration: underline;\" href=\"https:\/\/bynature.vn\/is-all-natural-organic-vegetables-worth-the-money\/\">Is all-natural &amp; organic vegetables worth the money?<\/a><\/span><\/span><\/p>\n<\/li>\n<\/ul>\n","protected":false},"excerpt":{"rendered":"<p>Kh\u1ed5 qua ho\u00e0n to\u00e0n t\u1ef1 nhi\u00ean Ch\u00fang t\u00f4i khuy\u00ean b\u1ea1n kh\u00f4ng n\u00ean \u0103n s\u1ed1ng &#8211; h\u00e3y th\u01b0\u1edfng th\u1ee9c m\u00f3n n\u1ea5u ch\u00edn. \u0110\u00fang nh\u01b0 t\u00ean g\u1ecdi, n\u00f3 c\u00f3 v\u1ecb \u0111\u1eafng do m\u1ed9t h\u1ee3p ch\u1ea5t g\u1ecdi l\u00e0 cucurbitacin. \u0110\u01b0\u1ee3c ph\u00e1t tri\u1ec3n \u0111\u1ebfn m\u1ee9c ho\u00e0n h\u1ea3o b\u1eb1ng ph\u01b0\u01a1ng ph\u00e1p canh t\u00e1c h\u1eefu c\u01a1. T\u00ecm hi\u1ec3u th\u00eam: Is all-natural &hellip; <\/p>\n<p class=\"link-more\"><a href=\"https:\/\/bynature.vn\/vi\/product\/500g-kho-qua\/\" class=\"more-link\">Continue reading<span class=\"screen-reader-text\"> &#8220;500g Kh\u1ed5 Qua&#8221;<\/span><\/a><\/p>\n","protected":false},"featured_media":3022,"template":"","meta":[],"pwb-brand":[],"product_cat":[391],"product_tag":[],"class_list":{"0":"post-2434","1":"product","2":"type-product","3":"status-publish","4":"has-post-thumbnail","6":"product_cat-bau-bi-muop-1","8":"first","9":"instock","10":"purchasable","11":"product-type-simple"},"acf":[],"brands":[],"_links":{"self":[{"href":"https:\/\/bynature.vn\/vi\/wp-json\/wp\/v2\/product\/2434","targetHints":{"allow":["GET"]}}],"collection":[{"href":"https:\/\/bynature.vn\/vi\/wp-json\/wp\/v2\/product"}],"about":[{"href":"https:\/\/bynature.vn\/vi\/wp-json\/wp\/v2\/types\/product"}],"wp:featuredmedia":[{"embeddable":true,"href":"https:\/\/bynature.vn\/vi\/wp-json\/wp\/v2\/media\/3022"}],"wp:attachment":[{"href":"https:\/\/bynature.vn\/vi\/wp-json\/wp\/v2\/media?parent=2434"}],"wp:term":[{"taxonomy":"pwb-brand","embeddable":true,"href":"https:\/\/bynature.vn\/vi\/wp-json\/wp\/v2\/pwb-brand?post=2434"},{"taxonomy":"product_cat","embeddable":true,"href":"https:\/\/bynature.vn\/vi\/wp-json\/wp\/v2\/product_cat?post=2434"},{"taxonomy":"product_tag","embeddable":true,"href":"https:\/\/bynature.vn\/vi\/wp-json\/wp\/v2\/product_tag?post=2434"}],"curies":[{"name":"wp","href":"https:\/\/api.w.org\/{rel}","templated":true}]}}