{"id":2433,"date":"2023-11-14T12:47:04","date_gmt":"2023-11-14T05:47:04","guid":{"rendered":"https:\/\/bynature.vn\/product\/500g-dau-bap\/"},"modified":"2024-03-26T15:58:03","modified_gmt":"2024-03-26T08:58:03","slug":"500g-dau-bap","status":"publish","type":"product","link":"https:\/\/bynature.vn\/vi\/product\/500g-dau-bap\/","title":{"rendered":"500g \u0110\u1eadu B\u1eafp"},"content":{"rendered":"<h6 style=\"text-align: justify;\">\u0110\u1eadu b\u1eafp<\/h6>\n<ul>\n<li style=\"text-align: justify;\">\u0110\u1eadu b\u1eafp l\u00e0 ngu\u1ed3n cung c\u1ea5p d\u1ed3i d\u00e0o vitamin C, folate, magi\u00ea, kali v\u00e0 ch\u1ea5t x\u01a1.<\/li>\n<li style=\"text-align: justify;\">Khi ch\u1ebf bi\u1ebfn, kh\u00f4ng n\u00ean \u0111\u1ec3 \u0111\u1eadu b\u1eafp qu\u00e1 ch\u00edn l\u00e0m m\u1ea5t \u0111i h\u01b0\u01a1ng v\u1ecb.<\/li>\n<li style=\"text-align: justify;\">\u0110\u1eadu b\u1eafp ByNature \u0111\u01b0\u1ee3c tr\u1ed3ng theo h\u01b0\u1edbng thu\u1eadn t\u1ef1 nhi\u00ean, kh\u00f4ng thu\u1ed1c tr\u1eeb s\u00e2u v\u00e0 h\u00f3a ch\u1ea5t n\u00f4ng nghi\u1ec7p. S\u1ea1ch v\u00e0 an to\u00e0n cho s\u1ee9c kh\u1ecfe, t\u01b0\u01a1i ngon t\u1eeb v\u01b0\u1eddn.<\/li>\n<\/ul>\n<p style=\"text-align: justify;\">\u0110\u1ecdc th\u00eam: <span style=\"text-decoration: underline; color: #008000;\"><a style=\"color: #008000; text-decoration: underline;\" href=\"https:\/\/bynature.vn\/vi\/nong-nghiep-luoi\/\">N\u00f4ng nghi\u1ec7p l\u01b0\u1eddi?<\/a><\/span><\/p>\n","protected":false},"excerpt":{"rendered":"<p>\u0110\u1eadu b\u1eafp \u0110\u1eadu b\u1eafp l\u00e0 ngu\u1ed3n cung c\u1ea5p d\u1ed3i d\u00e0o vitamin C, folate, magi\u00ea, kali v\u00e0 ch\u1ea5t x\u01a1. Khi ch\u1ebf bi\u1ebfn, kh\u00f4ng n\u00ean \u0111\u1ec3 \u0111\u1eadu b\u1eafp qu\u00e1 ch\u00edn l\u00e0m m\u1ea5t \u0111i h\u01b0\u01a1ng v\u1ecb. \u0110\u1eadu b\u1eafp ByNature \u0111\u01b0\u1ee3c tr\u1ed3ng theo h\u01b0\u1edbng thu\u1eadn t\u1ef1 nhi\u00ean, kh\u00f4ng thu\u1ed1c tr\u1eeb s\u00e2u v\u00e0 h\u00f3a ch\u1ea5t n\u00f4ng nghi\u1ec7p. S\u1ea1ch v\u00e0 an &hellip; <\/p>\n<p class=\"link-more\"><a href=\"https:\/\/bynature.vn\/vi\/product\/500g-dau-bap\/\" class=\"more-link\">Continue reading<span class=\"screen-reader-text\"> &#8220;500g \u0110\u1eadu B\u1eafp&#8221;<\/span><\/a><\/p>\n","protected":false},"featured_media":3020,"template":"","meta":[],"pwb-brand":[],"product_cat":[391],"product_tag":[],"class_list":{"0":"post-2433","1":"product","2":"type-product","3":"status-publish","4":"has-post-thumbnail","6":"product_cat-bau-bi-muop-1","8":"first","9":"instock","10":"purchasable","11":"product-type-simple"},"acf":[],"brands":[],"_links":{"self":[{"href":"https:\/\/bynature.vn\/vi\/wp-json\/wp\/v2\/product\/2433","targetHints":{"allow":["GET"]}}],"collection":[{"href":"https:\/\/bynature.vn\/vi\/wp-json\/wp\/v2\/product"}],"about":[{"href":"https:\/\/bynature.vn\/vi\/wp-json\/wp\/v2\/types\/product"}],"wp:featuredmedia":[{"embeddable":true,"href":"https:\/\/bynature.vn\/vi\/wp-json\/wp\/v2\/media\/3020"}],"wp:attachment":[{"href":"https:\/\/bynature.vn\/vi\/wp-json\/wp\/v2\/media?parent=2433"}],"wp:term":[{"taxonomy":"pwb-brand","embeddable":true,"href":"https:\/\/bynature.vn\/vi\/wp-json\/wp\/v2\/pwb-brand?post=2433"},{"taxonomy":"product_cat","embeddable":true,"href":"https:\/\/bynature.vn\/vi\/wp-json\/wp\/v2\/product_cat?post=2433"},{"taxonomy":"product_tag","embeddable":true,"href":"https:\/\/bynature.vn\/vi\/wp-json\/wp\/v2\/product_tag?post=2433"}],"curies":[{"name":"wp","href":"https:\/\/api.w.org\/{rel}","templated":true}]}}