{"id":2432,"date":"2023-11-14T12:47:04","date_gmt":"2023-11-14T05:47:04","guid":{"rendered":"https:\/\/bynature.vn\/product\/500g-dot-rau-lang\/"},"modified":"2026-02-09T19:51:53","modified_gmt":"2026-02-09T12:51:53","slug":"500g-dot-rau-lang","status":"publish","type":"product","link":"https:\/\/bynature.vn\/vi\/product\/500g-dot-rau-lang\/","title":{"rendered":"500g L\u00e1 Khoai Lang"},"content":{"rendered":"<h6 style=\"text-align: justify;\">L\u00e1 Khoai Lang Ho\u00e0n To\u00e0n T\u1ef1 Nhi\u00ean<\/h6>\n<ul>\n<li style=\"text-align: justify;\">Tuy\u1ec7t v\u1eddi \u0111\u1ec3 n\u1ea5u nh\u1eefng m\u00f3n \u0103n \u0111\u1ecba ph\u01b0\u01a1ng<\/li>\n<li style=\"text-align: justify;\">Khi n\u1ea5u ch\u00edn, l\u00e1 h\u01a1i \u0111\u1eafng s\u1ebd chuy\u1ec3n sang v\u1ecb ng\u1ecdt d\u1ecbu nh\u1eb9 t\u01b0\u01a1ng t\u1ef1 nh\u01b0 rau ch\u00e2n v\u1ecbt<\/li>\n<\/ul>\n<p style=\"text-align: justify;\">T\u00ecm hi\u1ec3u th\u00eam: <span style=\"text-decoration: underline; color: #008000;\"><a style=\"color: #008000; text-decoration: underline;\" href=\"https:\/\/bynature.vn\/clean-and-or-safe-produce\/\">Clean and\/or safe produce<\/a><\/span><\/p>\n","protected":false},"excerpt":{"rendered":"<p>L\u00e1 Khoai Lang Ho\u00e0n To\u00e0n T\u1ef1 Nhi\u00ean Tuy\u1ec7t v\u1eddi \u0111\u1ec3 n\u1ea5u nh\u1eefng m\u00f3n \u0103n \u0111\u1ecba ph\u01b0\u01a1ng Khi n\u1ea5u ch\u00edn, l\u00e1 h\u01a1i \u0111\u1eafng s\u1ebd chuy\u1ec3n sang v\u1ecb ng\u1ecdt d\u1ecbu nh\u1eb9 t\u01b0\u01a1ng t\u1ef1 nh\u01b0 rau ch\u00e2n v\u1ecbt T\u00ecm hi\u1ec3u th\u00eam: Clean and\/or safe produce<\/p>\n","protected":false},"featured_media":3018,"template":"","meta":[],"pwb-brand":[],"product_cat":[368],"product_tag":[],"class_list":{"0":"post-2432","1":"product","2":"type-product","3":"status-publish","4":"has-post-thumbnail","6":"product_cat-cac-loai-rau-an-la-khac","8":"first","9":"instock","10":"purchasable","11":"product-type-simple"},"acf":[],"brands":[],"_links":{"self":[{"href":"https:\/\/bynature.vn\/vi\/wp-json\/wp\/v2\/product\/2432","targetHints":{"allow":["GET"]}}],"collection":[{"href":"https:\/\/bynature.vn\/vi\/wp-json\/wp\/v2\/product"}],"about":[{"href":"https:\/\/bynature.vn\/vi\/wp-json\/wp\/v2\/types\/product"}],"wp:featuredmedia":[{"embeddable":true,"href":"https:\/\/bynature.vn\/vi\/wp-json\/wp\/v2\/media\/3018"}],"wp:attachment":[{"href":"https:\/\/bynature.vn\/vi\/wp-json\/wp\/v2\/media?parent=2432"}],"wp:term":[{"taxonomy":"pwb-brand","embeddable":true,"href":"https:\/\/bynature.vn\/vi\/wp-json\/wp\/v2\/pwb-brand?post=2432"},{"taxonomy":"product_cat","embeddable":true,"href":"https:\/\/bynature.vn\/vi\/wp-json\/wp\/v2\/product_cat?post=2432"},{"taxonomy":"product_tag","embeddable":true,"href":"https:\/\/bynature.vn\/vi\/wp-json\/wp\/v2\/product_tag?post=2432"}],"curies":[{"name":"wp","href":"https:\/\/api.w.org\/{rel}","templated":true}]}}