{"id":2431,"date":"2023-11-14T12:47:04","date_gmt":"2023-11-14T05:47:04","guid":{"rendered":"https:\/\/bynature.vn\/product\/200g-gung-tuoi\/"},"modified":"2024-03-26T10:35:52","modified_gmt":"2024-03-26T03:35:52","slug":"200g-gung-tuoi","status":"publish","type":"product","link":"https:\/\/bynature.vn\/vi\/product\/200g-gung-tuoi\/","title":{"rendered":"200g G\u1eebng T\u01b0\u01a1i"},"content":{"rendered":"<h6 style=\"text-align: justify;\">G\u1eebng t\u01b0\u01a1i<\/h6>\n<ul>\n<li style=\"text-align: justify;\">G\u1eebng c\u00f3 \u0111\u1eb7c t\u00ednh ch\u1ed1ng vi\u00eam cao.<\/li>\n<li style=\"text-align: justify;\">L\u00e0 gia v\u1ecb kh\u00f4ng th\u1ec3 thi\u1ebfu c\u1ee7a nhi\u1ec1u m\u00f3n \u0103n, l\u00e0m m\u00f3n \u0103n d\u1eady m\u00f9i v\u00e0 \u0111\u1eadm \u0111\u00e0 h\u01a1n.<\/li>\n<li style=\"text-align: justify;\">G\u1eebng t\u01b0\u01a1i ByNature \u0111\u01b0\u1ee3c tr\u1ed3ng theo h\u01b0\u1edbng thu\u1eadn t\u1ef1 nhi\u00ean, kh\u00f4ng thu\u1ed1c tr\u1eeb s\u00e2u v\u00e0 h\u00f3a ch\u1ea5t n\u00f4ng nghi\u1ec7p. S\u1ea1ch v\u00e0 an to\u00e0n cho s\u1ee9c kh\u1ecfe, t\u01b0\u01a1i ngon t\u1eeb v\u01b0\u1eddn.<\/li>\n<\/ul>\n<p style=\"text-align: justify;\">\u0110\u1ecdc th\u00eam: <span style=\"text-decoration: underline;\"><span style=\"color: #008000; text-decoration: underline;\"><a style=\"color: #008000; text-decoration: underline;\" href=\"https:\/\/bynature.vn\/vi\/thuan-tu-nhien-de-khoe-manh-hon\/\">Thu\u1eadn t\u1ef1 nhi\u00ean \u0111\u1ec3 kho\u1ebb m\u1ea1nh h\u01a1n!<\/a><\/span><\/span><\/p>\n","protected":false},"excerpt":{"rendered":"<p>G\u1eebng t\u01b0\u01a1i G\u1eebng c\u00f3 \u0111\u1eb7c t\u00ednh ch\u1ed1ng vi\u00eam cao. L\u00e0 gia v\u1ecb kh\u00f4ng th\u1ec3 thi\u1ebfu c\u1ee7a nhi\u1ec1u m\u00f3n \u0103n, l\u00e0m m\u00f3n \u0103n d\u1eady m\u00f9i v\u00e0 \u0111\u1eadm \u0111\u00e0 h\u01a1n. G\u1eebng t\u01b0\u01a1i ByNature \u0111\u01b0\u1ee3c tr\u1ed3ng theo h\u01b0\u1edbng thu\u1eadn t\u1ef1 nhi\u00ean, kh\u00f4ng thu\u1ed1c tr\u1eeb s\u00e2u v\u00e0 h\u00f3a ch\u1ea5t n\u00f4ng nghi\u1ec7p. S\u1ea1ch v\u00e0 an to\u00e0n cho s\u1ee9c kh\u1ecfe, t\u01b0\u01a1i &hellip; <\/p>\n<p class=\"link-more\"><a href=\"https:\/\/bynature.vn\/vi\/product\/200g-gung-tuoi\/\" class=\"more-link\">Continue reading<span class=\"screen-reader-text\"> &#8220;200g G\u1eebng T\u01b0\u01a1i&#8221;<\/span><\/a><\/p>\n","protected":false},"featured_media":3016,"template":"","meta":[],"pwb-brand":[],"product_cat":[381],"product_tag":[],"class_list":{"0":"post-2431","1":"product","2":"type-product","3":"status-publish","4":"has-post-thumbnail","6":"product_cat-cu-gia-vi","8":"first","9":"instock","10":"purchasable","11":"product-type-simple"},"acf":[],"brands":[],"_links":{"self":[{"href":"https:\/\/bynature.vn\/vi\/wp-json\/wp\/v2\/product\/2431","targetHints":{"allow":["GET"]}}],"collection":[{"href":"https:\/\/bynature.vn\/vi\/wp-json\/wp\/v2\/product"}],"about":[{"href":"https:\/\/bynature.vn\/vi\/wp-json\/wp\/v2\/types\/product"}],"wp:featuredmedia":[{"embeddable":true,"href":"https:\/\/bynature.vn\/vi\/wp-json\/wp\/v2\/media\/3016"}],"wp:attachment":[{"href":"https:\/\/bynature.vn\/vi\/wp-json\/wp\/v2\/media?parent=2431"}],"wp:term":[{"taxonomy":"pwb-brand","embeddable":true,"href":"https:\/\/bynature.vn\/vi\/wp-json\/wp\/v2\/pwb-brand?post=2431"},{"taxonomy":"product_cat","embeddable":true,"href":"https:\/\/bynature.vn\/vi\/wp-json\/wp\/v2\/product_cat?post=2431"},{"taxonomy":"product_tag","embeddable":true,"href":"https:\/\/bynature.vn\/vi\/wp-json\/wp\/v2\/product_tag?post=2431"}],"curies":[{"name":"wp","href":"https:\/\/api.w.org\/{rel}","templated":true}]}}