{"id":2429,"date":"2023-11-14T12:47:04","date_gmt":"2023-11-14T05:47:04","guid":{"rendered":"https:\/\/bynature.vn\/product\/200g-hanh-la\/"},"modified":"2026-02-09T19:54:24","modified_gmt":"2026-02-09T12:54:24","slug":"200g-hanh-la","status":"publish","type":"product","link":"https:\/\/bynature.vn\/vi\/product\/200g-hanh-la\/","title":{"rendered":"200g H\u00e0nh L\u00e1"},"content":{"rendered":"<h6 style=\"text-align: justify;\">H\u00e0nh l\u00e1 ho\u00e0n to\u00e0n t\u1ef1 nhi\u00ean<\/h6>\n<ul>\n<li style=\"text-align: justify;\">H\u00e0nh l\u00e1 ho\u00e0n to\u00e0n t\u1ef1 nhi\u00ean c\u1ee7a ch\u00fang t\u00f4i c\u00f3 v\u1ecb ng\u1ecdt, m\u1ec1m, gi\u00f2n v\u00e0 m\u1ec1m v\u1edbi v\u1ecb cay nh\u1eb9. Trong khi \u0111\u00f3, th\u00e2n d\u00e0i m\u00e0u xanh c\u00f3 v\u1ecb \u0111\u1eafng h\u01a1n m\u1ed9t ch\u00fat v\u00e0 c\u00f3 v\u1ecb th\u1ea3o m\u1ed9c h\u01a1n. <\/li>\n<li style=\"text-align: justify;\">T\u00ecm hi\u1ec3u th\u00eam: <span style=\"text-decoration: underline; color: #008000;\"><a style=\"color: #008000; text-decoration: underline;\" href=\"https:\/\/bynature.vn\/the-amazing-benefits-of-herbs\/\">The amazing benefits of herbs<\/a><\/span><\/li>\n<\/ul>\n","protected":false},"excerpt":{"rendered":"<p>H\u00e0nh l\u00e1 ho\u00e0n to\u00e0n t\u1ef1 nhi\u00ean H\u00e0nh l\u00e1 ho\u00e0n to\u00e0n t\u1ef1 nhi\u00ean c\u1ee7a ch\u00fang t\u00f4i c\u00f3 v\u1ecb ng\u1ecdt, m\u1ec1m, gi\u00f2n v\u00e0 m\u1ec1m v\u1edbi v\u1ecb cay nh\u1eb9. Trong khi \u0111\u00f3, th\u00e2n d\u00e0i m\u00e0u xanh c\u00f3 v\u1ecb \u0111\u1eafng h\u01a1n m\u1ed9t ch\u00fat v\u00e0 c\u00f3 v\u1ecb th\u1ea3o m\u1ed9c h\u01a1n. T\u00ecm hi\u1ec3u th\u00eam: The amazing benefits of herbs<\/p>\n","protected":false},"featured_media":3012,"template":"","meta":[],"pwb-brand":[],"product_cat":[372],"product_tag":[],"class_list":{"0":"post-2429","1":"product","2":"type-product","3":"status-publish","4":"has-post-thumbnail","6":"product_cat-rau-thom","8":"first","9":"instock","10":"purchasable","11":"product-type-simple"},"acf":[],"brands":[],"_links":{"self":[{"href":"https:\/\/bynature.vn\/vi\/wp-json\/wp\/v2\/product\/2429","targetHints":{"allow":["GET"]}}],"collection":[{"href":"https:\/\/bynature.vn\/vi\/wp-json\/wp\/v2\/product"}],"about":[{"href":"https:\/\/bynature.vn\/vi\/wp-json\/wp\/v2\/types\/product"}],"wp:featuredmedia":[{"embeddable":true,"href":"https:\/\/bynature.vn\/vi\/wp-json\/wp\/v2\/media\/3012"}],"wp:attachment":[{"href":"https:\/\/bynature.vn\/vi\/wp-json\/wp\/v2\/media?parent=2429"}],"wp:term":[{"taxonomy":"pwb-brand","embeddable":true,"href":"https:\/\/bynature.vn\/vi\/wp-json\/wp\/v2\/pwb-brand?post=2429"},{"taxonomy":"product_cat","embeddable":true,"href":"https:\/\/bynature.vn\/vi\/wp-json\/wp\/v2\/product_cat?post=2429"},{"taxonomy":"product_tag","embeddable":true,"href":"https:\/\/bynature.vn\/vi\/wp-json\/wp\/v2\/product_tag?post=2429"}],"curies":[{"name":"wp","href":"https:\/\/api.w.org\/{rel}","templated":true}]}}