{"id":2428,"date":"2023-11-14T12:47:04","date_gmt":"2023-11-14T05:47:04","guid":{"rendered":"https:\/\/bynature.vn\/product\/500g-su-hao\/"},"modified":"2026-02-09T20:04:46","modified_gmt":"2026-02-09T13:04:46","slug":"500g-cu-su-hao","status":"publish","type":"product","link":"https:\/\/bynature.vn\/vi\/product\/500g-cu-su-hao\/","title":{"rendered":"500g Su H\u00e0o"},"content":{"rendered":"<h6>Su h\u00e0o ho\u00e0n to\u00e0n t\u1ef1 nhi\u00ean<\/h6>\n<ul>\n<li style=\"text-align: justify;\">C\u1ea3 c\u1ee7 v\u00e0 th\u00e2n l\u00e1 \u0111\u1ec1u \u0103n \u0111\u01b0\u1ee3c Khi n\u1ea5u ch\u00edn, l\u00e1 h\u01a1i \u0111\u1eafng s\u1ebd chuy\u1ec3n sang v\u1ecb ng\u1ecdt d\u1ecbu nh\u1eb9 t\u01b0\u01a1ng t\u1ef1 nh\u01b0 rau ch\u00e2n v\u1ecbt\n<p>Lo\u1ea1i c\u1ee7 n\u00e0y c\u00f3 nhi\u1ec1u vitamin C m\u1ed7i mi\u1ebfng h\u01a1n m\u1ed9t qu\u1ea3 cam!<\/li>\n<li>T\u00ecm hi\u1ec3u th\u00eam: <a style=\"color: #008000; text-decoration: underline;\" href=\"https:\/\/bynature.vn\/all-natural-for-a-better-you\/\"><span style=\"color: #008000; text-decoration: underline;\"><span style=\"text-decoration: underline;\">All-natural for a better you!<\/span><\/span><\/a><\/li>\n<\/ul>\n","protected":false},"excerpt":{"rendered":"<p>Su h\u00e0o ho\u00e0n to\u00e0n t\u1ef1 nhi\u00ean C\u1ea3 c\u1ee7 v\u00e0 th\u00e2n l\u00e1 \u0111\u1ec1u \u0103n \u0111\u01b0\u1ee3c Khi n\u1ea5u ch\u00edn, l\u00e1 h\u01a1i \u0111\u1eafng s\u1ebd chuy\u1ec3n sang v\u1ecb ng\u1ecdt d\u1ecbu nh\u1eb9 t\u01b0\u01a1ng t\u1ef1 nh\u01b0 rau ch\u00e2n v\u1ecbt Lo\u1ea1i c\u1ee7 n\u00e0y c\u00f3 nhi\u1ec1u vitamin C m\u1ed7i mi\u1ebfng h\u01a1n m\u1ed9t qu\u1ea3 cam! T\u00ecm hi\u1ec3u th\u00eam: All-natural for a better you!<\/p>\n","protected":false},"featured_media":3010,"template":"","meta":[],"pwb-brand":[],"product_cat":[382],"product_tag":[],"class_list":{"0":"post-2428","1":"product","2":"type-product","3":"status-publish","4":"has-post-thumbnail","6":"product_cat-cac-loai-rau-cu-khac","8":"first","9":"instock","10":"purchasable","11":"product-type-simple"},"acf":[],"brands":[],"_links":{"self":[{"href":"https:\/\/bynature.vn\/vi\/wp-json\/wp\/v2\/product\/2428","targetHints":{"allow":["GET"]}}],"collection":[{"href":"https:\/\/bynature.vn\/vi\/wp-json\/wp\/v2\/product"}],"about":[{"href":"https:\/\/bynature.vn\/vi\/wp-json\/wp\/v2\/types\/product"}],"wp:featuredmedia":[{"embeddable":true,"href":"https:\/\/bynature.vn\/vi\/wp-json\/wp\/v2\/media\/3010"}],"wp:attachment":[{"href":"https:\/\/bynature.vn\/vi\/wp-json\/wp\/v2\/media?parent=2428"}],"wp:term":[{"taxonomy":"pwb-brand","embeddable":true,"href":"https:\/\/bynature.vn\/vi\/wp-json\/wp\/v2\/pwb-brand?post=2428"},{"taxonomy":"product_cat","embeddable":true,"href":"https:\/\/bynature.vn\/vi\/wp-json\/wp\/v2\/product_cat?post=2428"},{"taxonomy":"product_tag","embeddable":true,"href":"https:\/\/bynature.vn\/vi\/wp-json\/wp\/v2\/product_tag?post=2428"}],"curies":[{"name":"wp","href":"https:\/\/api.w.org\/{rel}","templated":true}]}}