{"id":2427,"date":"2023-11-14T12:47:04","date_gmt":"2023-11-14T05:47:04","guid":{"rendered":"https:\/\/bynature.vn\/product\/500g-dua-leo-nhat\/"},"modified":"2024-03-26T15:53:56","modified_gmt":"2024-03-26T08:53:56","slug":"500g-dua-leo-nhat","status":"publish","type":"product","link":"https:\/\/bynature.vn\/vi\/product\/500g-dua-leo-nhat\/","title":{"rendered":"500g D\u01b0a Leo Nh\u1eadt"},"content":{"rendered":"<h6 style=\"text-align: justify;\">D\u01b0a leo Nh\u1eadt<\/h6>\n<ul style=\"text-align: justify;\">\n<li>Tr\u00e1i d\u01b0a leo Nh\u1eadt d\u00e0i v\u00e0 thanh m\u1ea3nh, v\u1ecf c\u00f3 m\u00e0u xanh \u0111\u1eadm. H\u01b0\u01a1ng v\u1ecb nh\u1eb9 nh\u00e0ng, thanh m\u00e1t.<\/li>\n<li>V\u1ecf d\u01b0a leo r\u1ea5t gi\u00e0u dinh d\u01b0\u1ee1ng. B\u1ea1n c\u00f3 th\u1ec3 y\u00ean t\u00e2m \u0103n c\u1ea3 v\u1ecf v\u00ec d\u01b0a leo ByNature s\u1ea1ch v\u00e0 an to\u00e0n.<\/li>\n<li>D\u01b0a leo Nh\u1eadt ByNature \u0111\u01b0\u1ee3c tr\u1ed3ng theo h\u01b0\u1edbng thu\u1eadn t\u1ef1 nhi\u00ean, kh\u00f4ng thu\u1ed1c tr\u1eeb s\u00e2u v\u00e0 h\u00f3a ch\u1ea5t n\u00f4ng nghi\u1ec7p. S\u1ea1ch v\u00e0 an to\u00e0n cho s\u1ee9c kh\u1ecfe, t\u01b0\u01a1i ngon t\u1eeb v\u01b0\u1eddn.<\/li>\n<\/ul>\n<p style=\"text-align: justify;\">\u0110\u1ecdc th\u00eam: <span style=\"text-decoration: underline; color: #008000;\"><a style=\"color: #008000; text-decoration: underline;\" href=\"https:\/\/bynature.vn\/vi\/nong-nghiep-luoi\/\">N\u00f4ng nghi\u1ec7p l\u01b0\u1eddi?<\/a><\/span><\/p>\n","protected":false},"excerpt":{"rendered":"<p>D\u01b0a leo Nh\u1eadt Tr\u00e1i d\u01b0a leo Nh\u1eadt d\u00e0i v\u00e0 thanh m\u1ea3nh, v\u1ecf c\u00f3 m\u00e0u xanh \u0111\u1eadm. H\u01b0\u01a1ng v\u1ecb nh\u1eb9 nh\u00e0ng, thanh m\u00e1t. V\u1ecf d\u01b0a leo r\u1ea5t gi\u00e0u dinh d\u01b0\u1ee1ng. B\u1ea1n c\u00f3 th\u1ec3 y\u00ean t\u00e2m \u0103n c\u1ea3 v\u1ecf v\u00ec d\u01b0a leo ByNature s\u1ea1ch v\u00e0 an to\u00e0n. D\u01b0a leo Nh\u1eadt ByNature \u0111\u01b0\u1ee3c tr\u1ed3ng theo h\u01b0\u1edbng thu\u1eadn t\u1ef1 &hellip; <\/p>\n<p class=\"link-more\"><a href=\"https:\/\/bynature.vn\/vi\/product\/500g-dua-leo-nhat\/\" class=\"more-link\">Continue reading<span class=\"screen-reader-text\"> &#8220;500g D\u01b0a Leo Nh\u1eadt&#8221;<\/span><\/a><\/p>\n","protected":false},"featured_media":3008,"template":"","meta":[],"pwb-brand":[],"product_cat":[389],"product_tag":[],"class_list":{"0":"post-2427","1":"product","2":"type-product","3":"status-publish","4":"has-post-thumbnail","6":"product_cat-dua-leo-dua-chuot","8":"first","9":"instock","10":"purchasable","11":"product-type-simple"},"acf":[],"brands":[],"_links":{"self":[{"href":"https:\/\/bynature.vn\/vi\/wp-json\/wp\/v2\/product\/2427","targetHints":{"allow":["GET"]}}],"collection":[{"href":"https:\/\/bynature.vn\/vi\/wp-json\/wp\/v2\/product"}],"about":[{"href":"https:\/\/bynature.vn\/vi\/wp-json\/wp\/v2\/types\/product"}],"wp:featuredmedia":[{"embeddable":true,"href":"https:\/\/bynature.vn\/vi\/wp-json\/wp\/v2\/media\/3008"}],"wp:attachment":[{"href":"https:\/\/bynature.vn\/vi\/wp-json\/wp\/v2\/media?parent=2427"}],"wp:term":[{"taxonomy":"pwb-brand","embeddable":true,"href":"https:\/\/bynature.vn\/vi\/wp-json\/wp\/v2\/pwb-brand?post=2427"},{"taxonomy":"product_cat","embeddable":true,"href":"https:\/\/bynature.vn\/vi\/wp-json\/wp\/v2\/product_cat?post=2427"},{"taxonomy":"product_tag","embeddable":true,"href":"https:\/\/bynature.vn\/vi\/wp-json\/wp\/v2\/product_tag?post=2427"}],"curies":[{"name":"wp","href":"https:\/\/api.w.org\/{rel}","templated":true}]}}