{"id":2426,"date":"2023-11-14T12:46:59","date_gmt":"2023-11-14T05:46:59","guid":{"rendered":"https:\/\/bynature.vn\/product\/500g-dua-leo-mini\/"},"modified":"2026-02-09T20:25:37","modified_gmt":"2026-02-09T13:25:37","slug":"500g-dua-leo-mini","status":"publish","type":"product","link":"https:\/\/bynature.vn\/vi\/product\/500g-dua-leo-mini\/","title":{"rendered":"500g D\u01b0a Chu\u1ed9t Cocktail"},"content":{"rendered":"<h6 style=\"text-align: justify;\">D\u01b0a chu\u1ed9t cocktail ho\u00e0n to\u00e0n t\u1ef1 nhi\u00ean<\/h6>\n<ul>\n<li style=\"text-align: justify;\">Tuy\u1ec7t v\u1eddi cho m\u00f3n \u0103n nh\u1eb9 &#8211; d\u01b0a chu\u1ed9t gi\u00f2n ho\u00e0n to\u00e0n t\u1ef1 nhi\u00ean v\u1edbi v\u1ecb ng\u1ecdt s\u1ea3ng kho\u00e1i.<\/li>\n<li style=\"text-align: justify;\">T\u01b0\u01a1i t\u1eeb trang tr\u1ea1i \u0111\u01b0\u1ee3c tr\u1ed3ng b\u1eb1ng ph\u01b0\u01a1ng ph\u00e1p canh t\u00e1c h\u1eefu c\u01a1.<\/li>\n<li>\n<p style=\"text-align: justify;\">\u0110\u1ecdc th\u00eam: <span style=\"text-decoration: underline;\"><span style=\"color: #008000;\"><a style=\"color: #008000; text-decoration: underline;\" href=\"https:\/\/bynature.vn\/seasonal-eating-a-better-way-to-live\/\">Seasonal eating, a better way to live<\/a><\/span><\/span><\/p>\n<\/li>\n<\/ul>\n","protected":false},"excerpt":{"rendered":"<p>D\u01b0a chu\u1ed9t cocktail ho\u00e0n to\u00e0n t\u1ef1 nhi\u00ean Tuy\u1ec7t v\u1eddi cho m\u00f3n \u0103n nh\u1eb9 &#8211; d\u01b0a chu\u1ed9t gi\u00f2n ho\u00e0n to\u00e0n t\u1ef1 nhi\u00ean v\u1edbi v\u1ecb ng\u1ecdt s\u1ea3ng kho\u00e1i. T\u01b0\u01a1i t\u1eeb trang tr\u1ea1i \u0111\u01b0\u1ee3c tr\u1ed3ng b\u1eb1ng ph\u01b0\u01a1ng ph\u00e1p canh t\u00e1c h\u1eefu c\u01a1. \u0110\u1ecdc th\u00eam: Seasonal eating, a better way to live<\/p>\n","protected":false},"featured_media":3006,"template":"","meta":[],"pwb-brand":[],"product_cat":[389],"product_tag":[],"class_list":{"0":"post-2426","1":"product","2":"type-product","3":"status-publish","4":"has-post-thumbnail","6":"product_cat-dua-leo-dua-chuot","8":"first","9":"instock","10":"purchasable","11":"product-type-simple"},"acf":[],"brands":[],"_links":{"self":[{"href":"https:\/\/bynature.vn\/vi\/wp-json\/wp\/v2\/product\/2426","targetHints":{"allow":["GET"]}}],"collection":[{"href":"https:\/\/bynature.vn\/vi\/wp-json\/wp\/v2\/product"}],"about":[{"href":"https:\/\/bynature.vn\/vi\/wp-json\/wp\/v2\/types\/product"}],"wp:featuredmedia":[{"embeddable":true,"href":"https:\/\/bynature.vn\/vi\/wp-json\/wp\/v2\/media\/3006"}],"wp:attachment":[{"href":"https:\/\/bynature.vn\/vi\/wp-json\/wp\/v2\/media?parent=2426"}],"wp:term":[{"taxonomy":"pwb-brand","embeddable":true,"href":"https:\/\/bynature.vn\/vi\/wp-json\/wp\/v2\/pwb-brand?post=2426"},{"taxonomy":"product_cat","embeddable":true,"href":"https:\/\/bynature.vn\/vi\/wp-json\/wp\/v2\/product_cat?post=2426"},{"taxonomy":"product_tag","embeddable":true,"href":"https:\/\/bynature.vn\/vi\/wp-json\/wp\/v2\/product_tag?post=2426"}],"curies":[{"name":"wp","href":"https:\/\/api.w.org\/{rel}","templated":true}]}}