{"id":2425,"date":"2023-11-14T12:46:59","date_gmt":"2023-11-14T05:46:59","guid":{"rendered":"https:\/\/bynature.vn\/product\/500g-ca-chua-bi\/"},"modified":"2026-02-09T20:29:31","modified_gmt":"2026-02-09T13:29:31","slug":"500g-ca-chua-bi","status":"publish","type":"product","link":"https:\/\/bynature.vn\/vi\/product\/500g-ca-chua-bi\/","title":{"rendered":"500g C\u00e0 Chua Bi"},"content":{"rendered":"<h6>C\u00e0 chua bi ho\u00e0n to\u00e0n t\u1ef1 nhi\u00ean<\/h6>\n<ul>\n<li>C\u00e0 chua bi c\u1ee7a ch\u00fang t\u00f4i c\u00f3 h\u01b0\u01a1ng v\u1ecb ng\u1ecdt ng\u00e0o \u0111\u1eadm \u0111\u00e0 v\u1edbi ph\u1ea7n nh\u00e2n m\u1ecdng n\u01b0\u1edbc \u0111\u1ebfn kh\u00f3 tin.<\/li>\n<li>T\u00ecm hi\u1ec3u th\u00eam: <a style=\"color: #008000; text-decoration: underline;\" href=\"https:\/\/bynature.vn\/all-natural-for-a-better-you\/\"><span style=\"color: #008000; text-decoration: underline;\"><span style=\"text-decoration: underline;\">All-natural for a better you!<\/span><\/span><\/a><\/li>\n<\/ul>\n","protected":false},"excerpt":{"rendered":"<p>C\u00e0 chua bi ho\u00e0n to\u00e0n t\u1ef1 nhi\u00ean C\u00e0 chua bi c\u1ee7a ch\u00fang t\u00f4i c\u00f3 h\u01b0\u01a1ng v\u1ecb ng\u1ecdt ng\u00e0o \u0111\u1eadm \u0111\u00e0 v\u1edbi ph\u1ea7n nh\u00e2n m\u1ecdng n\u01b0\u1edbc \u0111\u1ebfn kh\u00f3 tin. T\u00ecm hi\u1ec3u th\u00eam: All-natural for a better you!<\/p>\n","protected":false},"featured_media":3004,"template":"","meta":[],"pwb-brand":[],"product_cat":[383],"product_tag":[],"class_list":{"0":"post-2425","1":"product","2":"type-product","3":"status-publish","4":"has-post-thumbnail","6":"product_cat-ca-chua","8":"first","9":"instock","10":"purchasable","11":"product-type-simple"},"acf":[],"brands":[],"_links":{"self":[{"href":"https:\/\/bynature.vn\/vi\/wp-json\/wp\/v2\/product\/2425","targetHints":{"allow":["GET"]}}],"collection":[{"href":"https:\/\/bynature.vn\/vi\/wp-json\/wp\/v2\/product"}],"about":[{"href":"https:\/\/bynature.vn\/vi\/wp-json\/wp\/v2\/types\/product"}],"wp:featuredmedia":[{"embeddable":true,"href":"https:\/\/bynature.vn\/vi\/wp-json\/wp\/v2\/media\/3004"}],"wp:attachment":[{"href":"https:\/\/bynature.vn\/vi\/wp-json\/wp\/v2\/media?parent=2425"}],"wp:term":[{"taxonomy":"pwb-brand","embeddable":true,"href":"https:\/\/bynature.vn\/vi\/wp-json\/wp\/v2\/pwb-brand?post=2425"},{"taxonomy":"product_cat","embeddable":true,"href":"https:\/\/bynature.vn\/vi\/wp-json\/wp\/v2\/product_cat?post=2425"},{"taxonomy":"product_tag","embeddable":true,"href":"https:\/\/bynature.vn\/vi\/wp-json\/wp\/v2\/product_tag?post=2425"}],"curies":[{"name":"wp","href":"https:\/\/api.w.org\/{rel}","templated":true}]}}