{"id":2423,"date":"2023-11-14T12:46:59","date_gmt":"2023-11-14T05:46:59","guid":{"rendered":"https:\/\/bynature.vn\/product\/500g-ca-chua-nho\/"},"modified":"2026-02-09T20:32:52","modified_gmt":"2026-02-09T13:32:52","slug":"500g-ca-chua-nho","status":"publish","type":"product","link":"https:\/\/bynature.vn\/vi\/product\/500g-ca-chua-nho\/","title":{"rendered":"500g C\u00e0 Chua Nho"},"content":{"rendered":"<h6 style=\"text-align: justify;\">C\u00e0 Chua Nho Ho\u00e0n To\u00e0n T\u1ef1 Nhi\u00ean<\/h6>\n<ul>\n<li style=\"text-align: justify;\">C\u00e0 chua nho c\u00f3 v\u1ecf d\u00e0y h\u01a1n, th\u1ecbt nhi\u1ec1u h\u01a1n v\u00e0 \u00edt ng\u1ecdt h\u01a1n c\u00e0 chua bi. C\u00e0 chua nho c\u00f3 nhi\u1ec1u ch\u1ea5t x\u01a1 v\u00e0 ch\u1ee9a lycopene (ch\u1ea5t ch\u1ed1ng oxy h\u00f3a) c\u0169ng nh\u01b0 vitamin A v\u00e0 C. <\/li>\n<li>\n<p style=\"text-align: justify;\">T\u00ecm hi\u1ec3u th\u00eam: <a style=\"color: #008000; text-decoration: underline;\" href=\"https:\/\/bynature.vn\/all-natural-for-a-better-you\/\"><span style=\"color: #008000; text-decoration: underline;\"><span style=\"text-decoration: underline;\">All-natural for a better you!<\/span><\/span><\/a><\/p>\n<\/li>\n<\/ul>\n","protected":false},"excerpt":{"rendered":"<p>C\u00e0 Chua Nho Ho\u00e0n To\u00e0n T\u1ef1 Nhi\u00ean C\u00e0 chua nho c\u00f3 v\u1ecf d\u00e0y h\u01a1n, th\u1ecbt nhi\u1ec1u h\u01a1n v\u00e0 \u00edt ng\u1ecdt h\u01a1n c\u00e0 chua bi. C\u00e0 chua nho c\u00f3 nhi\u1ec1u ch\u1ea5t x\u01a1 v\u00e0 ch\u1ee9a lycopene (ch\u1ea5t ch\u1ed1ng oxy h\u00f3a) c\u0169ng nh\u01b0 vitamin A v\u00e0 C. T\u00ecm hi\u1ec3u th\u00eam: All-natural for a better you!<\/p>\n","protected":false},"featured_media":3000,"template":"","meta":[],"pwb-brand":[],"product_cat":[383,241],"product_tag":[],"class_list":{"0":"post-2423","1":"product","2":"type-product","3":"status-publish","4":"has-post-thumbnail","6":"product_cat-ca-chua","7":"product_cat-rau-cu-qua","9":"first","10":"instock","11":"purchasable","12":"product-type-simple"},"acf":[],"brands":[],"_links":{"self":[{"href":"https:\/\/bynature.vn\/vi\/wp-json\/wp\/v2\/product\/2423","targetHints":{"allow":["GET"]}}],"collection":[{"href":"https:\/\/bynature.vn\/vi\/wp-json\/wp\/v2\/product"}],"about":[{"href":"https:\/\/bynature.vn\/vi\/wp-json\/wp\/v2\/types\/product"}],"wp:featuredmedia":[{"embeddable":true,"href":"https:\/\/bynature.vn\/vi\/wp-json\/wp\/v2\/media\/3000"}],"wp:attachment":[{"href":"https:\/\/bynature.vn\/vi\/wp-json\/wp\/v2\/media?parent=2423"}],"wp:term":[{"taxonomy":"pwb-brand","embeddable":true,"href":"https:\/\/bynature.vn\/vi\/wp-json\/wp\/v2\/pwb-brand?post=2423"},{"taxonomy":"product_cat","embeddable":true,"href":"https:\/\/bynature.vn\/vi\/wp-json\/wp\/v2\/product_cat?post=2423"},{"taxonomy":"product_tag","embeddable":true,"href":"https:\/\/bynature.vn\/vi\/wp-json\/wp\/v2\/product_tag?post=2423"}],"curies":[{"name":"wp","href":"https:\/\/api.w.org\/{rel}","templated":true}]}}