{"id":2422,"date":"2023-11-14T12:46:59","date_gmt":"2023-11-14T05:46:59","guid":{"rendered":"https:\/\/bynature.vn\/product\/500g-ca-chua-chau-au\/"},"modified":"2024-03-26T11:10:24","modified_gmt":"2024-03-26T04:10:24","slug":"500g-ca-chua-chau-au","status":"publish","type":"product","link":"https:\/\/bynature.vn\/vi\/product\/500g-ca-chua-chau-au\/","title":{"rendered":"500g C\u00e0 Chua Ch\u00e2u \u00c2u"},"content":{"rendered":"<h6 style=\"text-align: justify;\">C\u00e0 chua ch\u00e2u \u00c2u<\/h6>\n<ul>\n<li style=\"text-align: justify;\">\u0110\u01b0\u1ee3c tr\u1ed3ng t\u1ea1i \u0110\u00e0 L\u1ea1t b\u1eb1ng h\u1ea1t gi\u1ed1ng t\u1eeb ch\u00e2u \u00c2u.<\/li>\n<li style=\"text-align: justify;\">C\u00e0 chua ByNature \u0111\u01b0\u1ee3c tr\u1ed3ng theo h\u01b0\u1edbng thu\u1eadn t\u1ef1 nhi\u00ean, kh\u00f4ng thu\u1ed1c tr\u1eeb s\u00e2u v\u00e0 h\u00f3a ch\u1ea5t n\u00f4ng nghi\u1ec7p. S\u1ea1ch v\u00e0 an to\u00e0n cho s\u1ee9c kh\u1ecfe, t\u01b0\u01a1i ngon t\u1eeb v\u01b0\u1eddn.<\/li>\n<\/ul>\n<p style=\"text-align: justify;\">\u0110\u1ecdc th\u00eam: <span style=\"text-decoration: underline;\"><span style=\"color: #008000;\"><a style=\"color: #008000; text-decoration: underline;\" href=\"https:\/\/bynature.vn\/vi\/an-uong-theo-mua-mot-loi-song-tot-hon\/\">\u0102n u\u1ed1ng theo m\u00f9a, m\u1ed9t l\u1ed1i s\u1ed1ng t\u1ed1t h\u01a1n!<\/a><\/span><\/span><\/p>\n","protected":false},"excerpt":{"rendered":"<p>C\u00e0 chua ch\u00e2u \u00c2u \u0110\u01b0\u1ee3c tr\u1ed3ng t\u1ea1i \u0110\u00e0 L\u1ea1t b\u1eb1ng h\u1ea1t gi\u1ed1ng t\u1eeb ch\u00e2u \u00c2u. C\u00e0 chua ByNature \u0111\u01b0\u1ee3c tr\u1ed3ng theo h\u01b0\u1edbng thu\u1eadn t\u1ef1 nhi\u00ean, kh\u00f4ng thu\u1ed1c tr\u1eeb s\u00e2u v\u00e0 h\u00f3a ch\u1ea5t n\u00f4ng nghi\u1ec7p. S\u1ea1ch v\u00e0 an to\u00e0n cho s\u1ee9c kh\u1ecfe, t\u01b0\u01a1i ngon t\u1eeb v\u01b0\u1eddn. \u0110\u1ecdc th\u00eam: \u0102n u\u1ed1ng theo m\u00f9a, m\u1ed9t l\u1ed1i s\u1ed1ng t\u1ed1t &hellip; <\/p>\n<p class=\"link-more\"><a href=\"https:\/\/bynature.vn\/vi\/product\/500g-ca-chua-chau-au\/\" class=\"more-link\">Continue reading<span class=\"screen-reader-text\"> &#8220;500g C\u00e0 Chua Ch\u00e2u \u00c2u&#8221;<\/span><\/a><\/p>\n","protected":false},"featured_media":2998,"template":"","meta":[],"pwb-brand":[],"product_cat":[383],"product_tag":[],"class_list":{"0":"post-2422","1":"product","2":"type-product","3":"status-publish","4":"has-post-thumbnail","6":"product_cat-ca-chua","8":"first","9":"instock","10":"purchasable","11":"product-type-simple"},"acf":[],"brands":[],"_links":{"self":[{"href":"https:\/\/bynature.vn\/vi\/wp-json\/wp\/v2\/product\/2422","targetHints":{"allow":["GET"]}}],"collection":[{"href":"https:\/\/bynature.vn\/vi\/wp-json\/wp\/v2\/product"}],"about":[{"href":"https:\/\/bynature.vn\/vi\/wp-json\/wp\/v2\/types\/product"}],"wp:featuredmedia":[{"embeddable":true,"href":"https:\/\/bynature.vn\/vi\/wp-json\/wp\/v2\/media\/2998"}],"wp:attachment":[{"href":"https:\/\/bynature.vn\/vi\/wp-json\/wp\/v2\/media?parent=2422"}],"wp:term":[{"taxonomy":"pwb-brand","embeddable":true,"href":"https:\/\/bynature.vn\/vi\/wp-json\/wp\/v2\/pwb-brand?post=2422"},{"taxonomy":"product_cat","embeddable":true,"href":"https:\/\/bynature.vn\/vi\/wp-json\/wp\/v2\/product_cat?post=2422"},{"taxonomy":"product_tag","embeddable":true,"href":"https:\/\/bynature.vn\/vi\/wp-json\/wp\/v2\/product_tag?post=2422"}],"curies":[{"name":"wp","href":"https:\/\/api.w.org\/{rel}","templated":true}]}}