{"id":2421,"date":"2023-11-14T12:46:59","date_gmt":"2023-11-14T05:46:59","guid":{"rendered":"https:\/\/bynature.vn\/product\/500g-ca-chua-roseberry\/"},"modified":"2026-02-09T20:41:08","modified_gmt":"2026-02-09T13:41:08","slug":"500g-ca-chua-roseberry","status":"publish","type":"product","link":"https:\/\/bynature.vn\/vi\/product\/500g-ca-chua-roseberry\/","title":{"rendered":"500g C\u00e0 Chua Bi Ch\u00f9m"},"content":{"rendered":"<h6>C\u00e0 Chua Bi Ch\u00f9m Ho\u00e0n To\u00e0n T\u1ef1 Nhi\u00ean<\/h6>\n<ul>\n<li>C\u00e0 chua bi ng\u1ecdt v\u00e0 th\u01a1m ho\u00e0n to\u00e0n t\u1ef1 nhi\u00ean tr\u00ean c\u00e2y, d\u00f9ng s\u1ed1ng tuy\u1ec7t v\u1eddi trong m\u00f3n salad ho\u1eb7c n\u01b0\u1edbng trong l\u00f2.<\/li>\n<li>T\u00ecm hi\u1ec3u th\u00eam: <a style=\"color: #008000; text-decoration: underline;\" href=\"https:\/\/bynature.vn\/all-natural-for-a-better-you\/\"><span style=\"color: #008000; text-decoration: underline;\"><span style=\"text-decoration: underline;\">All-natural for a better you!<\/span><\/span><\/a><\/li>\n<\/ul>\n","protected":false},"excerpt":{"rendered":"<p>C\u00e0 Chua Bi Ch\u00f9m Ho\u00e0n To\u00e0n T\u1ef1 Nhi\u00ean C\u00e0 chua bi ng\u1ecdt v\u00e0 th\u01a1m ho\u00e0n to\u00e0n t\u1ef1 nhi\u00ean tr\u00ean c\u00e2y, d\u00f9ng s\u1ed1ng tuy\u1ec7t v\u1eddi trong m\u00f3n salad ho\u1eb7c n\u01b0\u1edbng trong l\u00f2. T\u00ecm hi\u1ec3u th\u00eam: All-natural for a better you!<\/p>\n","protected":false},"featured_media":2996,"template":"","meta":[],"pwb-brand":[],"product_cat":[383],"product_tag":[],"class_list":{"0":"post-2421","1":"product","2":"type-product","3":"status-publish","4":"has-post-thumbnail","6":"product_cat-ca-chua","8":"first","9":"out_of_season","10":"product-type-simple"},"acf":[],"brands":[],"_links":{"self":[{"href":"https:\/\/bynature.vn\/vi\/wp-json\/wp\/v2\/product\/2421","targetHints":{"allow":["GET"]}}],"collection":[{"href":"https:\/\/bynature.vn\/vi\/wp-json\/wp\/v2\/product"}],"about":[{"href":"https:\/\/bynature.vn\/vi\/wp-json\/wp\/v2\/types\/product"}],"wp:featuredmedia":[{"embeddable":true,"href":"https:\/\/bynature.vn\/vi\/wp-json\/wp\/v2\/media\/2996"}],"wp:attachment":[{"href":"https:\/\/bynature.vn\/vi\/wp-json\/wp\/v2\/media?parent=2421"}],"wp:term":[{"taxonomy":"pwb-brand","embeddable":true,"href":"https:\/\/bynature.vn\/vi\/wp-json\/wp\/v2\/pwb-brand?post=2421"},{"taxonomy":"product_cat","embeddable":true,"href":"https:\/\/bynature.vn\/vi\/wp-json\/wp\/v2\/product_cat?post=2421"},{"taxonomy":"product_tag","embeddable":true,"href":"https:\/\/bynature.vn\/vi\/wp-json\/wp\/v2\/product_tag?post=2421"}],"curies":[{"name":"wp","href":"https:\/\/api.w.org\/{rel}","templated":true}]}}