{"id":2420,"date":"2023-11-14T12:46:59","date_gmt":"2023-11-14T05:46:59","guid":{"rendered":"https:\/\/bynature.vn\/product\/500g-ot-chuong-xanh\/"},"modified":"2026-02-09T20:46:32","modified_gmt":"2026-02-09T13:46:32","slug":"500g-ot-chuong-xanh","status":"publish","type":"product","link":"https:\/\/bynature.vn\/vi\/product\/500g-ot-chuong-xanh\/","title":{"rendered":"500g \u1edat Chu\u00f4ng Xanh"},"content":{"rendered":"<h6 style=\"text-align: justify;\">\u1edat chu\u00f4ng xanh ho\u00e0n to\u00e0n t\u1ef1 nhi\u00ean<\/h6>\n<ul>\n<li style=\"text-align: justify;\">\u0102n \u1edbt xanh gi\u00f2n an to\u00e0n v\u00e0 s\u1ea1ch s\u1ebd, \u0111\u01b0\u1ee3c giao t\u01b0\u01a1i t\u1eeb trang tr\u1ea1i \u0111\u1ed1i t\u00e1c c\u1ee7a ch\u00fang t\u00f4i \u1edf \u0110\u00e0 L\u1ea1t \u0111\u1ebfn t\u1eadn nh\u00e0 b\u1ea1n. H\u01b0\u01a1ng v\u1ecb c\u1ee7a ch\u00fang c\u00f3 xu h\u01b0\u1edbng \u0111\u1eafng h\u01a1n m\u1ed9t ch\u00fat so v\u1edbi c\u00e1c b\u1ed9 ph\u1eadn c\u00f3 m\u00e0u v\u00e0ng v\u00e0 \u0111\u1ecf.<\/li>\n<li>\n<p style=\"text-align: justify;\">\u0110\u1ecdc th\u00eam: <span style=\"text-decoration: underline;\"><span style=\"color: #008000;\"><a style=\"color: #008000; text-decoration: underline;\" href=\"https:\/\/bynature.vn\/seasonal-eating-a-better-way-to-live\/\">Seasonal eating, a better way to live<\/a><\/span><\/span><\/p>\n<\/li>\n<\/ul>\n","protected":false},"excerpt":{"rendered":"<p>\u1edat chu\u00f4ng xanh ho\u00e0n to\u00e0n t\u1ef1 nhi\u00ean \u0102n \u1edbt xanh gi\u00f2n an to\u00e0n v\u00e0 s\u1ea1ch s\u1ebd, \u0111\u01b0\u1ee3c giao t\u01b0\u01a1i t\u1eeb trang tr\u1ea1i \u0111\u1ed1i t\u00e1c c\u1ee7a ch\u00fang t\u00f4i \u1edf \u0110\u00e0 L\u1ea1t \u0111\u1ebfn t\u1eadn nh\u00e0 b\u1ea1n. H\u01b0\u01a1ng v\u1ecb c\u1ee7a ch\u00fang c\u00f3 xu h\u01b0\u1edbng \u0111\u1eafng h\u01a1n m\u1ed9t ch\u00fat so v\u1edbi c\u00e1c b\u1ed9 ph\u1eadn c\u00f3 m\u00e0u v\u00e0ng v\u00e0 \u0111\u1ecf. &hellip; <\/p>\n<p class=\"link-more\"><a href=\"https:\/\/bynature.vn\/vi\/product\/500g-ot-chuong-xanh\/\" class=\"more-link\">Continue reading<span class=\"screen-reader-text\"> &#8220;500g \u1edat Chu\u00f4ng Xanh&#8221;<\/span><\/a><\/p>\n","protected":false},"featured_media":2992,"template":"","meta":[],"pwb-brand":[],"product_cat":[384],"product_tag":[],"class_list":{"0":"post-2420","1":"product","2":"type-product","3":"status-publish","4":"has-post-thumbnail","6":"product_cat-ot","8":"first","9":"instock","10":"purchasable","11":"product-type-simple"},"acf":[],"brands":[],"_links":{"self":[{"href":"https:\/\/bynature.vn\/vi\/wp-json\/wp\/v2\/product\/2420","targetHints":{"allow":["GET"]}}],"collection":[{"href":"https:\/\/bynature.vn\/vi\/wp-json\/wp\/v2\/product"}],"about":[{"href":"https:\/\/bynature.vn\/vi\/wp-json\/wp\/v2\/types\/product"}],"wp:featuredmedia":[{"embeddable":true,"href":"https:\/\/bynature.vn\/vi\/wp-json\/wp\/v2\/media\/2992"}],"wp:attachment":[{"href":"https:\/\/bynature.vn\/vi\/wp-json\/wp\/v2\/media?parent=2420"}],"wp:term":[{"taxonomy":"pwb-brand","embeddable":true,"href":"https:\/\/bynature.vn\/vi\/wp-json\/wp\/v2\/pwb-brand?post=2420"},{"taxonomy":"product_cat","embeddable":true,"href":"https:\/\/bynature.vn\/vi\/wp-json\/wp\/v2\/product_cat?post=2420"},{"taxonomy":"product_tag","embeddable":true,"href":"https:\/\/bynature.vn\/vi\/wp-json\/wp\/v2\/product_tag?post=2420"}],"curies":[{"name":"wp","href":"https:\/\/api.w.org\/{rel}","templated":true}]}}