{"id":2417,"date":"2023-11-14T12:46:59","date_gmt":"2023-11-14T05:46:59","guid":{"rendered":"https:\/\/bynature.vn\/product\/500g-ca-tim\/"},"modified":"2026-02-09T20:54:44","modified_gmt":"2026-02-09T13:54:44","slug":"500g-ca-tim","status":"publish","type":"product","link":"https:\/\/bynature.vn\/vi\/product\/500g-ca-tim\/","title":{"rendered":"500g C\u00e0 t\u00edm"},"content":{"rendered":"<h6 style=\"text-align: justify;\">C\u00e0 t\u00edm ho\u00e0n to\u00e0n t\u1ef1 nhi\u00ean<\/h6>\n<ul>\n<li style=\"text-align: justify;\">C\u00e0 t\u00edm ho\u00e0n to\u00e0n ph\u00f9 h\u1ee3p trong b\u1eefa \u0103n c\u00e2n b\u1eb1ng t\u1ea1i nh\u00e0 c\u1ee7a b\u1ea1n.<\/li>\n<li style=\"text-align: justify;\">Ch\u00fang t\u00f4i mang c\u00e0 t\u00edm t\u01b0\u01a1i ngon t\u1eeb trang tr\u1ea1i \u0111\u1ebfn cho b\u1ea1n.<\/li>\n<li>\n<p style=\"text-align: justify;\">\u0110\u1ecdc th\u00eam: <span style=\"text-decoration: underline;\"><span style=\"color: #008000;\"><a style=\"color: #008000; text-decoration: underline;\" href=\"https:\/\/bynature.vn\/seasonal-eating-a-better-way-to-live\/\">Seasonal eating, a better way to live<\/a><\/span><\/span><\/p>\n<\/li>\n<\/ul>\n","protected":false},"excerpt":{"rendered":"<p>C\u00e0 t\u00edm ho\u00e0n to\u00e0n t\u1ef1 nhi\u00ean C\u00e0 t\u00edm ho\u00e0n to\u00e0n ph\u00f9 h\u1ee3p trong b\u1eefa \u0103n c\u00e2n b\u1eb1ng t\u1ea1i nh\u00e0 c\u1ee7a b\u1ea1n. Ch\u00fang t\u00f4i mang c\u00e0 t\u00edm t\u01b0\u01a1i ngon t\u1eeb trang tr\u1ea1i \u0111\u1ebfn cho b\u1ea1n. \u0110\u1ecdc th\u00eam: Seasonal eating, a better way to live<\/p>\n","protected":false},"featured_media":2986,"template":"","meta":[],"pwb-brand":[],"product_cat":[385],"product_tag":[],"class_list":{"0":"post-2417","1":"product","2":"type-product","3":"status-publish","4":"has-post-thumbnail","6":"product_cat-cac-loai-khac","8":"first","9":"instock","10":"purchasable","11":"product-type-simple"},"acf":[],"brands":[],"_links":{"self":[{"href":"https:\/\/bynature.vn\/vi\/wp-json\/wp\/v2\/product\/2417","targetHints":{"allow":["GET"]}}],"collection":[{"href":"https:\/\/bynature.vn\/vi\/wp-json\/wp\/v2\/product"}],"about":[{"href":"https:\/\/bynature.vn\/vi\/wp-json\/wp\/v2\/types\/product"}],"wp:featuredmedia":[{"embeddable":true,"href":"https:\/\/bynature.vn\/vi\/wp-json\/wp\/v2\/media\/2986"}],"wp:attachment":[{"href":"https:\/\/bynature.vn\/vi\/wp-json\/wp\/v2\/media?parent=2417"}],"wp:term":[{"taxonomy":"pwb-brand","embeddable":true,"href":"https:\/\/bynature.vn\/vi\/wp-json\/wp\/v2\/pwb-brand?post=2417"},{"taxonomy":"product_cat","embeddable":true,"href":"https:\/\/bynature.vn\/vi\/wp-json\/wp\/v2\/product_cat?post=2417"},{"taxonomy":"product_tag","embeddable":true,"href":"https:\/\/bynature.vn\/vi\/wp-json\/wp\/v2\/product_tag?post=2417"}],"curies":[{"name":"wp","href":"https:\/\/api.w.org\/{rel}","templated":true}]}}