{"id":2416,"date":"2023-11-14T12:46:59","date_gmt":"2023-11-14T05:46:59","guid":{"rendered":"https:\/\/bynature.vn\/product\/1-trai-bap-my\/"},"modified":"2026-02-09T20:58:33","modified_gmt":"2026-02-09T13:58:33","slug":"1-trai-bap-my","status":"publish","type":"product","link":"https:\/\/bynature.vn\/vi\/product\/1-trai-bap-my\/","title":{"rendered":"1 B\u1eafp V\u00e0ng"},"content":{"rendered":"<h6 style=\"text-align: justify;\">B\u1eafp v\u00e0ng ho\u00e0n to\u00e0n h\u1eefu c\u01a1<\/h6>\n<ul>\n<li style=\"text-align: justify;\">Th\u01b0\u1eddng \u0111\u01b0\u1ee3c g\u1ecdi l\u00e0 b\u1eafp ng\u1ecdt v\u00ec m\u1ed9t l\u00fd do r\u1ea5t ch\u00ednh \u0111\u00e1ng. Th\u1eadt kh\u00f3 c\u00f3 th\u1ec3 kh\u00f4ng y\u00eau th\u00edch nh\u1eefng tr\u00e1i b\u1eafp t\u01b0\u01a1i c\u1ee7a ch\u00fang t\u00f4i, th\u01a1m ngon, m\u1ecdng n\u01b0\u1edbc v\u00e0 ng\u1ecdt t\u1ef1 nhi\u00ean. <\/li>\n<li>\n<p style=\"text-align: justify;\">T\u00ecm hi\u1ec3u th\u00eam: <span style=\"text-decoration: underline;\"><span style=\"color: #008000; text-decoration: underline;\"><a style=\"color: #008000; text-decoration: underline;\" href=\"https:\/\/bynature.vn\/is-all-natural-organic-vegetables-worth-the-money\/\">Is all-natural &amp; organic vegetables worth the money?<\/a><\/span><\/span><\/p>\n<\/li>\n<\/ul>\n","protected":false},"excerpt":{"rendered":"<p>B\u1eafp v\u00e0ng ho\u00e0n to\u00e0n h\u1eefu c\u01a1 Th\u01b0\u1eddng \u0111\u01b0\u1ee3c g\u1ecdi l\u00e0 b\u1eafp ng\u1ecdt v\u00ec m\u1ed9t l\u00fd do r\u1ea5t ch\u00ednh \u0111\u00e1ng. Th\u1eadt kh\u00f3 c\u00f3 th\u1ec3 kh\u00f4ng y\u00eau th\u00edch nh\u1eefng tr\u00e1i b\u1eafp t\u01b0\u01a1i c\u1ee7a ch\u00fang t\u00f4i, th\u01a1m ngon, m\u1ecdng n\u01b0\u1edbc v\u00e0 ng\u1ecdt t\u1ef1 nhi\u00ean. T\u00ecm hi\u1ec3u th\u00eam: Is all-natural &amp; organic vegetables worth the money?<\/p>\n","protected":false},"featured_media":2888,"template":"","meta":[],"pwb-brand":[],"product_cat":[392],"product_tag":[],"class_list":{"0":"post-2416","1":"product","2":"type-product","3":"status-publish","4":"has-post-thumbnail","6":"product_cat-bap-ngo","8":"first","9":"instock","10":"purchasable","11":"product-type-simple"},"acf":[],"brands":[],"_links":{"self":[{"href":"https:\/\/bynature.vn\/vi\/wp-json\/wp\/v2\/product\/2416","targetHints":{"allow":["GET"]}}],"collection":[{"href":"https:\/\/bynature.vn\/vi\/wp-json\/wp\/v2\/product"}],"about":[{"href":"https:\/\/bynature.vn\/vi\/wp-json\/wp\/v2\/types\/product"}],"wp:featuredmedia":[{"embeddable":true,"href":"https:\/\/bynature.vn\/vi\/wp-json\/wp\/v2\/media\/2888"}],"wp:attachment":[{"href":"https:\/\/bynature.vn\/vi\/wp-json\/wp\/v2\/media?parent=2416"}],"wp:term":[{"taxonomy":"pwb-brand","embeddable":true,"href":"https:\/\/bynature.vn\/vi\/wp-json\/wp\/v2\/pwb-brand?post=2416"},{"taxonomy":"product_cat","embeddable":true,"href":"https:\/\/bynature.vn\/vi\/wp-json\/wp\/v2\/product_cat?post=2416"},{"taxonomy":"product_tag","embeddable":true,"href":"https:\/\/bynature.vn\/vi\/wp-json\/wp\/v2\/product_tag?post=2416"}],"curies":[{"name":"wp","href":"https:\/\/api.w.org\/{rel}","templated":true}]}}