{"id":2415,"date":"2023-11-14T12:46:59","date_gmt":"2023-11-14T05:46:59","guid":{"rendered":"https:\/\/bynature.vn\/product\/500g-ca-rot-da-lat\/"},"modified":"2024-03-26T10:28:40","modified_gmt":"2024-03-26T03:28:40","slug":"500g-ca-rot-da-lat","status":"publish","type":"product","link":"https:\/\/bynature.vn\/vi\/product\/500g-ca-rot-da-lat\/","title":{"rendered":"500g C\u00e0 R\u1ed1t"},"content":{"rendered":"<h6 style=\"text-align: justify;\">C\u00e0 r\u1ed1t<\/h6>\n<ul>\n<li style=\"text-align: justify;\">C\u00e0 r\u1ed1t l\u00e0 lo\u1ea1i rau c\u1ee7 b\u00e1n ch\u1ea1y nh\u1ea5t t\u1ea1i ByNature nh\u1edd v\u00e0o v\u1ecb ng\u1ecdt v\u00e0 c\u00e1i gi\u00f2n \u0111\u1eb7c tr\u01b0ng, \u0111\u00e2y l\u00e0 ngu\u1ed3n cung c\u1ea5p vitamin A, beta carotene v\u00e0 alpha carotene.<\/li>\n<li style=\"text-align: justify;\">C\u00e0 r\u1ed1t ByNature \u0111\u01b0\u1ee3c tr\u1ed3ng theo h\u01b0\u1edbng thu\u1eadn t\u1ef1 nhi\u00ean, kh\u00f4ng thu\u1ed1c tr\u1eeb s\u00e2u v\u00e0 h\u00f3a ch\u1ea5t n\u00f4ng nghi\u1ec7p.<br \/>\nS\u1ea1ch v\u00e0 an to\u00e0n cho s\u1ee9c kh\u1ecfe, t\u01b0\u01a1i ngon t\u1eeb v\u01b0\u1eddn.<\/li>\n<\/ul>\n<p style=\"text-align: justify;\">\u0110\u1ecdc th\u00eam: <span style=\"text-decoration: underline; color: #008000;\"><a style=\"color: #008000; text-decoration: underline;\" href=\"https:\/\/bynature.vn\/vi\/an-ca-rot-co-giup-cai-thien-thi-luc-khong\/\">\u0102n c\u00e0 r\u1ed1t c\u00f3 gi\u00fap c\u1ea3i thi\u1ec7n th\u1ecb l\u1ef1c kh\u00f4ng?<\/a><\/span><\/p>\n","protected":false},"excerpt":{"rendered":"<p>C\u00e0 r\u1ed1t C\u00e0 r\u1ed1t l\u00e0 lo\u1ea1i rau c\u1ee7 b\u00e1n ch\u1ea1y nh\u1ea5t t\u1ea1i ByNature nh\u1edd v\u00e0o v\u1ecb ng\u1ecdt v\u00e0 c\u00e1i gi\u00f2n \u0111\u1eb7c tr\u01b0ng, \u0111\u00e2y l\u00e0 ngu\u1ed3n cung c\u1ea5p vitamin A, beta carotene v\u00e0 alpha carotene. C\u00e0 r\u1ed1t ByNature \u0111\u01b0\u1ee3c tr\u1ed3ng theo h\u01b0\u1edbng thu\u1eadn t\u1ef1 nhi\u00ean, kh\u00f4ng thu\u1ed1c tr\u1eeb s\u00e2u v\u00e0 h\u00f3a ch\u1ea5t n\u00f4ng nghi\u1ec7p. S\u1ea1ch v\u00e0 &hellip; <\/p>\n<p class=\"link-more\"><a href=\"https:\/\/bynature.vn\/vi\/product\/500g-ca-rot-da-lat\/\" class=\"more-link\">Continue reading<span class=\"screen-reader-text\"> &#8220;500g C\u00e0 R\u1ed1t&#8221;<\/span><\/a><\/p>\n","protected":false},"featured_media":2984,"template":"","meta":[],"pwb-brand":[],"product_cat":[379],"product_tag":[],"class_list":{"0":"post-2415","1":"product","2":"type-product","3":"status-publish","4":"has-post-thumbnail","6":"product_cat-ca-rot","8":"first","9":"instock","10":"purchasable","11":"product-type-simple"},"acf":[],"brands":[],"_links":{"self":[{"href":"https:\/\/bynature.vn\/vi\/wp-json\/wp\/v2\/product\/2415","targetHints":{"allow":["GET"]}}],"collection":[{"href":"https:\/\/bynature.vn\/vi\/wp-json\/wp\/v2\/product"}],"about":[{"href":"https:\/\/bynature.vn\/vi\/wp-json\/wp\/v2\/types\/product"}],"wp:featuredmedia":[{"embeddable":true,"href":"https:\/\/bynature.vn\/vi\/wp-json\/wp\/v2\/media\/2984"}],"wp:attachment":[{"href":"https:\/\/bynature.vn\/vi\/wp-json\/wp\/v2\/media?parent=2415"}],"wp:term":[{"taxonomy":"pwb-brand","embeddable":true,"href":"https:\/\/bynature.vn\/vi\/wp-json\/wp\/v2\/pwb-brand?post=2415"},{"taxonomy":"product_cat","embeddable":true,"href":"https:\/\/bynature.vn\/vi\/wp-json\/wp\/v2\/product_cat?post=2415"},{"taxonomy":"product_tag","embeddable":true,"href":"https:\/\/bynature.vn\/vi\/wp-json\/wp\/v2\/product_tag?post=2415"}],"curies":[{"name":"wp","href":"https:\/\/api.w.org\/{rel}","templated":true}]}}