{"id":2414,"date":"2023-11-14T12:46:59","date_gmt":"2023-11-14T05:46:59","guid":{"rendered":"https:\/\/bynature.vn\/product\/500g-cu-hanh-tay\/"},"modified":"2026-02-09T21:00:56","modified_gmt":"2026-02-09T14:00:56","slug":"500g-cu-hanh-tay","status":"publish","type":"product","link":"https:\/\/bynature.vn\/vi\/product\/500g-cu-hanh-tay\/","title":{"rendered":"500g H\u00e0nh T\u00e2y"},"content":{"rendered":"<h6>H\u00e0nh t\u00e2y ho\u00e0n to\u00e0n t\u1ef1 nhi\u00ean<\/h6>\n<ul>\n<li>H\u00e0nh t\u00e2y kh\u00f4ng thu\u1ed1c tr\u1eeb s\u00e2u c\u1ee7a ch\u00fang t\u00f4i th\u01a1m v\u1edbi c\u00e1c v\u1ecb chua, m\u1eb7n, cay v\u00e0 ng\u1ecdt, \u0111\u1eafng, chua.<\/li>\n<li>\u0110\u1ecdc th\u00eam: <a style=\"color: #008000; text-decoration: underline;\" href=\"https:\/\/bynature.vn\/seasonal-eating-a-better-way-to-live\/\"><span style=\"text-decoration: underline; color: #008000;\">Seasonal eating, a better way to live<\/span><\/a><\/li>\n<\/ul>\n","protected":false},"excerpt":{"rendered":"<p>H\u00e0nh t\u00e2y ho\u00e0n to\u00e0n t\u1ef1 nhi\u00ean H\u00e0nh t\u00e2y kh\u00f4ng thu\u1ed1c tr\u1eeb s\u00e2u c\u1ee7a ch\u00fang t\u00f4i th\u01a1m v\u1edbi c\u00e1c v\u1ecb chua, m\u1eb7n, cay v\u00e0 ng\u1ecdt, \u0111\u1eafng, chua. \u0110\u1ecdc th\u00eam: Seasonal eating, a better way to live<\/p>\n","protected":false},"featured_media":2982,"template":"","meta":[],"pwb-brand":[],"product_cat":[381],"product_tag":[],"class_list":{"0":"post-2414","1":"product","2":"type-product","3":"status-publish","4":"has-post-thumbnail","6":"product_cat-cu-gia-vi","8":"first","9":"instock","10":"purchasable","11":"product-type-simple"},"acf":[],"brands":[],"_links":{"self":[{"href":"https:\/\/bynature.vn\/vi\/wp-json\/wp\/v2\/product\/2414","targetHints":{"allow":["GET"]}}],"collection":[{"href":"https:\/\/bynature.vn\/vi\/wp-json\/wp\/v2\/product"}],"about":[{"href":"https:\/\/bynature.vn\/vi\/wp-json\/wp\/v2\/types\/product"}],"wp:featuredmedia":[{"embeddable":true,"href":"https:\/\/bynature.vn\/vi\/wp-json\/wp\/v2\/media\/2982"}],"wp:attachment":[{"href":"https:\/\/bynature.vn\/vi\/wp-json\/wp\/v2\/media?parent=2414"}],"wp:term":[{"taxonomy":"pwb-brand","embeddable":true,"href":"https:\/\/bynature.vn\/vi\/wp-json\/wp\/v2\/pwb-brand?post=2414"},{"taxonomy":"product_cat","embeddable":true,"href":"https:\/\/bynature.vn\/vi\/wp-json\/wp\/v2\/product_cat?post=2414"},{"taxonomy":"product_tag","embeddable":true,"href":"https:\/\/bynature.vn\/vi\/wp-json\/wp\/v2\/product_tag?post=2414"}],"curies":[{"name":"wp","href":"https:\/\/api.w.org\/{rel}","templated":true}]}}