{"id":2413,"date":"2023-11-14T12:46:59","date_gmt":"2023-11-14T05:46:59","guid":{"rendered":"https:\/\/bynature.vn\/product\/500g-cu-den\/"},"modified":"2026-02-09T21:03:29","modified_gmt":"2026-02-09T14:03:29","slug":"500g-cu-den","status":"publish","type":"product","link":"https:\/\/bynature.vn\/vi\/product\/500g-cu-den\/","title":{"rendered":"500g C\u1ee7 D\u1ec1n"},"content":{"rendered":"<h6 style=\"text-align: justify;\">C\u1ee7 d\u1ec1n ho\u00e0n to\u00e0n t\u1ef1 nhi\u00ean<\/h6>\n<ul>\n<li style=\"text-align: justify;\">H\u00e3y th\u01b0\u1edfng th\u1ee9c c\u1ee7 d\u1ec1n ho\u00e0n to\u00e0n t\u1ef1 nhi\u00ean c\u1ee7a ch\u00fang t\u00f4i. Ch\u00fang ch\u1ee9a nhi\u1ec1u ch\u1ea5t dinh d\u01b0\u1ee1ng thi\u1ebft y\u1ebfu nh\u01b0 ch\u1ea5t x\u01a1, folate (vitamin B9), mangan, kali, s\u1eaft v\u00e0 vitamin C. <\/li>\n<li>\u0110\u1ecdc th\u00eam: <a style=\"color: #008000; text-decoration: underline;\" href=\"https:\/\/bynature.vn\/seasonal-eating-a-better-way-to-live\/\"><span style=\"text-decoration: underline; color: #008000;\">Seasonal eating, a better way to live<\/span><\/a><\/li>\n<\/ul>\n","protected":false},"excerpt":{"rendered":"<p>C\u1ee7 d\u1ec1n ho\u00e0n to\u00e0n t\u1ef1 nhi\u00ean H\u00e3y th\u01b0\u1edfng th\u1ee9c c\u1ee7 d\u1ec1n ho\u00e0n to\u00e0n t\u1ef1 nhi\u00ean c\u1ee7a ch\u00fang t\u00f4i. Ch\u00fang ch\u1ee9a nhi\u1ec1u ch\u1ea5t dinh d\u01b0\u1ee1ng thi\u1ebft y\u1ebfu nh\u01b0 ch\u1ea5t x\u01a1, folate (vitamin B9), mangan, kali, s\u1eaft v\u00e0 vitamin C. \u0110\u1ecdc th\u00eam: Seasonal eating, a better way to live<\/p>\n","protected":false},"featured_media":2980,"template":"","meta":[],"pwb-brand":[],"product_cat":[382],"product_tag":[],"class_list":{"0":"post-2413","1":"product","2":"type-product","3":"status-publish","4":"has-post-thumbnail","6":"product_cat-cac-loai-rau-cu-khac","8":"first","9":"instock","10":"purchasable","11":"product-type-simple"},"acf":[],"brands":[],"_links":{"self":[{"href":"https:\/\/bynature.vn\/vi\/wp-json\/wp\/v2\/product\/2413","targetHints":{"allow":["GET"]}}],"collection":[{"href":"https:\/\/bynature.vn\/vi\/wp-json\/wp\/v2\/product"}],"about":[{"href":"https:\/\/bynature.vn\/vi\/wp-json\/wp\/v2\/types\/product"}],"wp:featuredmedia":[{"embeddable":true,"href":"https:\/\/bynature.vn\/vi\/wp-json\/wp\/v2\/media\/2980"}],"wp:attachment":[{"href":"https:\/\/bynature.vn\/vi\/wp-json\/wp\/v2\/media?parent=2413"}],"wp:term":[{"taxonomy":"pwb-brand","embeddable":true,"href":"https:\/\/bynature.vn\/vi\/wp-json\/wp\/v2\/pwb-brand?post=2413"},{"taxonomy":"product_cat","embeddable":true,"href":"https:\/\/bynature.vn\/vi\/wp-json\/wp\/v2\/product_cat?post=2413"},{"taxonomy":"product_tag","embeddable":true,"href":"https:\/\/bynature.vn\/vi\/wp-json\/wp\/v2\/product_tag?post=2413"}],"curies":[{"name":"wp","href":"https:\/\/api.w.org\/{rel}","templated":true}]}}