{"id":2411,"date":"2023-11-14T12:46:59","date_gmt":"2023-11-14T05:46:59","guid":{"rendered":"https:\/\/bynature.vn\/product\/500g-khoai-tay-da-lat\/"},"modified":"2026-02-09T21:10:59","modified_gmt":"2026-02-09T14:10:59","slug":"500g-khoai-tay-da-lat","status":"publish","type":"product","link":"https:\/\/bynature.vn\/vi\/product\/500g-khoai-tay-da-lat\/","title":{"rendered":"500g Khoai T\u00e2y"},"content":{"rendered":"<h6>Khoai t\u00e2y ho\u00e0n to\u00e0n t\u1ef1 nhi\u00ean<\/h6>\n<ul>\n<li>M\u1ed9t trong nh\u1eefng s\u1ea3n ph\u1ea9m b\u00e1n ch\u1ea1y nh\u1ea5t c\u1ee7a ByNature<\/li>\n<li>T\u01b0\u01a1i ngon t\u1eeb c\u00e1c trang tr\u1ea1i \u0111\u1ed1i t\u00e1c c\u1ee7a ch\u00fang t\u00f4i \u0111\u1ec3 b\u1ea1n th\u01b0\u1edfng th\u1ee9c h\u01b0\u01a1ng v\u1ecb th\u01a1m ngon r\u1ea5t d\u1ec5 ch\u1ecbu.<\/li>\n<li>T\u00ecm hi\u1ec3u th\u00eam: <a style=\"color: #008000; text-decoration: underline;\" href=\"https:\/\/bynature.vn\/is-all-natural-organic-vegetables-worth-the-money\/\"><span style=\"text-decoration: underline; color: #008000;\">Is all-natural &amp; organic vegetables worth the money?<\/span><\/a><\/li>\n<\/ul>\n","protected":false},"excerpt":{"rendered":"<p>Khoai t\u00e2y ho\u00e0n to\u00e0n t\u1ef1 nhi\u00ean M\u1ed9t trong nh\u1eefng s\u1ea3n ph\u1ea9m b\u00e1n ch\u1ea1y nh\u1ea5t c\u1ee7a ByNature T\u01b0\u01a1i ngon t\u1eeb c\u00e1c trang tr\u1ea1i \u0111\u1ed1i t\u00e1c c\u1ee7a ch\u00fang t\u00f4i \u0111\u1ec3 b\u1ea1n th\u01b0\u1edfng th\u1ee9c h\u01b0\u01a1ng v\u1ecb th\u01a1m ngon r\u1ea5t d\u1ec5 ch\u1ecbu. T\u00ecm hi\u1ec3u th\u00eam: Is all-natural &amp; organic vegetables worth the money?<\/p>\n","protected":false},"featured_media":2976,"template":"","meta":[],"pwb-brand":[],"product_cat":[380],"product_tag":[],"class_list":{"0":"post-2411","1":"product","2":"type-product","3":"status-publish","4":"has-post-thumbnail","6":"product_cat-cac-loai-khoai","8":"first","9":"instock","10":"purchasable","11":"product-type-simple"},"acf":[],"brands":[],"_links":{"self":[{"href":"https:\/\/bynature.vn\/vi\/wp-json\/wp\/v2\/product\/2411","targetHints":{"allow":["GET"]}}],"collection":[{"href":"https:\/\/bynature.vn\/vi\/wp-json\/wp\/v2\/product"}],"about":[{"href":"https:\/\/bynature.vn\/vi\/wp-json\/wp\/v2\/types\/product"}],"wp:featuredmedia":[{"embeddable":true,"href":"https:\/\/bynature.vn\/vi\/wp-json\/wp\/v2\/media\/2976"}],"wp:attachment":[{"href":"https:\/\/bynature.vn\/vi\/wp-json\/wp\/v2\/media?parent=2411"}],"wp:term":[{"taxonomy":"pwb-brand","embeddable":true,"href":"https:\/\/bynature.vn\/vi\/wp-json\/wp\/v2\/pwb-brand?post=2411"},{"taxonomy":"product_cat","embeddable":true,"href":"https:\/\/bynature.vn\/vi\/wp-json\/wp\/v2\/product_cat?post=2411"},{"taxonomy":"product_tag","embeddable":true,"href":"https:\/\/bynature.vn\/vi\/wp-json\/wp\/v2\/product_tag?post=2411"}],"curies":[{"name":"wp","href":"https:\/\/api.w.org\/{rel}","templated":true}]}}