{"id":2409,"date":"2023-11-14T12:46:59","date_gmt":"2023-11-14T05:46:59","guid":{"rendered":"https:\/\/bynature.vn\/product\/500g-cu-cai-do\/"},"modified":"2026-02-09T21:17:41","modified_gmt":"2026-02-09T14:17:41","slug":"500g-cu-cai-do","status":"publish","type":"product","link":"https:\/\/bynature.vn\/vi\/product\/500g-cu-cai-do\/","title":{"rendered":"500g C\u1ee7 C\u1ea3i \u0110\u1ecf"},"content":{"rendered":"<h6 style=\"text-align: justify;\">C\u1ee7 c\u1ea3i \u0111\u1ecf ho\u00e0n to\u00e0n t\u1ef1 nhi\u00ean<\/h6>\n<ul>\n<li style=\"text-align: justify;\">C\u1ee7 c\u1ea3i \u0111\u1ecf l\u00e0 m\u1ed9t th\u00e0nh vi\u00ean c\u1ee7a h\u1ecd rau c\u1ee7 Brassica. Khi th\u01b0\u1edfng th\u1ee9c, b\u1ea1n s\u1ebd c\u1ea3m nh\u1eadn \u0111\u01b0\u1ee3c h\u01b0\u01a1ng v\u1ecb cay nh\u1eb9, gi\u00f2n v\u00e0 s\u1eafc n\u00e9t n\u01a1i \u0111\u1ea7u l\u01b0\u1ee1i. L\u01b0u \u00fd r\u1eb1ng ph\u1ea7n ng\u1ecdn m\u00e0u xanh l\u00e1 c\u00e2y c\u00f3 th\u1ec3 \u0111\u01b0\u1ee3c \u0103n s\u1ed1ng \u0111\u1ec3 l\u00e0m gia v\u1ecb cho m\u00f3n salad c\u1ee7a b\u1ea1n.  <\/li>\n<li>\n<p style=\"text-align: justify;\">\u0110\u1ecdc th\u00eam: <a style=\"color: #008000; text-decoration: underline;\" href=\"https:\/\/bynature.vn\/seasonal-eating-a-better-way-to-live\/\"><span style=\"text-decoration: underline; color: #008000;\">Seasonal eating, a better way to live<\/span><\/a><\/p>\n<\/li>\n<\/ul>\n","protected":false},"excerpt":{"rendered":"<p>C\u1ee7 c\u1ea3i \u0111\u1ecf ho\u00e0n to\u00e0n t\u1ef1 nhi\u00ean C\u1ee7 c\u1ea3i \u0111\u1ecf l\u00e0 m\u1ed9t th\u00e0nh vi\u00ean c\u1ee7a h\u1ecd rau c\u1ee7 Brassica. Khi th\u01b0\u1edfng th\u1ee9c, b\u1ea1n s\u1ebd c\u1ea3m nh\u1eadn \u0111\u01b0\u1ee3c h\u01b0\u01a1ng v\u1ecb cay nh\u1eb9, gi\u00f2n v\u00e0 s\u1eafc n\u00e9t n\u01a1i \u0111\u1ea7u l\u01b0\u1ee1i. L\u01b0u \u00fd r\u1eb1ng ph\u1ea7n ng\u1ecdn m\u00e0u xanh l\u00e1 c\u00e2y c\u00f3 th\u1ec3 \u0111\u01b0\u1ee3c \u0103n s\u1ed1ng \u0111\u1ec3 l\u00e0m gia &hellip; <\/p>\n<p class=\"link-more\"><a href=\"https:\/\/bynature.vn\/vi\/product\/500g-cu-cai-do\/\" class=\"more-link\">Continue reading<span class=\"screen-reader-text\"> &#8220;500g C\u1ee7 C\u1ea3i \u0110\u1ecf&#8221;<\/span><\/a><\/p>\n","protected":false},"featured_media":2972,"template":"","meta":[],"pwb-brand":[],"product_cat":[382],"product_tag":[],"class_list":{"0":"post-2409","1":"product","2":"type-product","3":"status-publish","4":"has-post-thumbnail","6":"product_cat-cac-loai-rau-cu-khac","8":"first","9":"instock","10":"purchasable","11":"product-type-simple"},"acf":[],"brands":[],"_links":{"self":[{"href":"https:\/\/bynature.vn\/vi\/wp-json\/wp\/v2\/product\/2409","targetHints":{"allow":["GET"]}}],"collection":[{"href":"https:\/\/bynature.vn\/vi\/wp-json\/wp\/v2\/product"}],"about":[{"href":"https:\/\/bynature.vn\/vi\/wp-json\/wp\/v2\/types\/product"}],"wp:featuredmedia":[{"embeddable":true,"href":"https:\/\/bynature.vn\/vi\/wp-json\/wp\/v2\/media\/2972"}],"wp:attachment":[{"href":"https:\/\/bynature.vn\/vi\/wp-json\/wp\/v2\/media?parent=2409"}],"wp:term":[{"taxonomy":"pwb-brand","embeddable":true,"href":"https:\/\/bynature.vn\/vi\/wp-json\/wp\/v2\/pwb-brand?post=2409"},{"taxonomy":"product_cat","embeddable":true,"href":"https:\/\/bynature.vn\/vi\/wp-json\/wp\/v2\/product_cat?post=2409"},{"taxonomy":"product_tag","embeddable":true,"href":"https:\/\/bynature.vn\/vi\/wp-json\/wp\/v2\/product_tag?post=2409"}],"curies":[{"name":"wp","href":"https:\/\/api.w.org\/{rel}","templated":true}]}}