{"id":2408,"date":"2023-11-14T12:46:59","date_gmt":"2023-11-14T05:46:59","guid":{"rendered":"https:\/\/bynature.vn\/product\/100g-xa-lach-rocket\/"},"modified":"2026-02-09T16:38:01","modified_gmt":"2026-02-09T09:38:01","slug":"100g-xa-lach-rocket","status":"publish","type":"product","link":"https:\/\/bynature.vn\/vi\/product\/100g-xa-lach-rocket\/","title":{"rendered":"100g X\u00e0 L\u00e1ch Rocket"},"content":{"rendered":"<h6 style=\"text-align: justify;\">X\u00e0 l\u00e1ch rocket ho\u00e0n to\u00e0n t\u1ef1 nhi\u00ean<\/h6>\n<ul style=\"text-align: justify;\">\n<li>M\u1ed9t lo\u1ea1i x\u00e0 l\u00e1ch ph\u1ed5 bi\u1ebfn tr\u00ean to\u00e0n th\u1ebf gi\u1edbi, c\u00f2n \u0111\u01b0\u1ee3c g\u1ecdi l\u00e0 arugula, roquette ho\u1eb7c rucola.<\/li>\n<li>Rau l\u00e1 xanh \u0111\u1eadm c\u00f3 h\u01b0\u01a1ng v\u1ecb cay nh\u1eb9, th\u01a1m n\u1ed3ng, h\u01a1i ti\u00eau v\u00e0 m\u00f9 t\u1ea1t r\u1ea5t \u0111\u1eb7c tr\u01b0ng.<\/li>\n<li>D\u00f9ng l\u00e0m salad \u0111\u1ec3 t\u1ea1o \u0111i\u1ec3m nh\u1ea5n h\u01b0\u01a1ng v\u1ecb ho\u1eb7c r\u1eafc l\u00ean pizza hay pasta \u0111\u1ec3 t\u0103ng th\u00eam \u0111\u1ed9 ngon.<\/li>\n<\/ul>\n<p style=\"text-align: justify;\">T\u00ecm hi\u1ec3u th\u00eam: <span style=\"text-decoration: underline; color: #008000;\"><a style=\"color: #008000; text-decoration: underline;\" href=\"https:\/\/bynature.vn\/5-amazing-health-benefits-of-lettuce\/\">5 Amazing Health Benefits Of lettuce<\/a><\/span><\/p>\n","protected":false},"excerpt":{"rendered":"<p>X\u00e0 l\u00e1ch rocket ho\u00e0n to\u00e0n t\u1ef1 nhi\u00ean M\u1ed9t lo\u1ea1i x\u00e0 l\u00e1ch ph\u1ed5 bi\u1ebfn tr\u00ean to\u00e0n th\u1ebf gi\u1edbi, c\u00f2n \u0111\u01b0\u1ee3c g\u1ecdi l\u00e0 arugula, roquette ho\u1eb7c rucola. Rau l\u00e1 xanh \u0111\u1eadm c\u00f3 h\u01b0\u01a1ng v\u1ecb cay nh\u1eb9, th\u01a1m n\u1ed3ng, h\u01a1i ti\u00eau v\u00e0 m\u00f9 t\u1ea1t r\u1ea5t \u0111\u1eb7c tr\u01b0ng. D\u00f9ng l\u00e0m salad \u0111\u1ec3 t\u1ea1o \u0111i\u1ec3m nh\u1ea5n h\u01b0\u01a1ng v\u1ecb ho\u1eb7c r\u1eafc &hellip; <\/p>\n<p class=\"link-more\"><a href=\"https:\/\/bynature.vn\/vi\/product\/100g-xa-lach-rocket\/\" class=\"more-link\">Continue reading<span class=\"screen-reader-text\"> &#8220;100g X\u00e0 L\u00e1ch Rocket&#8221;<\/span><\/a><\/p>\n","protected":false},"featured_media":2970,"template":"","meta":[],"pwb-brand":[],"product_cat":[367],"product_tag":[],"class_list":{"0":"post-2408","1":"product","2":"type-product","3":"status-publish","4":"has-post-thumbnail","6":"product_cat-rau-xa-lach","8":"first","9":"instock","10":"purchasable","11":"product-type-simple"},"acf":[],"brands":[],"_links":{"self":[{"href":"https:\/\/bynature.vn\/vi\/wp-json\/wp\/v2\/product\/2408","targetHints":{"allow":["GET"]}}],"collection":[{"href":"https:\/\/bynature.vn\/vi\/wp-json\/wp\/v2\/product"}],"about":[{"href":"https:\/\/bynature.vn\/vi\/wp-json\/wp\/v2\/types\/product"}],"wp:featuredmedia":[{"embeddable":true,"href":"https:\/\/bynature.vn\/vi\/wp-json\/wp\/v2\/media\/2970"}],"wp:attachment":[{"href":"https:\/\/bynature.vn\/vi\/wp-json\/wp\/v2\/media?parent=2408"}],"wp:term":[{"taxonomy":"pwb-brand","embeddable":true,"href":"https:\/\/bynature.vn\/vi\/wp-json\/wp\/v2\/pwb-brand?post=2408"},{"taxonomy":"product_cat","embeddable":true,"href":"https:\/\/bynature.vn\/vi\/wp-json\/wp\/v2\/product_cat?post=2408"},{"taxonomy":"product_tag","embeddable":true,"href":"https:\/\/bynature.vn\/vi\/wp-json\/wp\/v2\/product_tag?post=2408"}],"curies":[{"name":"wp","href":"https:\/\/api.w.org\/{rel}","templated":true}]}}