{"id":2406,"date":"2023-11-14T12:46:54","date_gmt":"2023-11-14T05:46:54","guid":{"rendered":"https:\/\/bynature.vn\/product\/250g-xa-lach-mo\/"},"modified":"2024-03-15T16:42:52","modified_gmt":"2024-03-15T09:42:52","slug":"250g-xa-lach-bup-mo","status":"publish","type":"product","link":"https:\/\/bynature.vn\/vi\/product\/250g-xa-lach-bup-mo\/","title":{"rendered":"250g X\u00e0 L\u00e1ch M\u1ee1"},"content":{"rendered":"<h6 style=\"text-align: justify;\">X\u00e0 l\u00e1ch b\u00fap m\u1ee1<\/h6>\n<ul>\n<li style=\"text-align: justify;\">Hay c\u00f2n g\u1ecdi l\u00e0 X\u00e0 L\u00e1ch M\u1ee1 c\u00f3 v\u1ecb ng\u1ecdt thanh, m\u1ec1m v\u00e0 th\u01a1m, \u0103n s\u1ed1ng r\u1ea5t ngon.<\/li>\n<li style=\"text-align: justify;\">X\u00e0 l\u00e1ch M\u1ee1 ByNature \u0111\u01b0\u1ee3c tr\u1ed3ng theo h\u01b0\u1edbng thu\u1eadn t\u1ef1 nhi\u00ean, kh\u00f4ng thu\u1ed1c tr\u1eeb s\u00e2u v\u00e0 h\u00f3a ch\u1ea5t n\u00f4ng nghi\u1ec7p. S\u1ea1ch v\u00e0 an to\u00e0n cho s\u1ee9c kh\u1ecfe, t\u01b0\u01a1i ngon t\u1eeb v\u01b0\u1eddn.<\/li>\n<\/ul>\n<p style=\"text-align: justify;\">\u0110\u1ecdc th\u00eam: <span style=\"text-decoration: underline;\"><span style=\"color: #008000; text-decoration: underline;\"><a style=\"color: #008000; text-decoration: underline;\" href=\"https:\/\/bynature.vn\/vi\/5-loi-ich-suc-khoe-tuyet-voi-cua-xa-lach\/\">5 l\u1ee3i \u00edch s\u1ee9c kh\u1ecfe tuy\u1ec7t v\u1eddi c\u1ee7a rau x\u00e0 l\u00e1ch<\/a><\/span><\/span><\/p>\n","protected":false},"excerpt":{"rendered":"<p>X\u00e0 l\u00e1ch b\u00fap m\u1ee1 Hay c\u00f2n g\u1ecdi l\u00e0 X\u00e0 L\u00e1ch M\u1ee1 c\u00f3 v\u1ecb ng\u1ecdt thanh, m\u1ec1m v\u00e0 th\u01a1m, \u0103n s\u1ed1ng r\u1ea5t ngon. X\u00e0 l\u00e1ch M\u1ee1 ByNature \u0111\u01b0\u1ee3c tr\u1ed3ng theo h\u01b0\u1edbng thu\u1eadn t\u1ef1 nhi\u00ean, kh\u00f4ng thu\u1ed1c tr\u1eeb s\u00e2u v\u00e0 h\u00f3a ch\u1ea5t n\u00f4ng nghi\u1ec7p. S\u1ea1ch v\u00e0 an to\u00e0n cho s\u1ee9c kh\u1ecfe, t\u01b0\u01a1i ngon t\u1eeb v\u01b0\u1eddn. \u0110\u1ecdc th\u00eam: &hellip; <\/p>\n<p class=\"link-more\"><a href=\"https:\/\/bynature.vn\/vi\/product\/250g-xa-lach-bup-mo\/\" class=\"more-link\">Continue reading<span class=\"screen-reader-text\"> &#8220;250g X\u00e0 L\u00e1ch M\u1ee1&#8221;<\/span><\/a><\/p>\n","protected":false},"featured_media":2966,"template":"","meta":[],"pwb-brand":[],"product_cat":[367],"product_tag":[],"class_list":{"0":"post-2406","1":"product","2":"type-product","3":"status-publish","4":"has-post-thumbnail","6":"product_cat-rau-xa-lach","8":"first","9":"out_of_season","10":"product-type-simple"},"acf":[],"brands":[],"_links":{"self":[{"href":"https:\/\/bynature.vn\/vi\/wp-json\/wp\/v2\/product\/2406","targetHints":{"allow":["GET"]}}],"collection":[{"href":"https:\/\/bynature.vn\/vi\/wp-json\/wp\/v2\/product"}],"about":[{"href":"https:\/\/bynature.vn\/vi\/wp-json\/wp\/v2\/types\/product"}],"wp:featuredmedia":[{"embeddable":true,"href":"https:\/\/bynature.vn\/vi\/wp-json\/wp\/v2\/media\/2966"}],"wp:attachment":[{"href":"https:\/\/bynature.vn\/vi\/wp-json\/wp\/v2\/media?parent=2406"}],"wp:term":[{"taxonomy":"pwb-brand","embeddable":true,"href":"https:\/\/bynature.vn\/vi\/wp-json\/wp\/v2\/pwb-brand?post=2406"},{"taxonomy":"product_cat","embeddable":true,"href":"https:\/\/bynature.vn\/vi\/wp-json\/wp\/v2\/product_cat?post=2406"},{"taxonomy":"product_tag","embeddable":true,"href":"https:\/\/bynature.vn\/vi\/wp-json\/wp\/v2\/product_tag?post=2406"}],"curies":[{"name":"wp","href":"https:\/\/api.w.org\/{rel}","templated":true}]}}