{"id":2403,"date":"2023-11-14T12:46:54","date_gmt":"2023-11-14T05:46:54","guid":{"rendered":"https:\/\/bynature.vn\/product\/250g-xa-lach-thuy-tinh\/"},"modified":"2026-02-09T16:45:21","modified_gmt":"2026-02-09T09:45:21","slug":"250g-xa-lach-thuy-tinh","status":"publish","type":"product","link":"https:\/\/bynature.vn\/vi\/product\/250g-xa-lach-thuy-tinh\/","title":{"rendered":"250g X\u00e0 L\u00e1ch Th\u1ee7y Tinh"},"content":{"rendered":"<h6 style=\"text-align: justify;\">X\u00e0 L\u00e1ch Th\u1ee7y Tinh Ho\u00e0n To\u00e0n T\u1ef1 Nhi\u00ean<\/h6>\n<ul style=\"text-align: justify;\">\n<li>\u0110\u00fang nh\u01b0 t\u00ean g\u1ecdi, x\u00e0 l\u00e1ch t\u01b0\u01a1i v\u00e0 gi\u00f2n v\u1edbi v\u1ecb \u0111\u1eafng nh\u1eb9 &#8211; l\u00e0 nguy\u00ean li\u1ec7u ch\u00ednh ho\u00e0n h\u1ea3o cho m\u1ecdi t\u00f4 salad.<\/li>\n<li>T\u01b0\u01a1i ngon t\u1eeb trang tr\u1ea1i.<\/li>\n<\/ul>\n<p style=\"text-align: justify;\">T\u00ecm hi\u1ec3u th\u00eam: <span style=\"text-decoration: underline; color: #008000;\"><a style=\"color: #008000; text-decoration: underline;\" href=\"https:\/\/bynature.vn\/5-amazing-health-benefits-of-lettuce\/\">5 Amazing Health Benefits Of lettuce<\/a><\/span><\/p>\n","protected":false},"excerpt":{"rendered":"<p>X\u00e0 L\u00e1ch Th\u1ee7y Tinh Ho\u00e0n To\u00e0n T\u1ef1 Nhi\u00ean \u0110\u00fang nh\u01b0 t\u00ean g\u1ecdi, x\u00e0 l\u00e1ch t\u01b0\u01a1i v\u00e0 gi\u00f2n v\u1edbi v\u1ecb \u0111\u1eafng nh\u1eb9 &#8211; l\u00e0 nguy\u00ean li\u1ec7u ch\u00ednh ho\u00e0n h\u1ea3o cho m\u1ecdi t\u00f4 salad. T\u01b0\u01a1i ngon t\u1eeb trang tr\u1ea1i. T\u00ecm hi\u1ec3u th\u00eam: 5 Amazing Health Benefits Of lettuce<\/p>\n","protected":false},"featured_media":2960,"template":"","meta":[],"pwb-brand":[],"product_cat":[367],"product_tag":[],"class_list":{"0":"post-2403","1":"product","2":"type-product","3":"status-publish","4":"has-post-thumbnail","6":"product_cat-rau-xa-lach","8":"first","9":"instock","10":"purchasable","11":"product-type-simple"},"acf":[],"brands":[],"_links":{"self":[{"href":"https:\/\/bynature.vn\/vi\/wp-json\/wp\/v2\/product\/2403","targetHints":{"allow":["GET"]}}],"collection":[{"href":"https:\/\/bynature.vn\/vi\/wp-json\/wp\/v2\/product"}],"about":[{"href":"https:\/\/bynature.vn\/vi\/wp-json\/wp\/v2\/types\/product"}],"wp:featuredmedia":[{"embeddable":true,"href":"https:\/\/bynature.vn\/vi\/wp-json\/wp\/v2\/media\/2960"}],"wp:attachment":[{"href":"https:\/\/bynature.vn\/vi\/wp-json\/wp\/v2\/media?parent=2403"}],"wp:term":[{"taxonomy":"pwb-brand","embeddable":true,"href":"https:\/\/bynature.vn\/vi\/wp-json\/wp\/v2\/pwb-brand?post=2403"},{"taxonomy":"product_cat","embeddable":true,"href":"https:\/\/bynature.vn\/vi\/wp-json\/wp\/v2\/product_cat?post=2403"},{"taxonomy":"product_tag","embeddable":true,"href":"https:\/\/bynature.vn\/vi\/wp-json\/wp\/v2\/product_tag?post=2403"}],"curies":[{"name":"wp","href":"https:\/\/api.w.org\/{rel}","templated":true}]}}