{"id":2402,"date":"2023-11-14T12:46:54","date_gmt":"2023-11-14T05:46:54","guid":{"rendered":"https:\/\/bynature.vn\/product\/500g-cai-thia\/"},"modified":"2024-03-20T13:58:52","modified_gmt":"2024-03-20T06:58:52","slug":"500g-cai-thia","status":"publish","type":"product","link":"https:\/\/bynature.vn\/vi\/product\/500g-cai-thia\/","title":{"rendered":"500g C\u1ea3i Th\u00eca"},"content":{"rendered":"<h6>C\u1ea3i th\u00eca<\/h6>\n<ul>\n<li>C\u1ea3i th\u00eca l\u00e0 lo\u1ea1i rau \u0103n l\u00e1 ph\u1ed5 bi\u1ebfn \u1edf Vi\u1ec7t Nam v\u00e0 \u0111\u01b0\u1ee3c d\u00f9ng nhi\u1ec1u trong c\u00e1c m\u00f3n \u00c1 \u0110\u00f4ng,<\/li>\n<li>Gi\u00f2n, ng\u1ecdt v\u00e0 c\u00f3 v\u1ecb \u0111\u1eafng nh\u1eb9.<\/li>\n<li>C\u1ea3i th\u00eca ByNature \u0111\u01b0\u1ee3c tr\u1ed3ng theo h\u01b0\u1edbng thu\u1eadn t\u1ef1 nhi\u00ean, kh\u00f4ng thu\u1ed1c tr\u1eeb s\u00e2u v\u00e0 h\u00f3a ch\u1ea5t n\u00f4ng nghi\u1ec7p. S\u1ea1ch v\u00e0 an to\u00e0n cho s\u1ee9c kh\u1ecfe, t\u01b0\u01a1i ngon t\u1eeb v\u01b0\u1eddn.\u0110\u1ecdc th\u00eam: <span style=\"text-decoration: underline;\"><span style=\"color: #008000;\"><a style=\"color: #008000; text-decoration: underline;\" href=\"https:\/\/bynature.vn\/vi\/rau-sach-hay-chi-la-rau-an-toan\/\">Rau s\u1ea1ch hay ch\u1ec9 l\u00e0 rau an to\u00e0n?<\/a><\/span><\/span><\/li>\n<\/ul>\n","protected":false},"excerpt":{"rendered":"<p>C\u1ea3i th\u00eca C\u1ea3i th\u00eca l\u00e0 lo\u1ea1i rau \u0103n l\u00e1 ph\u1ed5 bi\u1ebfn \u1edf Vi\u1ec7t Nam v\u00e0 \u0111\u01b0\u1ee3c d\u00f9ng nhi\u1ec1u trong c\u00e1c m\u00f3n \u00c1 \u0110\u00f4ng, Gi\u00f2n, ng\u1ecdt v\u00e0 c\u00f3 v\u1ecb \u0111\u1eafng nh\u1eb9. C\u1ea3i th\u00eca ByNature \u0111\u01b0\u1ee3c tr\u1ed3ng theo h\u01b0\u1edbng thu\u1eadn t\u1ef1 nhi\u00ean, kh\u00f4ng thu\u1ed1c tr\u1eeb s\u00e2u v\u00e0 h\u00f3a ch\u1ea5t n\u00f4ng nghi\u1ec7p. S\u1ea1ch v\u00e0 an to\u00e0n cho s\u1ee9c &hellip; <\/p>\n<p class=\"link-more\"><a href=\"https:\/\/bynature.vn\/vi\/product\/500g-cai-thia\/\" class=\"more-link\">Continue reading<span class=\"screen-reader-text\"> &#8220;500g C\u1ea3i Th\u00eca&#8221;<\/span><\/a><\/p>\n","protected":false},"featured_media":2958,"template":"","meta":[],"pwb-brand":[],"product_cat":[368],"product_tag":[],"class_list":{"0":"post-2402","1":"product","2":"type-product","3":"status-publish","4":"has-post-thumbnail","6":"product_cat-cac-loai-rau-an-la-khac","8":"first","9":"instock","10":"purchasable","11":"product-type-simple"},"acf":[],"brands":[],"_links":{"self":[{"href":"https:\/\/bynature.vn\/vi\/wp-json\/wp\/v2\/product\/2402","targetHints":{"allow":["GET"]}}],"collection":[{"href":"https:\/\/bynature.vn\/vi\/wp-json\/wp\/v2\/product"}],"about":[{"href":"https:\/\/bynature.vn\/vi\/wp-json\/wp\/v2\/types\/product"}],"wp:featuredmedia":[{"embeddable":true,"href":"https:\/\/bynature.vn\/vi\/wp-json\/wp\/v2\/media\/2958"}],"wp:attachment":[{"href":"https:\/\/bynature.vn\/vi\/wp-json\/wp\/v2\/media?parent=2402"}],"wp:term":[{"taxonomy":"pwb-brand","embeddable":true,"href":"https:\/\/bynature.vn\/vi\/wp-json\/wp\/v2\/pwb-brand?post=2402"},{"taxonomy":"product_cat","embeddable":true,"href":"https:\/\/bynature.vn\/vi\/wp-json\/wp\/v2\/product_cat?post=2402"},{"taxonomy":"product_tag","embeddable":true,"href":"https:\/\/bynature.vn\/vi\/wp-json\/wp\/v2\/product_tag?post=2402"}],"curies":[{"name":"wp","href":"https:\/\/api.w.org\/{rel}","templated":true}]}}