{"id":2401,"date":"2023-11-14T12:46:54","date_gmt":"2023-11-14T05:46:54","guid":{"rendered":"https:\/\/bynature.vn\/product\/1-bap-cai-trang\/"},"modified":"2024-03-20T14:28:42","modified_gmt":"2024-03-20T07:28:42","slug":"1-bap-cai-trang","status":"publish","type":"product","link":"https:\/\/bynature.vn\/vi\/product\/1-bap-cai-trang\/","title":{"rendered":"1 B\u1eafp C\u1ea3i Tr\u1eafng"},"content":{"rendered":"<h6>B\u1eafp c\u1ea3i tr\u1eafng<\/h6>\n<ul>\n<li style=\"text-align: justify;\">B\u1eafp c\u1ea3i tr\u1eafng kh\u00e1 gi\u00f2n, c\u00f3 v\u1ecb ng\u1ecdt, r\u1ea5t th\u00edch h\u1ee3p \u0111\u1ec3 \u0103n s\u1ed1ng. Khi ch\u1ebf bi\u1ebfn, h\u01b0\u01a1ng v\u1ecb c\u1ee7a b\u1eafp c\u1ea3i s\u1ebd c\u00e0ng th\u00eam \u0111\u1eadm \u0111\u00e0.<\/li>\n<li style=\"text-align: justify;\">B\u1eafp c\u1ea3i tr\u1eafng ByNature \u0111\u01b0\u1ee3c tr\u1ed3ng theo h\u01b0\u1edbng thu\u1eadn t\u1ef1 nhi\u00ean, kh\u00f4ng thu\u1ed1c tr\u1eeb s\u00e2u v\u00e0 h\u00f3a ch\u1ea5t n\u00f4ng nghi\u1ec7p. S\u1ea1ch v\u00e0 an to\u00e0n cho s\u1ee9c kh\u1ecfe., t\u01b0\u01a1i ngon t\u1eeb v\u01b0\u1eddn.<\/li>\n<\/ul>\n<p style=\"text-align: justify;\">\u0110\u1ecdc th\u00eam: <span style=\"text-decoration: underline;\"><span style=\"color: #008000;\"><a style=\"color: #008000; text-decoration: underline;\" href=\"https:\/\/bynature.vn\/vi\/rau-sach-hay-chi-la-rau-an-toan\/\">Rau s\u1ea1ch hay ch\u1ec9 l\u00e0 rau an to\u00e0n?<\/a><\/span><\/span><\/p>\n","protected":false},"excerpt":{"rendered":"<p>B\u1eafp c\u1ea3i tr\u1eafng B\u1eafp c\u1ea3i tr\u1eafng kh\u00e1 gi\u00f2n, c\u00f3 v\u1ecb ng\u1ecdt, r\u1ea5t th\u00edch h\u1ee3p \u0111\u1ec3 \u0103n s\u1ed1ng. Khi ch\u1ebf bi\u1ebfn, h\u01b0\u01a1ng v\u1ecb c\u1ee7a b\u1eafp c\u1ea3i s\u1ebd c\u00e0ng th\u00eam \u0111\u1eadm \u0111\u00e0. B\u1eafp c\u1ea3i tr\u1eafng ByNature \u0111\u01b0\u1ee3c tr\u1ed3ng theo h\u01b0\u1edbng thu\u1eadn t\u1ef1 nhi\u00ean, kh\u00f4ng thu\u1ed1c tr\u1eeb s\u00e2u v\u00e0 h\u00f3a ch\u1ea5t n\u00f4ng nghi\u1ec7p. S\u1ea1ch v\u00e0 an to\u00e0n cho &hellip; <\/p>\n<p class=\"link-more\"><a href=\"https:\/\/bynature.vn\/vi\/product\/1-bap-cai-trang\/\" class=\"more-link\">Continue reading<span class=\"screen-reader-text\"> &#8220;1 B\u1eafp C\u1ea3i Tr\u1eafng&#8221;<\/span><\/a><\/p>\n","protected":false},"featured_media":2886,"template":"","meta":[],"pwb-brand":[],"product_cat":[371],"product_tag":[],"class_list":{"0":"post-2401","1":"product","2":"type-product","3":"status-publish","4":"has-post-thumbnail","6":"product_cat-bap-cai","8":"first","9":"instock","10":"purchasable","11":"product-type-simple"},"acf":[],"brands":[],"_links":{"self":[{"href":"https:\/\/bynature.vn\/vi\/wp-json\/wp\/v2\/product\/2401","targetHints":{"allow":["GET"]}}],"collection":[{"href":"https:\/\/bynature.vn\/vi\/wp-json\/wp\/v2\/product"}],"about":[{"href":"https:\/\/bynature.vn\/vi\/wp-json\/wp\/v2\/types\/product"}],"wp:featuredmedia":[{"embeddable":true,"href":"https:\/\/bynature.vn\/vi\/wp-json\/wp\/v2\/media\/2886"}],"wp:attachment":[{"href":"https:\/\/bynature.vn\/vi\/wp-json\/wp\/v2\/media?parent=2401"}],"wp:term":[{"taxonomy":"pwb-brand","embeddable":true,"href":"https:\/\/bynature.vn\/vi\/wp-json\/wp\/v2\/pwb-brand?post=2401"},{"taxonomy":"product_cat","embeddable":true,"href":"https:\/\/bynature.vn\/vi\/wp-json\/wp\/v2\/product_cat?post=2401"},{"taxonomy":"product_tag","embeddable":true,"href":"https:\/\/bynature.vn\/vi\/wp-json\/wp\/v2\/product_tag?post=2401"}],"curies":[{"name":"wp","href":"https:\/\/api.w.org\/{rel}","templated":true}]}}