{"id":2400,"date":"2023-11-14T12:46:54","date_gmt":"2023-11-14T05:46:54","guid":{"rendered":"https:\/\/bynature.vn\/product\/1-bap-cai-thao\/"},"modified":"2026-02-09T16:53:24","modified_gmt":"2026-02-09T09:53:24","slug":"1-bap-cai-thao","status":"publish","type":"product","link":"https:\/\/bynature.vn\/vi\/product\/1-bap-cai-thao\/","title":{"rendered":"1 B\u1eafp C\u1ea3i Th\u1ea3o"},"content":{"rendered":"<h6>C\u1ea3i Th\u1ea3o Ho\u00e0n To\u00e0n T\u1ef1 Nhi\u00ean<\/h6>\n<ul>\n<li>Kho\u1ea3ng 800\u20131000g l\u00e1 m\u1ecfng, gi\u00f2n v\u1edbi v\u1ecb thanh nh\u1eb9, ho\u00e0n h\u1ea3o cho salad ho\u1eb7c ch\u1ebf bi\u1ebfn trong c\u00e1c m\u00f3n canh, x\u00e0o v\u00e0 h\u1ea7m.<\/li>\n<li>C\u1ea3i th\u1ea3o c\u00f2n \u0111\u01b0\u1ee3c g\u1ecdi l\u00e0 c\u1ea3i th\u1ea3o Trung Qu\u1ed1c m\u1eb7c d\u00f9 \u0111\u01b0\u1ee3c tr\u1ed3ng t\u1ea1i \u0111\u1ecba ph\u01b0\u01a1ng.<\/li>\n<\/ul>\n<p>T\u00ecm hi\u1ec3u th\u00eam: <span style=\"text-decoration: underline; color: #008000;\"><a style=\"color: #008000; text-decoration: underline;\" href=\"https:\/\/bynature.vn\/clean-and-or-safe-produce\/\">Clean and\/or safe produce<\/a><\/span><\/p>\n","protected":false},"excerpt":{"rendered":"<p>C\u1ea3i Th\u1ea3o Ho\u00e0n To\u00e0n T\u1ef1 Nhi\u00ean Kho\u1ea3ng 800\u20131000g l\u00e1 m\u1ecfng, gi\u00f2n v\u1edbi v\u1ecb thanh nh\u1eb9, ho\u00e0n h\u1ea3o cho salad ho\u1eb7c ch\u1ebf bi\u1ebfn trong c\u00e1c m\u00f3n canh, x\u00e0o v\u00e0 h\u1ea7m. C\u1ea3i th\u1ea3o c\u00f2n \u0111\u01b0\u1ee3c g\u1ecdi l\u00e0 c\u1ea3i th\u1ea3o Trung Qu\u1ed1c m\u1eb7c d\u00f9 \u0111\u01b0\u1ee3c tr\u1ed3ng t\u1ea1i \u0111\u1ecba ph\u01b0\u01a1ng. T\u00ecm hi\u1ec3u th\u00eam: Clean and\/or safe produce<\/p>\n","protected":false},"featured_media":2884,"template":"","meta":[],"pwb-brand":[],"product_cat":[371],"product_tag":[],"class_list":{"0":"post-2400","1":"product","2":"type-product","3":"status-publish","4":"has-post-thumbnail","6":"product_cat-bap-cai","8":"first","9":"instock","10":"purchasable","11":"product-type-simple"},"acf":[],"brands":[],"_links":{"self":[{"href":"https:\/\/bynature.vn\/vi\/wp-json\/wp\/v2\/product\/2400","targetHints":{"allow":["GET"]}}],"collection":[{"href":"https:\/\/bynature.vn\/vi\/wp-json\/wp\/v2\/product"}],"about":[{"href":"https:\/\/bynature.vn\/vi\/wp-json\/wp\/v2\/types\/product"}],"wp:featuredmedia":[{"embeddable":true,"href":"https:\/\/bynature.vn\/vi\/wp-json\/wp\/v2\/media\/2884"}],"wp:attachment":[{"href":"https:\/\/bynature.vn\/vi\/wp-json\/wp\/v2\/media?parent=2400"}],"wp:term":[{"taxonomy":"pwb-brand","embeddable":true,"href":"https:\/\/bynature.vn\/vi\/wp-json\/wp\/v2\/pwb-brand?post=2400"},{"taxonomy":"product_cat","embeddable":true,"href":"https:\/\/bynature.vn\/vi\/wp-json\/wp\/v2\/product_cat?post=2400"},{"taxonomy":"product_tag","embeddable":true,"href":"https:\/\/bynature.vn\/vi\/wp-json\/wp\/v2\/product_tag?post=2400"}],"curies":[{"name":"wp","href":"https:\/\/api.w.org\/{rel}","templated":true}]}}