{"id":2399,"date":"2023-11-14T12:46:54","date_gmt":"2023-11-14T05:46:54","guid":{"rendered":"https:\/\/bynature.vn\/product\/300g-bi-ngoi-xanh\/"},"modified":"2026-02-09T16:57:37","modified_gmt":"2026-02-09T09:57:37","slug":"300g-bi-ngoi-xanh","status":"publish","type":"product","link":"https:\/\/bynature.vn\/vi\/product\/300g-bi-ngoi-xanh\/","title":{"rendered":"600g B\u00ed Ng\u00f2i Xanh"},"content":{"rendered":"<h6 style=\"text-align: justify;\">B\u00ed ng\u00f2i xanh ho\u00e0n to\u00e0n t\u1ef1 nhi\u00ean<\/h6>\n<ul>\n<li style=\"text-align: justify;\">Th\u01b0\u1eddng \u0111\u01b0\u1ee3c g\u1ecdi l\u00e0 courgette ho\u1eb7c squash, b\u00ed ng\u00f2i xanh c\u1ee7a ch\u00fang t\u00f4i c\u00f3 v\u1ecb d\u1ecbu nh\u1eb9 v\u1edbi ch\u00fat ng\u1ecdt t\u1ef1 nhi\u00ean c\u1ee7a rau c\u1ee7.<\/li>\n<li>\n<p style=\"text-align: justify;\">\u0110\u1ecdc th\u00eam: <span style=\"text-decoration: underline;\"><span style=\"color: #008000;\"><a style=\"color: #008000; text-decoration: underline;\" href=\"https:\/\/bynature.vn\/seasonal-eating-a-better-way-to-live\/\">Seasonal eating, a better way to live<\/a><\/span><\/span><\/p>\n<\/li>\n<\/ul>\n","protected":false},"excerpt":{"rendered":"<p>B\u00ed ng\u00f2i xanh ho\u00e0n to\u00e0n t\u1ef1 nhi\u00ean Th\u01b0\u1eddng \u0111\u01b0\u1ee3c g\u1ecdi l\u00e0 courgette ho\u1eb7c squash, b\u00ed ng\u00f2i xanh c\u1ee7a ch\u00fang t\u00f4i c\u00f3 v\u1ecb d\u1ecbu nh\u1eb9 v\u1edbi ch\u00fat ng\u1ecdt t\u1ef1 nhi\u00ean c\u1ee7a rau c\u1ee7. \u0110\u1ecdc th\u00eam: Seasonal eating, a better way to live<\/p>\n","protected":false},"featured_media":2956,"template":"","meta":[],"pwb-brand":[],"product_cat":[388],"product_tag":[],"class_list":{"0":"post-2399","1":"product","2":"type-product","3":"status-publish","4":"has-post-thumbnail","6":"product_cat-bi-ngoi","8":"first","9":"instock","10":"purchasable","11":"product-type-simple"},"acf":[],"brands":[],"_links":{"self":[{"href":"https:\/\/bynature.vn\/vi\/wp-json\/wp\/v2\/product\/2399","targetHints":{"allow":["GET"]}}],"collection":[{"href":"https:\/\/bynature.vn\/vi\/wp-json\/wp\/v2\/product"}],"about":[{"href":"https:\/\/bynature.vn\/vi\/wp-json\/wp\/v2\/types\/product"}],"wp:featuredmedia":[{"embeddable":true,"href":"https:\/\/bynature.vn\/vi\/wp-json\/wp\/v2\/media\/2956"}],"wp:attachment":[{"href":"https:\/\/bynature.vn\/vi\/wp-json\/wp\/v2\/media?parent=2399"}],"wp:term":[{"taxonomy":"pwb-brand","embeddable":true,"href":"https:\/\/bynature.vn\/vi\/wp-json\/wp\/v2\/pwb-brand?post=2399"},{"taxonomy":"product_cat","embeddable":true,"href":"https:\/\/bynature.vn\/vi\/wp-json\/wp\/v2\/product_cat?post=2399"},{"taxonomy":"product_tag","embeddable":true,"href":"https:\/\/bynature.vn\/vi\/wp-json\/wp\/v2\/product_tag?post=2399"}],"curies":[{"name":"wp","href":"https:\/\/api.w.org\/{rel}","templated":true}]}}