{"id":2398,"date":"2023-11-14T12:46:54","date_gmt":"2023-11-14T05:46:54","guid":{"rendered":"https:\/\/bynature.vn\/product\/500g-bi-ngoi-vang\/"},"modified":"2026-02-09T17:01:45","modified_gmt":"2026-02-09T10:01:45","slug":"500g-bi-ngoi-vang","status":"publish","type":"product","link":"https:\/\/bynature.vn\/vi\/product\/500g-bi-ngoi-vang\/","title":{"rendered":"500g B\u00ed Ng\u00f2i V\u00e0ng"},"content":{"rendered":"<h6 style=\"text-align: justify;\">B\u00ed Ng\u00f2i V\u00e0ng Ho\u00e0n To\u00e0n T\u1ef1 Nhi\u00ean<\/h6>\n<ul>\n<li style=\"text-align: justify;\">V\u1ec1 h\u01b0\u01a1ng v\u1ecb, b\u00ed ng\u00f2i v\u00e0ng t\u1ef1 nhi\u00ean c\u1ee7a ch\u00fang t\u00f4i c\u00f3 v\u1ecb d\u1ecbu nh\u1eb9 v\u1edbi m\u1ed9t ch\u00fat ng\u1ecdt thanh.<\/li>\n<li style=\"text-align: justify;\">\u0110\u01b0\u1ee3c tr\u1ed3ng v\u00e0 thu ho\u1ea1ch ho\u00e0n to\u00e0n t\u1ef1 nhi\u00ean, kh\u00f4ng ch\u1ee9a h\u00f3a ch\u1ea5t n\u00f4ng nghi\u1ec7p hay c\u00e1c ph\u1ee5 gia kh\u00f4ng t\u1ef1 nhi\u00ean kh\u00e1c, s\u1ea1ch v\u00e0 an to\u00e0n khi s\u1eed d\u1ee5ng.<\/li>\n<li>\n<p style=\"text-align: justify;\">\u0110\u1ecdc th\u00eam: <span style=\"text-decoration: underline;\"><span style=\"color: #008000;\"><a style=\"color: #008000; text-decoration: underline;\" href=\"https:\/\/bynature.vn\/seasonal-eating-a-better-way-to-live\/\">Seasonal eating, a better way to live<\/a><\/span><\/span><\/p>\n<\/li>\n<\/ul>\n","protected":false},"excerpt":{"rendered":"<p>B\u00ed Ng\u00f2i V\u00e0ng Ho\u00e0n To\u00e0n T\u1ef1 Nhi\u00ean V\u1ec1 h\u01b0\u01a1ng v\u1ecb, b\u00ed ng\u00f2i v\u00e0ng t\u1ef1 nhi\u00ean c\u1ee7a ch\u00fang t\u00f4i c\u00f3 v\u1ecb d\u1ecbu nh\u1eb9 v\u1edbi m\u1ed9t ch\u00fat ng\u1ecdt thanh. \u0110\u01b0\u1ee3c tr\u1ed3ng v\u00e0 thu ho\u1ea1ch ho\u00e0n to\u00e0n t\u1ef1 nhi\u00ean, kh\u00f4ng ch\u1ee9a h\u00f3a ch\u1ea5t n\u00f4ng nghi\u1ec7p hay c\u00e1c ph\u1ee5 gia kh\u00f4ng t\u1ef1 nhi\u00ean kh\u00e1c, s\u1ea1ch v\u00e0 an to\u00e0n khi &hellip; <\/p>\n<p class=\"link-more\"><a href=\"https:\/\/bynature.vn\/vi\/product\/500g-bi-ngoi-vang\/\" class=\"more-link\">Continue reading<span class=\"screen-reader-text\"> &#8220;500g B\u00ed Ng\u00f2i V\u00e0ng&#8221;<\/span><\/a><\/p>\n","protected":false},"featured_media":2954,"template":"","meta":[],"pwb-brand":[],"product_cat":[388],"product_tag":[],"class_list":{"0":"post-2398","1":"product","2":"type-product","3":"status-publish","4":"has-post-thumbnail","6":"product_cat-bi-ngoi","8":"first","9":"instock","10":"purchasable","11":"product-type-simple"},"acf":[],"brands":[],"_links":{"self":[{"href":"https:\/\/bynature.vn\/vi\/wp-json\/wp\/v2\/product\/2398","targetHints":{"allow":["GET"]}}],"collection":[{"href":"https:\/\/bynature.vn\/vi\/wp-json\/wp\/v2\/product"}],"about":[{"href":"https:\/\/bynature.vn\/vi\/wp-json\/wp\/v2\/types\/product"}],"wp:featuredmedia":[{"embeddable":true,"href":"https:\/\/bynature.vn\/vi\/wp-json\/wp\/v2\/media\/2954"}],"wp:attachment":[{"href":"https:\/\/bynature.vn\/vi\/wp-json\/wp\/v2\/media?parent=2398"}],"wp:term":[{"taxonomy":"pwb-brand","embeddable":true,"href":"https:\/\/bynature.vn\/vi\/wp-json\/wp\/v2\/pwb-brand?post=2398"},{"taxonomy":"product_cat","embeddable":true,"href":"https:\/\/bynature.vn\/vi\/wp-json\/wp\/v2\/product_cat?post=2398"},{"taxonomy":"product_tag","embeddable":true,"href":"https:\/\/bynature.vn\/vi\/wp-json\/wp\/v2\/product_tag?post=2398"}],"curies":[{"name":"wp","href":"https:\/\/api.w.org\/{rel}","templated":true}]}}