{"id":2397,"date":"2023-11-14T12:46:54","date_gmt":"2023-11-14T05:46:54","guid":{"rendered":"https:\/\/bynature.vn\/product\/500g-hanh-baro\/"},"modified":"2026-02-09T17:06:30","modified_gmt":"2026-02-09T10:06:30","slug":"500g-hanh-baro","status":"publish","type":"product","link":"https:\/\/bynature.vn\/vi\/product\/500g-hanh-baro\/","title":{"rendered":"500g T\u1ecfi T\u00e2y"},"content":{"rendered":"<h6>T\u1ecfi T\u00e2y Ho\u00e0n To\u00e0n T\u1ef1 Nhi\u00ean<\/h6>\n<ul>\n<li>T\u1ecfi t\u00e2y t\u1ef1 nhi\u00ean c\u1ee7a ch\u00fang t\u00f4i c\u00f3 h\u01b0\u01a1ng v\u1ecb gi\u1ed1ng h\u00e0nh nh\u01b0ng tinh t\u1ebf h\u01a1n, d\u1ecbu nh\u1eb9 v\u00e0 ng\u1ecdt h\u01a1n.<\/li>\n<li>T\u00ecm hi\u1ec3u th\u00eam: <span style=\"text-decoration: underline; color: #008000;\"><a style=\"color: #008000; text-decoration: underline;\" href=\"https:\/\/bynature.vn\/is-all-natural-organic-vegetables-worth-the-money\/\">Is All-natural &amp; Organic Vegetables Worth The Money?<\/a><\/span><\/li>\n<\/ul>\n","protected":false},"excerpt":{"rendered":"<p>T\u1ecfi T\u00e2y Ho\u00e0n To\u00e0n T\u1ef1 Nhi\u00ean T\u1ecfi t\u00e2y t\u1ef1 nhi\u00ean c\u1ee7a ch\u00fang t\u00f4i c\u00f3 h\u01b0\u01a1ng v\u1ecb gi\u1ed1ng h\u00e0nh nh\u01b0ng tinh t\u1ebf h\u01a1n, d\u1ecbu nh\u1eb9 v\u00e0 ng\u1ecdt h\u01a1n. T\u00ecm hi\u1ec3u th\u00eam: Is All-natural &amp; Organic Vegetables Worth The Money?<\/p>\n","protected":false},"featured_media":2952,"template":"","meta":[],"pwb-brand":[],"product_cat":[381],"product_tag":[],"class_list":{"0":"post-2397","1":"product","2":"type-product","3":"status-publish","4":"has-post-thumbnail","6":"product_cat-cu-gia-vi","8":"first","9":"instock","10":"purchasable","11":"product-type-simple"},"acf":[],"brands":[],"_links":{"self":[{"href":"https:\/\/bynature.vn\/vi\/wp-json\/wp\/v2\/product\/2397","targetHints":{"allow":["GET"]}}],"collection":[{"href":"https:\/\/bynature.vn\/vi\/wp-json\/wp\/v2\/product"}],"about":[{"href":"https:\/\/bynature.vn\/vi\/wp-json\/wp\/v2\/types\/product"}],"wp:featuredmedia":[{"embeddable":true,"href":"https:\/\/bynature.vn\/vi\/wp-json\/wp\/v2\/media\/2952"}],"wp:attachment":[{"href":"https:\/\/bynature.vn\/vi\/wp-json\/wp\/v2\/media?parent=2397"}],"wp:term":[{"taxonomy":"pwb-brand","embeddable":true,"href":"https:\/\/bynature.vn\/vi\/wp-json\/wp\/v2\/pwb-brand?post=2397"},{"taxonomy":"product_cat","embeddable":true,"href":"https:\/\/bynature.vn\/vi\/wp-json\/wp\/v2\/product_cat?post=2397"},{"taxonomy":"product_tag","embeddable":true,"href":"https:\/\/bynature.vn\/vi\/wp-json\/wp\/v2\/product_tag?post=2397"}],"curies":[{"name":"wp","href":"https:\/\/api.w.org\/{rel}","templated":true}]}}