{"id":2396,"date":"2023-11-14T12:46:54","date_gmt":"2023-11-14T05:46:54","guid":{"rendered":"https:\/\/bynature.vn\/product\/500g-dau-que-nhat\/"},"modified":"2026-02-09T17:11:35","modified_gmt":"2026-02-09T10:11:35","slug":"500g-dau-que-nhat","status":"publish","type":"product","link":"https:\/\/bynature.vn\/vi\/product\/500g-dau-que-nhat\/","title":{"rendered":"500g \u0110\u1eadu Que Nh\u1eadt B\u1ea3n"},"content":{"rendered":"<h6>\u0110\u1eadu que Nh\u1eadt B\u1ea3n ho\u00e0n to\u00e0n t\u1ef1 nhi\u00ean<\/h6>\n<ul>\n<li style=\"text-align: justify;\">C\u00f2n \u0111\u01b0\u1ee3c g\u1ecdi l\u00e0 haricot verts, lo\u1ea1i \u0111\u1eadu n\u00e0y m\u1ecfng v\u00e0 m\u1ec1m, c\u00f3 h\u01b0\u01a1ng v\u1ecb thanh h\u01a1n do \u0111\u01b0\u1ee3c thu ho\u1ea1ch s\u1edbm. <\/li>\n<li>\u0110\u1ecdc th\u00eam: <span style=\"text-decoration: underline;\"><span style=\"color: #008000;\"><a style=\"color: #008000; text-decoration: underline;\" href=\"https:\/\/bynature.vn\/seasonal-eating-a-better-way-to-live\/\">Seasonal eating, a better way to live<\/a><\/span><\/span><\/li>\n<\/ul>\n","protected":false},"excerpt":{"rendered":"<p>\u0110\u1eadu que Nh\u1eadt B\u1ea3n ho\u00e0n to\u00e0n t\u1ef1 nhi\u00ean C\u00f2n \u0111\u01b0\u1ee3c g\u1ecdi l\u00e0 haricot verts, lo\u1ea1i \u0111\u1eadu n\u00e0y m\u1ecfng v\u00e0 m\u1ec1m, c\u00f3 h\u01b0\u01a1ng v\u1ecb thanh h\u01a1n do \u0111\u01b0\u1ee3c thu ho\u1ea1ch s\u1edbm. \u0110\u1ecdc th\u00eam: Seasonal eating, a better way to live<\/p>\n","protected":false},"featured_media":2950,"template":"","meta":[],"pwb-brand":[],"product_cat":[387],"product_tag":[],"class_list":{"0":"post-2396","1":"product","2":"type-product","3":"status-publish","4":"has-post-thumbnail","6":"product_cat-dau","8":"first","9":"instock","10":"purchasable","11":"product-type-simple"},"acf":[],"brands":[],"_links":{"self":[{"href":"https:\/\/bynature.vn\/vi\/wp-json\/wp\/v2\/product\/2396","targetHints":{"allow":["GET"]}}],"collection":[{"href":"https:\/\/bynature.vn\/vi\/wp-json\/wp\/v2\/product"}],"about":[{"href":"https:\/\/bynature.vn\/vi\/wp-json\/wp\/v2\/types\/product"}],"wp:featuredmedia":[{"embeddable":true,"href":"https:\/\/bynature.vn\/vi\/wp-json\/wp\/v2\/media\/2950"}],"wp:attachment":[{"href":"https:\/\/bynature.vn\/vi\/wp-json\/wp\/v2\/media?parent=2396"}],"wp:term":[{"taxonomy":"pwb-brand","embeddable":true,"href":"https:\/\/bynature.vn\/vi\/wp-json\/wp\/v2\/pwb-brand?post=2396"},{"taxonomy":"product_cat","embeddable":true,"href":"https:\/\/bynature.vn\/vi\/wp-json\/wp\/v2\/product_cat?post=2396"},{"taxonomy":"product_tag","embeddable":true,"href":"https:\/\/bynature.vn\/vi\/wp-json\/wp\/v2\/product_tag?post=2396"}],"curies":[{"name":"wp","href":"https:\/\/api.w.org\/{rel}","templated":true}]}}