{"id":2393,"date":"2023-11-14T12:46:54","date_gmt":"2023-11-14T05:46:54","guid":{"rendered":"https:\/\/bynature.vn\/product\/thuc-don-mon-trang-mieng-1\/"},"modified":"2026-02-09T17:27:39","modified_gmt":"2026-02-09T10:27:39","slug":"thuc-don-mon-trang-mieng-1","status":"publish","type":"product","link":"https:\/\/bynature.vn\/vi\/product\/thuc-don-mon-trang-mieng-1\/","title":{"rendered":"H\u1ed9p Tr\u00e1ng Mi\u1ec7ng Cho B\u00e9 1"},"content":{"rendered":"<h6 style=\"text-align: justify;\">H\u1ed9p Tr\u00e1ng Mi\u1ec7ng Cho B\u00e9 1 (chu\u1ed1i v\u00e0 thanh long)<\/h6>\n<p style=\"text-align: justify;\">Kho\u1ea3ng 4 ph\u1ea7n \u0103n 500ml<\/p>\n<p style=\"text-align: justify;\">1 Qu\u1ea3 Chu\u1ed1i<br \/>\n1 Thanh Long<br \/>\n1. G\u1ecdt v\u1ecf chu\u1ed1i v\u00e0 thanh long.<\/p>\n<p style=\"text-align: justify;\">2. Cho nguy\u00ean li\u1ec7u v\u00e0o b\u00e1t v\u00e0 tr\u1ed9n\/xay \u0111\u1ebfn khi \u0111\u1ea1t \u0111\u1ed9 s\u1ec7t mong mu\u1ed1n.<\/p>\n<p style=\"text-align: justify;\">3. C\u00f3 th\u1ec3 tr\u1ed9n th\u00eam s\u1eefa m\u1eb9\/s\u1eefa c\u00f4ng th\u1ee9c &#8211; t\u00f9y ch\u1ecdn. N\u1ebfu b\u1ea1n mu\u1ed1n \u0111\u00f4ng l\u1ea1nh m\u1ed9t ph\u1ea7n, h\u00e3y l\u00e0m tr\u01b0\u1edbc khi th\u00eam b\u01a1\/d\u1ea7u \u00f4 liu nguy\u00ean ch\u1ea5t v\u00e0 s\u1eefa m\u1eb9\/s\u1eefa c\u00f4ng th\u1ee9c. \u0110\u00f4ng l\u1ea1nh theo kh\u1ea9u ph\u1ea7n mong mu\u1ed1n. Kh\u00f4ng \u0111\u00f4ng l\u1ea1nh l\u1ea1i s\u1eefa c\u00f4ng th\u1ee9c ho\u1eb7c s\u1eefa m\u1eb9.  <\/p>\n<p style=\"text-align: justify;\">C\u00e1c h\u1ed9p b\u1eefa \u0103n cho b\u00e9 \u0111\u01b0\u1ee3c t\u1ea1o ra v\u1edbi s\u1ef1 h\u1ee3p t\u00e1c c\u1ee7a \u0111\u1ea7u b\u1ebfp v\u00e0 chuy\u00ean gia dinh d\u01b0\u1ee1ng. T\u1ea5t c\u1ea3 s\u1ea3n ph\u1ea9m \u0111\u1ec1u t\u01b0\u01a1i t\u1eeb n\u00f4ng tr\u1ea1i v\u00e0 kh\u00f4ng s\u1eed d\u1ee5ng thu\u1ed1c tr\u1eeb s\u00e2u. C\u00f4ng th\u1ee9c \u0111\u01b0\u1ee3c ki\u1ec3m duy\u1ec7t v\u00e0 ph\u00f9 h\u1ee3p cho em b\u00e9\/tr\u1ebb nh\u1ecf c\u0169ng nh\u01b0 ph\u1ee5 huynh.  <\/p>\n<p>T\u00ecm hi\u1ec3u th\u00eam: <span style=\"text-decoration: underline; color: #008000;\"><a style=\"color: #008000; text-decoration: underline;\" href=\"https:\/\/bynature.vn\/all-natural-for-a-better-you\/\">All-natural for a better you!<\/a><\/span><\/p>\n","protected":false},"excerpt":{"rendered":"<p>H\u1ed9p Tr\u00e1ng Mi\u1ec7ng Cho B\u00e9 1 (chu\u1ed1i v\u00e0 thanh long) Kho\u1ea3ng 4 ph\u1ea7n \u0103n 500ml 1 Qu\u1ea3 Chu\u1ed1i 1 Thanh Long 1. G\u1ecdt v\u1ecf chu\u1ed1i v\u00e0 thanh long. 2. Cho nguy\u00ean li\u1ec7u v\u00e0o b\u00e1t v\u00e0 tr\u1ed9n\/xay \u0111\u1ebfn khi \u0111\u1ea1t \u0111\u1ed9 s\u1ec7t mong mu\u1ed1n. 3. C\u00f3 th\u1ec3 tr\u1ed9n th\u00eam s\u1eefa m\u1eb9\/s\u1eefa c\u00f4ng th\u1ee9c &#8211; t\u00f9y ch\u1ecdn. &hellip; <\/p>\n<p class=\"link-more\"><a href=\"https:\/\/bynature.vn\/vi\/product\/thuc-don-mon-trang-mieng-1\/\" class=\"more-link\">Continue reading<span class=\"screen-reader-text\"> &#8220;H\u1ed9p Tr\u00e1ng Mi\u1ec7ng Cho B\u00e9 1&#8221;<\/span><\/a><\/p>\n","protected":false},"featured_media":497,"template":"","meta":[],"pwb-brand":[],"product_cat":[237],"product_tag":[],"class_list":{"0":"post-2393","1":"product","2":"type-product","3":"status-publish","4":"has-post-thumbnail","6":"product_cat-rau-cu-qua-cho-be-an-dam","8":"first","9":"instock","10":"purchasable","11":"product-type-simple"},"acf":[],"brands":[],"_links":{"self":[{"href":"https:\/\/bynature.vn\/vi\/wp-json\/wp\/v2\/product\/2393","targetHints":{"allow":["GET"]}}],"collection":[{"href":"https:\/\/bynature.vn\/vi\/wp-json\/wp\/v2\/product"}],"about":[{"href":"https:\/\/bynature.vn\/vi\/wp-json\/wp\/v2\/types\/product"}],"wp:featuredmedia":[{"embeddable":true,"href":"https:\/\/bynature.vn\/vi\/wp-json\/wp\/v2\/media\/497"}],"wp:attachment":[{"href":"https:\/\/bynature.vn\/vi\/wp-json\/wp\/v2\/media?parent=2393"}],"wp:term":[{"taxonomy":"pwb-brand","embeddable":true,"href":"https:\/\/bynature.vn\/vi\/wp-json\/wp\/v2\/pwb-brand?post=2393"},{"taxonomy":"product_cat","embeddable":true,"href":"https:\/\/bynature.vn\/vi\/wp-json\/wp\/v2\/product_cat?post=2393"},{"taxonomy":"product_tag","embeddable":true,"href":"https:\/\/bynature.vn\/vi\/wp-json\/wp\/v2\/product_tag?post=2393"}],"curies":[{"name":"wp","href":"https:\/\/api.w.org\/{rel}","templated":true}]}}