{"id":2391,"date":"2023-11-14T12:46:54","date_gmt":"2023-11-14T05:46:54","guid":{"rendered":"https:\/\/bynature.vn\/product\/thuc-don-an-dam-5\/"},"modified":"2026-02-09T19:28:21","modified_gmt":"2026-02-09T12:28:21","slug":"thuc-don-an-dam-5","status":"publish","type":"product","link":"https:\/\/bynature.vn\/vi\/product\/thuc-don-an-dam-5\/","title":{"rendered":"H\u1ed9p B\u1eefa \u0102n Cho B\u00e9 5"},"content":{"rendered":"<h6 style=\"text-align: justify;\">H\u1ed9p B\u1eefa \u0102n Cho B\u00e9 5 (B\u00ed &#8211; b\u00f4ng c\u1ea3i xanh &#8211; khoai t\u00e2y)<\/h6>\n<p style=\"text-align: justify;\">Kho\u1ea3ng 4 ph\u1ea7n \u0103n 500ml<\/p>\n<p style=\"text-align: justify;\">1 b\u00ed (300g)<br \/>\n3-400g b\u00f4ng c\u1ea3i xanh<br \/>\n100g khoai t\u00e2y<br \/>\n3 th\u00eca c\u00e0 ph\u00ea b\u01a1 ho\u1eb7c d\u1ea7u \u00f4 liu nguy\u00ean ch\u1ea5t \u2013 t\u00f9y ch\u1ecdn<br \/>\n50ml s\u1eefa m\u1eb9 ho\u1eb7c s\u1eefa c\u00f4ng th\u1ee9c (pha v\u1edbi n\u01b0\u1edbc) \u2013 t\u00f9y ch\u1ecdn<br \/>\n1. G\u1ecdt v\u1ecf khoai t\u00e2y v\u00e0 b\u00ed, c\u1eaft th\u00e0nh kh\u1ed1i. R\u1eeda s\u1ea1ch b\u00f4ng c\u1ea3i xanh v\u00e0 c\u1eaft nh\u1ecf, ph\u1ea7n cu\u1ed1ng c\u0169ng r\u1ea5t h\u1eefu \u00edch <\/p>\n<p style=\"text-align: justify;\">2. Lu\u1ed9c b\u00ed v\u00e0 khoai t\u00e2y cho \u0111\u1ebfn khi m\u1ec1m (kho\u1ea3ng 20-25 ph\u00fat), th\u00eam b\u00f4ng c\u1ea3i xanh v\u00e0o trong 8 ph\u00fat cu\u1ed1i c\u00f9ng.<\/p>\n<p style=\"text-align: justify;\">3. Tr\u1ed9n cho \u0111\u1ebfn khi b\u1ea1n \u0111\u1ea1t \u0111\u01b0\u1ee3c \u0111\u1ed9 \u0111\u1eb7c mong mu\u1ed1n<\/p>\n<p style=\"text-align: justify;\">4. Tr\u1ed9n v\u1edbi b\u01a1\/d\u1ea7u \u00f4 liu nguy\u00ean ch\u1ea5t v\u00e0 s\u1eefa m\u1eb9\/s\u1eefa c\u00f4ng th\u1ee9c &#8211; t\u00f9y ch\u1ecdn<\/p>\n<p style=\"text-align: justify;\">N\u1ebfu b\u1ea1n mu\u1ed1n c\u1ea5p \u0111\u00f4ng m\u1ed9t ph\u1ea7n, h\u00e3y l\u00e0m tr\u01b0\u1edbc khi th\u00eam b\u01a1\/d\u1ea7u \u00f4 liu v\u00e0 s\u1eefa m\u1eb9\/s\u1eefa c\u00f4ng th\u1ee9c. Chia \u0111\u00f4ng theo kh\u1ea9u ph\u1ea7n mong mu\u1ed1n. Kh\u00f4ng c\u1ea5p \u0111\u00f4ng l\u1ea1i s\u1eefa c\u00f4ng th\u1ee9c ho\u1eb7c s\u1eefa m\u1eb9.  <\/p>\n<p style=\"text-align: justify;\">H\u1ed9p b\u1eefa \u0103n cho b\u00e9 \u0111\u01b0\u1ee3c t\u1ea1o ra v\u1edbi s\u1ef1 h\u1ee3p t\u00e1c c\u1ee7a \u0111\u1ea7u b\u1ebfp v\u00e0 chuy\u00ean gia dinh d\u01b0\u1ee1ng. T\u1ea5t c\u1ea3 s\u1ea3n ph\u1ea9m \u0111\u1ec1u t\u01b0\u01a1i t\u1eeb n\u00f4ng tr\u1ea1i v\u00e0 kh\u00f4ng ch\u1ee9a thu\u1ed1c tr\u1eeb s\u00e2u.  T\u1ea5t c\u1ea3 c\u00e1c c\u00f4ng th\u1ee9c n\u1ea5u \u0103n \u0111\u1ec1u \u0111\u01b0\u1ee3c b\u00e9\/tr\u1ebb m\u1edbi bi\u1ebft \u0111i v\u00e0 cha m\u1eb9 ch\u1ea5p thu\u1eadn<\/p>\n<p>T\u00ecm hi\u1ec3u th\u00eam: <span style=\"text-decoration: underline;\"><span style=\"color: #008000;\"><a style=\"color: #008000; text-decoration: underline;\" href=\"https:\/\/bynature.vn\/what-is-in-the-box\/\">What is in The Box?<\/a><\/span><\/span><\/p>\n","protected":false},"excerpt":{"rendered":"<p>H\u1ed9p B\u1eefa \u0102n Cho B\u00e9 5 (B\u00ed &#8211; b\u00f4ng c\u1ea3i xanh &#8211; khoai t\u00e2y) Kho\u1ea3ng 4 ph\u1ea7n \u0103n 500ml 1 b\u00ed (300g) 3-400g b\u00f4ng c\u1ea3i xanh 100g khoai t\u00e2y 3 th\u00eca c\u00e0 ph\u00ea b\u01a1 ho\u1eb7c d\u1ea7u \u00f4 liu nguy\u00ean ch\u1ea5t \u2013 t\u00f9y ch\u1ecdn 50ml s\u1eefa m\u1eb9 ho\u1eb7c s\u1eefa c\u00f4ng th\u1ee9c (pha v\u1edbi n\u01b0\u1edbc) \u2013 t\u00f9y &hellip; <\/p>\n<p class=\"link-more\"><a href=\"https:\/\/bynature.vn\/vi\/product\/thuc-don-an-dam-5\/\" class=\"more-link\">Continue reading<span class=\"screen-reader-text\"> &#8220;H\u1ed9p B\u1eefa \u0102n Cho B\u00e9 5&#8221;<\/span><\/a><\/p>\n","protected":false},"featured_media":491,"template":"","meta":[],"pwb-brand":[],"product_cat":[237],"product_tag":[],"class_list":{"0":"post-2391","1":"product","2":"type-product","3":"status-publish","4":"has-post-thumbnail","6":"product_cat-rau-cu-qua-cho-be-an-dam","8":"first","9":"instock","10":"purchasable","11":"product-type-simple"},"acf":[],"brands":[],"_links":{"self":[{"href":"https:\/\/bynature.vn\/vi\/wp-json\/wp\/v2\/product\/2391","targetHints":{"allow":["GET"]}}],"collection":[{"href":"https:\/\/bynature.vn\/vi\/wp-json\/wp\/v2\/product"}],"about":[{"href":"https:\/\/bynature.vn\/vi\/wp-json\/wp\/v2\/types\/product"}],"wp:featuredmedia":[{"embeddable":true,"href":"https:\/\/bynature.vn\/vi\/wp-json\/wp\/v2\/media\/491"}],"wp:attachment":[{"href":"https:\/\/bynature.vn\/vi\/wp-json\/wp\/v2\/media?parent=2391"}],"wp:term":[{"taxonomy":"pwb-brand","embeddable":true,"href":"https:\/\/bynature.vn\/vi\/wp-json\/wp\/v2\/pwb-brand?post=2391"},{"taxonomy":"product_cat","embeddable":true,"href":"https:\/\/bynature.vn\/vi\/wp-json\/wp\/v2\/product_cat?post=2391"},{"taxonomy":"product_tag","embeddable":true,"href":"https:\/\/bynature.vn\/vi\/wp-json\/wp\/v2\/product_tag?post=2391"}],"curies":[{"name":"wp","href":"https:\/\/api.w.org\/{rel}","templated":true}]}}