{"id":2387,"date":"2023-11-14T12:46:50","date_gmt":"2023-11-14T05:46:50","guid":{"rendered":"https:\/\/bynature.vn\/product\/thuc-don-an-dam-1\/"},"modified":"2026-02-09T19:29:36","modified_gmt":"2026-02-09T12:29:36","slug":"thuc-don-an-dam-1","status":"publish","type":"product","link":"https:\/\/bynature.vn\/vi\/product\/thuc-don-an-dam-1\/","title":{"rendered":"H\u1ed9p B\u1eefa \u0102n Cho B\u00e9 1"},"content":{"rendered":"<h6 style=\"text-align: justify;\">H\u1ed9p B\u1eefa \u0102n Cho B\u00e9 1<\/h6>\n<p style=\"text-align: justify;\">(B\u00ed &#8211; khoai t\u00e2y &#8211; c\u00e0 r\u1ed1t)<\/p>\n<p style=\"text-align: justify;\">2-3 ph\u1ea7n ho\u1eb7c 500ml<\/p>\n<p style=\"text-align: justify;\">1 qu\u1ea3 b\u00ed (d\u00f9ng 300g)<br \/>\n250g khoai t\u00e2y<br \/>\n250g c\u00e0 r\u1ed1t<br \/>\n3 th\u00eca c\u00e0 ph\u00ea b\u01a1 ho\u1eb7c d\u1ea7u \u00f4 liu nguy\u00ean ch\u1ea5t \u2013 t\u00f9y ch\u1ecdn<br \/>\n50ml s\u1eefa m\u1eb9 ho\u1eb7c s\u1eefa c\u00f4ng th\u1ee9c (pha v\u1edbi n\u01b0\u1edbc) \u2013 t\u00f9y ch\u1ecdn<\/p>\n<p style=\"text-align: justify;\">1. G\u1ecdt v\u1ecf c\u00e0 r\u1ed1t, b\u00ed v\u00e0 khoai t\u00e2y, c\u1eaft kh\u1ed1i v\u00e0 lu\u1ed9c \u0111\u1ebfn khi m\u1ec1m (kho\u1ea3ng 20\u201325 ph\u00fat)<\/p>\n<p style=\"text-align: justify;\">2. Xay cho \u0111\u1ebfn khi \u0111\u1ea1t \u0111\u1ed9 m\u1ecbn mong mu\u1ed1n<\/p>\n<p style=\"text-align: justify;\">3. Tr\u1ed9n v\u1edbi b\u01a1\/d\u1ea7u \u00f4 liu nguy\u00ean ch\u1ea5t v\u00e0 s\u1eefa m\u1eb9\/s\u1eefa c\u00f4ng th\u1ee9c (t\u00f9y ch\u1ecdn)<\/p>\n<p style=\"text-align: justify;\">N\u1ebfu b\u1ea1n mu\u1ed1n c\u1ea5p \u0111\u00f4ng m\u1ed9t ph\u1ea7n, h\u00e3y l\u00e0m tr\u01b0\u1edbc khi th\u00eam b\u01a1\/d\u1ea7u \u00f4 liu v\u00e0 s\u1eefa m\u1eb9\/s\u1eefa c\u00f4ng th\u1ee9c. Chia \u0111\u00f4ng theo kh\u1ea9u ph\u1ea7n mong mu\u1ed1n. Kh\u00f4ng c\u1ea5p \u0111\u00f4ng l\u1ea1i s\u1eefa c\u00f4ng th\u1ee9c ho\u1eb7c s\u1eefa m\u1eb9.  <\/p>\n<p style=\"text-align: justify;\">C\u00e1c h\u1ed9p b\u1eefa \u0103n cho b\u00e9 \u0111\u01b0\u1ee3c t\u1ea1o ra v\u1edbi s\u1ef1 h\u1ee3p t\u00e1c c\u1ee7a \u0111\u1ea7u b\u1ebfp v\u00e0 chuy\u00ean gia dinh d\u01b0\u1ee1ng. T\u1ea5t c\u1ea3 s\u1ea3n ph\u1ea9m \u0111\u1ec1u t\u01b0\u01a1i t\u1eeb n\u00f4ng tr\u1ea1i v\u00e0 kh\u00f4ng s\u1eed d\u1ee5ng thu\u1ed1c tr\u1eeb s\u00e2u. C\u00f4ng th\u1ee9c \u0111\u01b0\u1ee3c ki\u1ec3m duy\u1ec7t v\u00e0 ph\u00f9 h\u1ee3p cho em b\u00e9\/tr\u1ebb nh\u1ecf c\u0169ng nh\u01b0 ph\u1ee5 huynh.  <\/p>\n<p>T\u00ecm hi\u1ec3u th\u00eam: <span style=\"text-decoration: underline;\"><span style=\"color: #008000;\"><a style=\"color: #008000; text-decoration: underline;\" href=\"https:\/\/bynature.vn\/what-is-in-the-box\/\">What is in The Box?<\/a><\/span><\/span><\/p>\n","protected":false},"excerpt":{"rendered":"<p>H\u1ed9p B\u1eefa \u0102n Cho B\u00e9 1 (B\u00ed &#8211; khoai t\u00e2y &#8211; c\u00e0 r\u1ed1t) 2-3 ph\u1ea7n ho\u1eb7c 500ml 1 qu\u1ea3 b\u00ed (d\u00f9ng 300g) 250g khoai t\u00e2y 250g c\u00e0 r\u1ed1t 3 th\u00eca c\u00e0 ph\u00ea b\u01a1 ho\u1eb7c d\u1ea7u \u00f4 liu nguy\u00ean ch\u1ea5t \u2013 t\u00f9y ch\u1ecdn 50ml s\u1eefa m\u1eb9 ho\u1eb7c s\u1eefa c\u00f4ng th\u1ee9c (pha v\u1edbi n\u01b0\u1edbc) \u2013 t\u00f9y ch\u1ecdn &hellip; <\/p>\n<p class=\"link-more\"><a href=\"https:\/\/bynature.vn\/vi\/product\/thuc-don-an-dam-1\/\" class=\"more-link\">Continue reading<span class=\"screen-reader-text\"> &#8220;H\u1ed9p B\u1eefa \u0102n Cho B\u00e9 1&#8221;<\/span><\/a><\/p>\n","protected":false},"featured_media":479,"template":"","meta":[],"pwb-brand":[],"product_cat":[237],"product_tag":[],"class_list":{"0":"post-2387","1":"product","2":"type-product","3":"status-publish","4":"has-post-thumbnail","6":"product_cat-rau-cu-qua-cho-be-an-dam","8":"first","9":"instock","10":"purchasable","11":"product-type-simple"},"acf":[],"brands":[],"_links":{"self":[{"href":"https:\/\/bynature.vn\/vi\/wp-json\/wp\/v2\/product\/2387","targetHints":{"allow":["GET"]}}],"collection":[{"href":"https:\/\/bynature.vn\/vi\/wp-json\/wp\/v2\/product"}],"about":[{"href":"https:\/\/bynature.vn\/vi\/wp-json\/wp\/v2\/types\/product"}],"wp:featuredmedia":[{"embeddable":true,"href":"https:\/\/bynature.vn\/vi\/wp-json\/wp\/v2\/media\/479"}],"wp:attachment":[{"href":"https:\/\/bynature.vn\/vi\/wp-json\/wp\/v2\/media?parent=2387"}],"wp:term":[{"taxonomy":"pwb-brand","embeddable":true,"href":"https:\/\/bynature.vn\/vi\/wp-json\/wp\/v2\/pwb-brand?post=2387"},{"taxonomy":"product_cat","embeddable":true,"href":"https:\/\/bynature.vn\/vi\/wp-json\/wp\/v2\/product_cat?post=2387"},{"taxonomy":"product_tag","embeddable":true,"href":"https:\/\/bynature.vn\/vi\/wp-json\/wp\/v2\/product_tag?post=2387"}],"curies":[{"name":"wp","href":"https:\/\/api.w.org\/{rel}","templated":true}]}}