{"id":2386,"date":"2023-11-14T12:46:50","date_gmt":"2023-11-14T05:46:50","guid":{"rendered":"https:\/\/bynature.vn\/product\/thung-rau-cu-qua-thuan-tu-nhien-cho-me-bau\/"},"modified":"2026-02-07T19:42:48","modified_gmt":"2026-02-07T12:42:48","slug":"thung-rau-cu-qua-thuan-tu-nhien-cho-me-bau","status":"publish","type":"product","link":"https:\/\/bynature.vn\/vi\/product\/thung-rau-cu-qua-thuan-tu-nhien-cho-me-bau\/","title":{"rendered":"H\u1ed9p Si\u00eau Th\u1ef1c Ph\u1ea9m D\u00e0nh Cho M\u1eb9 B\u1ea7u"},"content":{"rendered":"<p>H\u1ed9p Si\u00eau Th\u1ef1c Ph\u1ea9m D\u00e0nh Cho M\u1eb9 B\u1ea7u ph\u00e1t huy t\u1ed1i \u0111a nh\u1eefng l\u1ee3i \u00edch m\u00e0 thi\u00ean nhi\u00ean mang l\u1ea1i trong su\u1ed1t thai k\u1ef3 c\u1ee7a b\u1ea1n.<\/p>\n<p>H\u1ed9p Si\u00eau Th\u1ef1c Ph\u1ea9m D\u00e0nh Cho M\u1eb9 B\u1ea7u bao g\u1ed3m kho\u1ea3ng 4 kg &#8211; 11 lo\u1ea1i th\u1ef1c ph\u1ea9m ho\u00e0n to\u00e0n t\u1ef1 nhi\u00ean v\u00e0 an to\u00e0n \u0111\u1ec3 t\u1ed1i \u01b0u h\u00f3a s\u1ee9c kh\u1ecfe v\u00e0 s\u1ef1 c\u00e2n b\u1eb1ng c\u1ee7a b\u1ea1n trong thai k\u1ef3: khoai lang, b\u00f4ng c\u1ea3i xanh, c\u1ea3i xo\u0103n, rau bina, c\u1ee7 c\u1ea3i Th\u1ee5y S\u0129, b\u01a1, c\u1ee7 c\u1ea3i \u0111\u01b0\u1eddng, c\u00e0 chua roma, chu\u1ed1i, cam v\u00e0 xo\u00e0i.<\/p>\n<p>T\u00ecm t\u1ea5t c\u1ea3 th\u00f4ng tin chi ti\u1ebft v\u1ec1 l\u00fd do t\u1ea1i sao s\u1ef1 k\u1ebft h\u1ee3p trong h\u1ed9p n\u00e0y s\u1ebd mang l\u1ea1i l\u1ee3i \u00edch cho b\u1ea1n v\u00e0 em b\u00e9 trong b\u00e0i \u0111\u0103ng tr\u00ean blog c\u1ee7a ch\u00fang t\u00f4i<\/p>\n","protected":false},"excerpt":{"rendered":"<p>H\u1ed9p Si\u00eau Th\u1ef1c Ph\u1ea9m D\u00e0nh Cho M\u1eb9 B\u1ea7u ph\u00e1t huy t\u1ed1i \u0111a nh\u1eefng l\u1ee3i \u00edch m\u00e0 thi\u00ean nhi\u00ean mang l\u1ea1i trong su\u1ed1t thai k\u1ef3 c\u1ee7a b\u1ea1n. H\u1ed9p Si\u00eau Th\u1ef1c Ph\u1ea9m D\u00e0nh Cho M\u1eb9 B\u1ea7u bao g\u1ed3m kho\u1ea3ng 4 kg &#8211; 11 lo\u1ea1i th\u1ef1c ph\u1ea9m ho\u00e0n to\u00e0n t\u1ef1 nhi\u00ean v\u00e0 an to\u00e0n \u0111\u1ec3 t\u1ed1i \u01b0u h\u00f3a &hellip; <\/p>\n<p class=\"link-more\"><a href=\"https:\/\/bynature.vn\/vi\/product\/thung-rau-cu-qua-thuan-tu-nhien-cho-me-bau\/\" class=\"more-link\">Continue reading<span class=\"screen-reader-text\"> &#8220;H\u1ed9p Si\u00eau Th\u1ef1c Ph\u1ea9m D\u00e0nh Cho M\u1eb9 B\u1ea7u&#8221;<\/span><\/a><\/p>\n","protected":false},"featured_media":476,"template":"","meta":[],"pwb-brand":[],"product_cat":[238],"product_tag":[],"class_list":{"0":"post-2386","1":"product","2":"type-product","3":"status-publish","4":"has-post-thumbnail","6":"product_cat-thung-rau-cu","8":"first","9":"instock","10":"purchasable","11":"product-type-simple"},"acf":[],"brands":[],"_links":{"self":[{"href":"https:\/\/bynature.vn\/vi\/wp-json\/wp\/v2\/product\/2386","targetHints":{"allow":["GET"]}}],"collection":[{"href":"https:\/\/bynature.vn\/vi\/wp-json\/wp\/v2\/product"}],"about":[{"href":"https:\/\/bynature.vn\/vi\/wp-json\/wp\/v2\/types\/product"}],"wp:featuredmedia":[{"embeddable":true,"href":"https:\/\/bynature.vn\/vi\/wp-json\/wp\/v2\/media\/476"}],"wp:attachment":[{"href":"https:\/\/bynature.vn\/vi\/wp-json\/wp\/v2\/media?parent=2386"}],"wp:term":[{"taxonomy":"pwb-brand","embeddable":true,"href":"https:\/\/bynature.vn\/vi\/wp-json\/wp\/v2\/pwb-brand?post=2386"},{"taxonomy":"product_cat","embeddable":true,"href":"https:\/\/bynature.vn\/vi\/wp-json\/wp\/v2\/product_cat?post=2386"},{"taxonomy":"product_tag","embeddable":true,"href":"https:\/\/bynature.vn\/vi\/wp-json\/wp\/v2\/product_tag?post=2386"}],"curies":[{"name":"wp","href":"https:\/\/api.w.org\/{rel}","templated":true}]}}