{"id":2384,"date":"2023-11-14T12:46:50","date_gmt":"2023-11-14T05:46:50","guid":{"rendered":"https:\/\/bynature.vn\/product\/thung-trai-cay-nhiet-doi-theo-mua-2\/"},"modified":"2026-02-09T19:02:16","modified_gmt":"2026-02-09T12:02:16","slug":"thung-trai-cay-nhiet-doi-theo-mua-2","status":"publish","type":"product","link":"https:\/\/bynature.vn\/vi\/product\/thung-trai-cay-nhiet-doi-theo-mua-2\/","title":{"rendered":"Th\u00f9ng Tr\u00e1i C\u00e2y Nhi\u1ec7t \u0110\u1edbi"},"content":{"rendered":"<h6 style=\"text-align: justify;\">Th\u00f9ng tr\u00e1i c\u00e2y nhi\u1ec7t \u0111\u1edbi<\/h6>\n<p style=\"text-align: justify;\">Th\u01b0\u1edfng th\u1ee9c 4kg tr\u00e1i c\u00e2y nhi\u1ec7t \u0111\u1edbi t\u1ef1 nhi\u00ean \u0111\u01b0\u1ee3c tuy\u1ec3n ch\u1ecdn k\u1ef9 l\u01b0\u1ee1ng. Trong h\u1ed9p gi\u00e1 tr\u1ecb n\u00e0y c\u00f3: \u1ed5i, xo\u00e0i, \u0111u \u0111\u1ee7, chanh, chanh leo, thanh long tr\u1eafng\/h\u1ed3ng v\u00e0 chu\u1ed1i. <\/p>\n<p style=\"text-align: justify;\">\u0110\u1ecdc th\u00eam: <span style=\"text-decoration: underline; color: #008000;\"><a style=\"color: #008000; text-decoration: underline;\" href=\"https:\/\/bynature.vn\/top-5-reasons-why-eating-fruits-is-good-for-your-health\/\">Why is eating Fruits good for your health?<\/a><\/span><\/p>\n","protected":false},"excerpt":{"rendered":"<p>Th\u00f9ng tr\u00e1i c\u00e2y nhi\u1ec7t \u0111\u1edbi Th\u01b0\u1edfng th\u1ee9c 4kg tr\u00e1i c\u00e2y nhi\u1ec7t \u0111\u1edbi t\u1ef1 nhi\u00ean \u0111\u01b0\u1ee3c tuy\u1ec3n ch\u1ecdn k\u1ef9 l\u01b0\u1ee1ng. Trong h\u1ed9p gi\u00e1 tr\u1ecb n\u00e0y c\u00f3: \u1ed5i, xo\u00e0i, \u0111u \u0111\u1ee7, chanh, chanh leo, thanh long tr\u1eafng\/h\u1ed3ng v\u00e0 chu\u1ed1i. \u0110\u1ecdc th\u00eam: Why is eating Fruits good for your health?<\/p>\n","protected":false},"featured_media":472,"template":"","meta":[],"pwb-brand":[],"product_cat":[624,236,239],"product_tag":[],"class_list":{"0":"post-2384","1":"product","2":"type-product","3":"status-publish","4":"has-post-thumbnail","6":"product_cat-hop","7":"product_cat-thung-trai-cay","8":"product_cat-trai-cay","10":"first","11":"instock","12":"purchasable","13":"product-type-simple"},"acf":[],"brands":[],"_links":{"self":[{"href":"https:\/\/bynature.vn\/vi\/wp-json\/wp\/v2\/product\/2384","targetHints":{"allow":["GET"]}}],"collection":[{"href":"https:\/\/bynature.vn\/vi\/wp-json\/wp\/v2\/product"}],"about":[{"href":"https:\/\/bynature.vn\/vi\/wp-json\/wp\/v2\/types\/product"}],"wp:featuredmedia":[{"embeddable":true,"href":"https:\/\/bynature.vn\/vi\/wp-json\/wp\/v2\/media\/472"}],"wp:attachment":[{"href":"https:\/\/bynature.vn\/vi\/wp-json\/wp\/v2\/media?parent=2384"}],"wp:term":[{"taxonomy":"pwb-brand","embeddable":true,"href":"https:\/\/bynature.vn\/vi\/wp-json\/wp\/v2\/pwb-brand?post=2384"},{"taxonomy":"product_cat","embeddable":true,"href":"https:\/\/bynature.vn\/vi\/wp-json\/wp\/v2\/product_cat?post=2384"},{"taxonomy":"product_tag","embeddable":true,"href":"https:\/\/bynature.vn\/vi\/wp-json\/wp\/v2\/product_tag?post=2384"}],"curies":[{"name":"wp","href":"https:\/\/api.w.org\/{rel}","templated":true}]}}