{"id":2383,"date":"2023-11-14T12:46:50","date_gmt":"2023-11-14T05:46:50","guid":{"rendered":"https:\/\/bynature.vn\/product\/thung-trai-cay-nhiet-doi-theo-mua\/"},"modified":"2026-02-09T18:57:20","modified_gmt":"2026-02-09T11:57:20","slug":"thung-trai-cay-nhiet-doi-theo-mua","status":"publish","type":"product","link":"https:\/\/bynature.vn\/vi\/product\/thung-trai-cay-nhiet-doi-theo-mua\/","title":{"rendered":"Th\u00f9ng Tr\u00e1i C\u00e2y T\u01b0\u01a1i Tuy\u1ec3n Ch\u1ecdn (M\u1edbi M\u1ed7i Tu\u1ea7n)"},"content":{"rendered":"<h6 style=\"text-align: justify;\">Th\u00f9ng tr\u00e1i c\u00e2y t\u01b0\u01a1i tuy\u1ec3n ch\u1ecdn<\/h6>\n<p style=\"text-align: justify;\">M\u1ed7i tu\u1ea7n ch\u00fang t\u00f4i s\u1ebd h\u00e1i v\u00e0 ch\u1ecdn c\u00e1c lo\u1ea1i tr\u00e1i c\u00e2y t\u1ef1 nhi\u00ean theo m\u00f9a, t\u01b0\u01a1i m\u1edbi t\u1eeb n\u00f4ng tr\u1ea1i cho h\u1ed9p n\u00e0y. B\u1ea1n s\u1ebd nh\u1eadn \u0111\u01b0\u1ee3c 5kg tr\u00e1i c\u00e2y ngon nh\u1ea5t v\u1edbi th\u00e0nh ph\u1ea7n m\u1edbi m\u1ed7i tu\u1ea7n. <\/p>\n<p>\u0110\u1ecdc th\u00eam: <span style=\"text-decoration: underline; color: #008000;\"><a style=\"color: #008000; text-decoration: underline;\" href=\"https:\/\/bynature.vn\/top-5-reasons-why-eating-fruits-is-good-for-your-health\/\">Why is eating Fruits good for your health?<\/a><\/span><\/p>\n","protected":false},"excerpt":{"rendered":"<p>Th\u00f9ng tr\u00e1i c\u00e2y t\u01b0\u01a1i tuy\u1ec3n ch\u1ecdn M\u1ed7i tu\u1ea7n ch\u00fang t\u00f4i s\u1ebd h\u00e1i v\u00e0 ch\u1ecdn c\u00e1c lo\u1ea1i tr\u00e1i c\u00e2y t\u1ef1 nhi\u00ean theo m\u00f9a, t\u01b0\u01a1i m\u1edbi t\u1eeb n\u00f4ng tr\u1ea1i cho h\u1ed9p n\u00e0y. B\u1ea1n s\u1ebd nh\u1eadn \u0111\u01b0\u1ee3c 5kg tr\u00e1i c\u00e2y ngon nh\u1ea5t v\u1edbi th\u00e0nh ph\u1ea7n m\u1edbi m\u1ed7i tu\u1ea7n. \u0110\u1ecdc th\u00eam: Why is eating Fruits good for your health?<\/p>\n","protected":false},"featured_media":469,"template":"","meta":[],"pwb-brand":[],"product_cat":[624,236,239],"product_tag":[],"class_list":{"0":"post-2383","1":"product","2":"type-product","3":"status-publish","4":"has-post-thumbnail","6":"product_cat-hop","7":"product_cat-thung-trai-cay","8":"product_cat-trai-cay","10":"first","11":"instock","12":"purchasable","13":"product-type-simple"},"acf":[],"brands":[],"_links":{"self":[{"href":"https:\/\/bynature.vn\/vi\/wp-json\/wp\/v2\/product\/2383","targetHints":{"allow":["GET"]}}],"collection":[{"href":"https:\/\/bynature.vn\/vi\/wp-json\/wp\/v2\/product"}],"about":[{"href":"https:\/\/bynature.vn\/vi\/wp-json\/wp\/v2\/types\/product"}],"wp:featuredmedia":[{"embeddable":true,"href":"https:\/\/bynature.vn\/vi\/wp-json\/wp\/v2\/media\/469"}],"wp:attachment":[{"href":"https:\/\/bynature.vn\/vi\/wp-json\/wp\/v2\/media?parent=2383"}],"wp:term":[{"taxonomy":"pwb-brand","embeddable":true,"href":"https:\/\/bynature.vn\/vi\/wp-json\/wp\/v2\/pwb-brand?post=2383"},{"taxonomy":"product_cat","embeddable":true,"href":"https:\/\/bynature.vn\/vi\/wp-json\/wp\/v2\/product_cat?post=2383"},{"taxonomy":"product_tag","embeddable":true,"href":"https:\/\/bynature.vn\/vi\/wp-json\/wp\/v2\/product_tag?post=2383"}],"curies":[{"name":"wp","href":"https:\/\/api.w.org\/{rel}","templated":true}]}}