{"id":2380,"date":"2023-11-14T12:46:50","date_gmt":"2023-11-14T05:46:50","guid":{"rendered":"https:\/\/bynature.vn\/product\/thung-rau-cu-qua-ep-nuoc-cho-ngay-thanh-thoi\/"},"modified":"2026-02-09T17:33:06","modified_gmt":"2026-02-09T10:33:06","slug":"thung-rau-cu-qua-ep-nuoc-cho-ngay-thanh-thoi","status":"publish","type":"product","link":"https:\/\/bynature.vn\/vi\/product\/thung-rau-cu-qua-ep-nuoc-cho-ngay-thanh-thoi\/","title":{"rendered":"Th\u00f9ng Rau C\u1ee7 Qu\u1ea3 \u00c9p N\u01b0\u1edbc Cho Ng\u00e0y Th\u1ea3nh Th\u01a1i"},"content":{"rendered":"<h6 style=\"text-align: justify;\">Th\u00f9ng Rau C\u1ee7 Qu\u1ea3 \u00c9p N\u01b0\u1edbc Cho Ng\u00e0y Th\u1ea3nh Th\u01a1i<\/h6>\n<ul>\n<li style=\"text-align: justify;\">M\u1ed9t h\u1ed9p n\u00f4ng s\u1ea3n t\u01b0\u01a1i \u0111\u1ee7 \u0111\u1ec3 l\u00e0m kho\u1ea3ng 1\u20131,5 l\u00edt n\u01b0\u1edbc \u00e9p t\u1eeb c\u00e0 chua beef, c\u1ea7n t\u00e2y v\u00e0 c\u00e0 r\u1ed1t. K\u00e8m c\u00f4ng th\u1ee9c. <\/li>\n<li>T\u00ecm hi\u1ec3u th\u00eam: <span style=\"text-decoration: underline; color: #008000;\"><a style=\"color: #008000; text-decoration: underline;\" href=\"https:\/\/bynature.vn\/all-you-need-to-know-about-detox-water\/\">All you need to know about detox water<\/a><\/span><\/li>\n<\/ul>\n","protected":false},"excerpt":{"rendered":"<p>Th\u00f9ng Rau C\u1ee7 Qu\u1ea3 \u00c9p N\u01b0\u1edbc Cho Ng\u00e0y Th\u1ea3nh Th\u01a1i M\u1ed9t h\u1ed9p n\u00f4ng s\u1ea3n t\u01b0\u01a1i \u0111\u1ee7 \u0111\u1ec3 l\u00e0m kho\u1ea3ng 1\u20131,5 l\u00edt n\u01b0\u1edbc \u00e9p t\u1eeb c\u00e0 chua beef, c\u1ea7n t\u00e2y v\u00e0 c\u00e0 r\u1ed1t. K\u00e8m c\u00f4ng th\u1ee9c. T\u00ecm hi\u1ec3u th\u00eam: All you need to know about detox water<\/p>\n","protected":false},"featured_media":462,"template":"","meta":[],"pwb-brand":[],"product_cat":[235],"product_tag":[],"class_list":{"0":"post-2380","1":"product","2":"type-product","3":"status-publish","4":"has-post-thumbnail","6":"product_cat-thung-rau-cu-qua-ep-nuoc","8":"first","9":"instock","10":"purchasable","11":"product-type-simple"},"acf":[],"brands":[],"_links":{"self":[{"href":"https:\/\/bynature.vn\/vi\/wp-json\/wp\/v2\/product\/2380","targetHints":{"allow":["GET"]}}],"collection":[{"href":"https:\/\/bynature.vn\/vi\/wp-json\/wp\/v2\/product"}],"about":[{"href":"https:\/\/bynature.vn\/vi\/wp-json\/wp\/v2\/types\/product"}],"wp:featuredmedia":[{"embeddable":true,"href":"https:\/\/bynature.vn\/vi\/wp-json\/wp\/v2\/media\/462"}],"wp:attachment":[{"href":"https:\/\/bynature.vn\/vi\/wp-json\/wp\/v2\/media?parent=2380"}],"wp:term":[{"taxonomy":"pwb-brand","embeddable":true,"href":"https:\/\/bynature.vn\/vi\/wp-json\/wp\/v2\/pwb-brand?post=2380"},{"taxonomy":"product_cat","embeddable":true,"href":"https:\/\/bynature.vn\/vi\/wp-json\/wp\/v2\/product_cat?post=2380"},{"taxonomy":"product_tag","embeddable":true,"href":"https:\/\/bynature.vn\/vi\/wp-json\/wp\/v2\/product_tag?post=2380"}],"curies":[{"name":"wp","href":"https:\/\/api.w.org\/{rel}","templated":true}]}}