{"id":2370,"date":"2023-11-14T12:46:50","date_gmt":"2023-11-14T05:46:50","guid":{"rendered":"https:\/\/bynature.vn\/product\/combo-20-x-thung-rau-cu-qua-thuan-tu-nhien-the-box-bynature\/"},"modified":"2024-03-15T15:09:32","modified_gmt":"2024-03-15T08:09:32","slug":"combo-20-x-thung-rau-cu-qua-thuan-tu-nhien-the-box-bynature","status":"publish","type":"product","link":"https:\/\/bynature.vn\/vi\/product\/combo-20-x-thung-rau-cu-qua-thuan-tu-nhien-the-box-bynature\/","title":{"rendered":"Combo 20 x Th\u00f9ng Rau C\u1ee7 Qu\u1ea3 Thu\u1eadn T\u1ef1 Nhi\u00ean The Box ByNature"},"content":{"rendered":"<h6 style=\"text-align: justify;\">Combo 20 x Th\u00f9ng Rau C\u1ee7 Qu\u1ea3 Thu\u1eadn T\u1ef1 Nhi\u00ean The Box ByNature<\/h6>\n<p style=\"text-align: justify;\">T\u1eadn h\u01b0\u1edfng \u01b0u \u0111\u00e3i gi\u1ea3m ngay 10% khi mua combo 20 Th\u00f9ng Rau C\u1ee7 Qu\u1ea3 The Box ByNature.<\/p>\n<p style=\"text-align: justify;\">Combo 20 Th\u00f9ng Rau C\u1ee7 Qu\u1ea3: M\u1ed7i th\u00f9ng 5kg rau c\u1ee7 qu\u1ea3 thu\u1eadn t\u1ef1 nhi\u00ean, theo m\u00f9a, kh\u00f4ng thu\u1ed1c tr\u1eeb s\u00e2u hay ph\u00e2n h\u00f3a h\u1ecdc.<\/p>\n<p style=\"text-align: justify;\">ByNature li\u00ean k\u1ebft v\u1edbi c\u00e1c h\u1ed9 n\u00f4ng d\u00e2n canh t\u00e1c t\u1ea1i: L\u00e2m \u0110\u1ed3ng, \u0110\u01a1n D\u01b0\u01a1ng, \u0110\u00e0 L\u1ea1t, B\u1ebfn Tre, C\u1ea7n Th\u01a1, B\u00ecnh Ph\u01b0\u1edbc, \u0110\u1ed3ng Nai, \u0110\u0103k L\u0103k,&#8230; v\u00e0 \u0111\u00f4i khi l\u00e0 \u0111\u1ed3ng b\u00e0o d\u00e2n t\u1ed9c thi\u1ec3u s\u1ed1.<\/p>\n<p style=\"text-align: justify;\">Ch\u00fang t\u00f4i lu\u00f4n ki\u00ean \u0111\u1ecbnh v\u1edbi con \u0111\u01b0\u1eddng l\u00e0m n\u00f4ng nghi\u1ec7p t\u1eed t\u1ebf v\u00e0 b\u1ec1n v\u1eefng. L\u1ea5y s\u1ee9c kh\u1ecfe v\u00e0 s\u1ef1 an t\u00e2m c\u1ee7a kh\u00e1ch h\u00e0ng l\u00e0 y\u1ebfu t\u1ed1 h\u00e0ng \u0111\u1ea7u, ch\u00fang t\u00f4i cam k\u1ebft:<\/p>\n<ul>\n<li style=\"text-align: justify;\">Kh\u00f4ng thu\u1ed1c tr\u1eeb s\u00e2u, ph\u00e2n b\u00f3n h\u00f3a h\u1ecdc, hormone t\u0103ng tr\u01b0\u1edfng.<\/li>\n<li style=\"text-align: justify;\">Ki\u1ec3m nghi\u1ec7m t\u1ea5t c\u1ea3 s\u1ea3n ph\u1ea9m m\u1edbi v\u00e0 ki\u1ec3m nghi\u1ec7m s\u1ea3n ph\u1ea9m ng\u1eabu nhi\u00ean, \u0111\u1ecbnh k\u1ef3.<\/li>\n<li style=\"text-align: justify;\">\u0110\u1ecbnh k\u1ef3 ki\u1ec3m tra n\u00f4ng tr\u1ea1i \u0111\u1ec3 \u0111\u1ea3m b\u1ea3o ti\u00eau chu\u1ea9n canh t\u00e1c lu\u00f4n \u0111\u01b0\u1ee3c tu\u00e2n th\u1ee7.<\/li>\n<\/ul>\n<p style=\"text-align: justify;\">N\u00f4ng s\u1ea3n \u0111\u01b0\u1ee3c thu ho\u1ea1ch v\u00e0 v\u1eadn chuy\u1ec3n \u0111\u1ebfn t\u1eadn nh\u00e0 b\u1ea1n nh\u1eb1m \u0111\u1ea3m b\u1ea3o \u0111\u1ed9 t\u01b0\u01a1i ngon nh\u1ea5t.<\/p>\n<p style=\"text-align: justify;\">M\u1ed7i th\u00f9ng rau c\u1ee7 qu\u1ea3 The Box ByNature l\u00e0 m\u00f3n qu\u00e0 s\u1ee9c kh\u1ecfe t\u1eeb thi\u00ean nhi\u00ean m\u00e0 ByNature mu\u1ed1n g\u1eedi g\u1eafm \u0111\u1ebfn b\u1ea1n!<\/p>\n<p style=\"text-align: justify;\"><em>Th\u1eddi gian linh ho\u1ea1t: B\u1ea1n c\u00f3 th\u1ec3 d\u1eebng ch\u01b0\u01a1ng tr\u00ecnh b\u1ea5t k\u1ef3 l\u00fac n\u00e0o, ch\u1ec9 c\u1ea7n th\u00f4ng b\u00e1o cho ByNature tr\u01b0\u1edbc 2 ng\u00e0y.<\/em><\/p>\n<p style=\"text-align: justify;\">\u0110\u1ecdc th\u00eam: <span style=\"text-decoration: underline; color: #008000;\"><a style=\"color: #008000; text-decoration: underline;\" href=\"https:\/\/bynature.vn\/vi\/trong-thung-hang-se-co-nhung-gi\/\">C\u00f3 g\u00ec trong m\u1ed7i th\u00f9ng rau c\u1ee7 qu\u1ea3 ByNature?<\/a><\/span><\/p>\n","protected":false},"excerpt":{"rendered":"<p>Combo 20 x Th\u00f9ng Rau C\u1ee7 Qu\u1ea3 Thu\u1eadn T\u1ef1 Nhi\u00ean The Box ByNature T\u1eadn h\u01b0\u1edfng \u01b0u \u0111\u00e3i gi\u1ea3m ngay 10% khi mua combo 20 Th\u00f9ng Rau C\u1ee7 Qu\u1ea3 The Box ByNature. Combo 20 Th\u00f9ng Rau C\u1ee7 Qu\u1ea3: M\u1ed7i th\u00f9ng 5kg rau c\u1ee7 qu\u1ea3 thu\u1eadn t\u1ef1 nhi\u00ean, theo m\u00f9a, kh\u00f4ng thu\u1ed1c tr\u1eeb s\u00e2u hay ph\u00e2n h\u00f3a &hellip; <\/p>\n<p class=\"link-more\"><a href=\"https:\/\/bynature.vn\/vi\/product\/combo-20-x-thung-rau-cu-qua-thuan-tu-nhien-the-box-bynature\/\" class=\"more-link\">Continue reading<span class=\"screen-reader-text\"> &#8220;Combo 20 x Th\u00f9ng Rau C\u1ee7 Qu\u1ea3 Thu\u1eadn T\u1ef1 Nhi\u00ean The Box ByNature&#8221;<\/span><\/a><\/p>\n","protected":false},"featured_media":434,"template":"","meta":[],"pwb-brand":[],"product_cat":[238],"product_tag":[],"class_list":{"0":"post-2370","1":"product","2":"type-product","3":"status-publish","4":"has-post-thumbnail","6":"product_cat-thung-rau-cu","8":"first","9":"instock","10":"sale","11":"purchasable","12":"product-type-simple"},"acf":[],"brands":[],"_links":{"self":[{"href":"https:\/\/bynature.vn\/vi\/wp-json\/wp\/v2\/product\/2370","targetHints":{"allow":["GET"]}}],"collection":[{"href":"https:\/\/bynature.vn\/vi\/wp-json\/wp\/v2\/product"}],"about":[{"href":"https:\/\/bynature.vn\/vi\/wp-json\/wp\/v2\/types\/product"}],"wp:featuredmedia":[{"embeddable":true,"href":"https:\/\/bynature.vn\/vi\/wp-json\/wp\/v2\/media\/434"}],"wp:attachment":[{"href":"https:\/\/bynature.vn\/vi\/wp-json\/wp\/v2\/media?parent=2370"}],"wp:term":[{"taxonomy":"pwb-brand","embeddable":true,"href":"https:\/\/bynature.vn\/vi\/wp-json\/wp\/v2\/pwb-brand?post=2370"},{"taxonomy":"product_cat","embeddable":true,"href":"https:\/\/bynature.vn\/vi\/wp-json\/wp\/v2\/product_cat?post=2370"},{"taxonomy":"product_tag","embeddable":true,"href":"https:\/\/bynature.vn\/vi\/wp-json\/wp\/v2\/product_tag?post=2370"}],"curies":[{"name":"wp","href":"https:\/\/api.w.org\/{rel}","templated":true}]}}