{"id":2368,"date":"2023-11-14T12:46:50","date_gmt":"2023-11-14T05:46:50","guid":{"rendered":"https:\/\/bynature.vn\/product\/thung-rau-cu-qua-thuan-tu-nhien-the-box-bynature\/"},"modified":"2026-02-09T12:05:01","modified_gmt":"2026-02-09T05:05:01","slug":"thung-rau-cu-qua-thuan-tu-nhien-the-box-bynature","status":"publish","type":"product","link":"https:\/\/bynature.vn\/vi\/product\/thung-rau-cu-qua-thuan-tu-nhien-the-box-bynature\/","title":{"rendered":"Th\u00f9ng Rau C\u1ee7 Qu\u1ea3 Ho\u00e0n To\u00e0n T\u1ef1 Nhi\u00ean"},"content":{"rendered":"<h6>Th\u00f9ng Rau C\u1ee7 Qu\u1ea3 Ho\u00e0n To\u00e0n T\u1ef1 Nhi\u00ean<\/h6>\n<p>H\u1ed9p theo m\u00f9a kho\u1ea3ng 5kg g\u1ed3m tr\u00e1i c\u00e2y v\u00e0 rau c\u1ee7 t\u01b0\u01a1i, ho\u00e0n to\u00e0n t\u1ef1 nhi\u00ean t\u1eeb n\u00f4ng tr\u1ea1i.<\/p>\n<p>T\u00ecm hi\u1ec3u th\u00eam:<span style=\"text-decoration: underline; color: #008000;\"> <a style=\"color: #008000; text-decoration: underline;\" href=\"https:\/\/bynature.vn\/what-is-in-the-box\/\">What is in the ByNature box?<\/a><\/span><\/p>\n","protected":false},"excerpt":{"rendered":"<p>Th\u00f9ng Rau C\u1ee7 Qu\u1ea3 Ho\u00e0n To\u00e0n T\u1ef1 Nhi\u00ean H\u1ed9p theo m\u00f9a kho\u1ea3ng 5kg g\u1ed3m tr\u00e1i c\u00e2y v\u00e0 rau c\u1ee7 t\u01b0\u01a1i, ho\u00e0n to\u00e0n t\u1ef1 nhi\u00ean t\u1eeb n\u00f4ng tr\u1ea1i. T\u00ecm hi\u1ec3u th\u00eam: What is in the ByNature box?<\/p>\n","protected":false},"featured_media":434,"template":"","meta":[],"pwb-brand":[],"product_cat":[238],"product_tag":[],"class_list":{"0":"post-2368","1":"product","2":"type-product","3":"status-publish","4":"has-post-thumbnail","6":"product_cat-thung-rau-cu","8":"first","9":"instock","10":"purchasable","11":"product-type-simple"},"acf":[],"brands":[],"_links":{"self":[{"href":"https:\/\/bynature.vn\/vi\/wp-json\/wp\/v2\/product\/2368","targetHints":{"allow":["GET"]}}],"collection":[{"href":"https:\/\/bynature.vn\/vi\/wp-json\/wp\/v2\/product"}],"about":[{"href":"https:\/\/bynature.vn\/vi\/wp-json\/wp\/v2\/types\/product"}],"wp:featuredmedia":[{"embeddable":true,"href":"https:\/\/bynature.vn\/vi\/wp-json\/wp\/v2\/media\/434"}],"wp:attachment":[{"href":"https:\/\/bynature.vn\/vi\/wp-json\/wp\/v2\/media?parent=2368"}],"wp:term":[{"taxonomy":"pwb-brand","embeddable":true,"href":"https:\/\/bynature.vn\/vi\/wp-json\/wp\/v2\/pwb-brand?post=2368"},{"taxonomy":"product_cat","embeddable":true,"href":"https:\/\/bynature.vn\/vi\/wp-json\/wp\/v2\/product_cat?post=2368"},{"taxonomy":"product_tag","embeddable":true,"href":"https:\/\/bynature.vn\/vi\/wp-json\/wp\/v2\/product_tag?post=2368"}],"curies":[{"name":"wp","href":"https:\/\/api.w.org\/{rel}","templated":true}]}}