{"id":13134,"date":"2026-01-30T15:36:30","date_gmt":"2026-01-30T08:36:30","guid":{"rendered":"https:\/\/bynature.vn\/product\/tra-nam-linh-chi\/"},"modified":"2026-01-30T15:36:30","modified_gmt":"2026-01-30T08:36:30","slug":"tra-nam-linh-chi","status":"publish","type":"product","link":"https:\/\/bynature.vn\/vi\/product\/tra-nam-linh-chi\/","title":{"rendered":"Tr\u00e0 N\u1ea5m Linh Chi"},"content":{"rendered":"<h3 data-path-to-node=\"3\"><b data-path-to-node=\"3\" data-index-in-node=\"0\">Tr\u00e0 N\u1ea5m Linh Chi &#8211; \u201cN\u1ea5m Tr\u01b0\u1eddng Sinh\u201d trong t\u00e1ch tr\u00e0 c\u1ee7a b\u1ea1n<\/b><\/h3>\n<p data-path-to-node=\"4\">Tr\u1ea3i nghi\u1ec7m tinh hoa c\u1ee7a y h\u1ecdc th\u1ea3o m\u1ed9c c\u1ed5 truy\u1ec1n v\u1edbi Tr\u00e0 N\u1ea5m Linh Chi c\u1ee7a Natur Boutique. <span class=\"citation-76\">\u0110\u01b0\u1ee3c bi\u1ebft \u0111\u1ebfn trong y h\u1ecdc ph\u01b0\u01a1ng \u0110\u00f4ng h\u01a1n 2.000 n\u0103m qua v\u1edbi t\u00ean g\u1ecdi \u201cN\u1ea5m Tr\u01b0\u1eddng Sinh\u201d, Linh Chi <\/span><i data-path-to-node=\"4\" data-index-in-node=\"182\">(Ganoderma lucidum)<\/i> <span class=\"citation-76 citation-end-76\">n\u1ed5i ti\u1ebfng v\u1edbi kh\u1ea3 n\u0103ng c\u00e2n b\u1eb1ng c\u01a1 th\u1ec3 v\u00e0 l\u00e0m d\u1ecbu t\u00e2m tr\u00ed.<\/span><\/p>\n<p data-path-to-node=\"5\">\u0110\u00e2y kh\u00f4ng ch\u1ec9 l\u00e0 m\u1ed9t lo\u1ea1i tr\u00e0; m\u00e0 l\u00e0 nghi th\u1ee9c m\u1ed7i ng\u00e0y cho s\u1ef1 b\u1ec1n b\u1ec9. <span class=\"citation-75 citation-end-75\">Natur Boutique s\u1eed d\u1ee5ng n\u1ea5m Linh Chi ch\u1ea5t l\u01b0\u1ee3ng cao, gi\u00fap b\u1ea1n nh\u1eadn \u0111\u01b0\u1ee3c tr\u1ecdn v\u1eb9n c\u00e1c l\u1ee3i \u00edch th\u00edch nghi trong m\u1ed9t d\u1ea1ng tr\u00e0 ti\u1ec7n l\u1ee3i, m\u1ed9c m\u1ea1c.<\/span><\/p>\n<div class=\"source-inline-chip-container ng-star-inserted\"><\/div>\n<h3 data-path-to-node=\"7\"><b data-path-to-node=\"7\" data-index-in-node=\"0\">V\u00ec Sao B\u1ea1n S\u1ebd Th\u00edch S\u1ea3n Ph\u1ea9m N\u00e0y:<\/b><\/h3>\n<ul data-path-to-node=\"8\">\n<li>\n<p data-path-to-node=\"8,0,0\"><b data-path-to-node=\"8,0,0\" data-index-in-node=\"0\"><span class=\"citation-74\">H\u1ed7 Tr\u1ee3 Th\u00edch \u1ee8ng:<\/span><\/b> <span class=\"citation-74 citation-end-74\">Linh Chi gi\u00fap c\u01a1 th\u1ec3 qu\u1ea3n l\u00fd c\u0103ng th\u1eb3ng v\u00e0 mang l\u1ea1i c\u1ea3m gi\u00e1c b\u00ecnh an n\u1ed9i t\u1ea1i m\u00e0 kh\u00f4ng g\u00e2y bu\u1ed3n ng\u1ee7.<\/span><\/p>\n<\/li>\n<li>\n<p data-path-to-node=\"8,1,0\"><span class=\"citation-73\"><b data-path-to-node=\"8,1,0\" data-index-in-node=\"0\">S\u1ee9c S\u1ed1ng Mi\u1ec5n D\u1ecbch:<\/b><\/span><span class=\"citation-73 citation-end-73\"> Gi\u00e0u beta-glucan v\u00e0 ch\u1ea5t ch\u1ed1ng oxy h\u00f3a, h\u1ed7 tr\u1ee3 h\u1ec7 mi\u1ec5n d\u1ecbch t\u1ef1 nhi\u00ean.<\/span><\/p>\n<\/li>\n<li>\n<p data-path-to-node=\"8,2,0\"><b data-path-to-node=\"8,2,0\" data-index-in-node=\"0\">Thu\u1ea7n Khi\u1ebft:<\/b> 100% t\u1ef1 nhi\u00ean, kh\u00f4ng caffeine v\u00e0 kh\u00f4ng ch\u1ee9a h\u01b0\u01a1ng li\u1ec7u, m\u00e0u nh\u00e2n t\u1ea1o hay ch\u1ea5t b\u1ea3o qu\u1ea3n.<\/p>\n<\/li>\n<li>\n<p data-path-to-node=\"8,3,0\"><b data-path-to-node=\"8,3,0\" data-index-in-node=\"0\">N\u1ec1n V\u1ecb M\u1ed9c M\u1ea1c Thu\u1ea7n T\u00fay:<\/b> H\u01b0\u01a1ng v\u1ecb g\u1ed7 tr\u1ea7m s\u00e2u, h\u01a1i \u0111\u1eafng nh\u1eb9, r\u1ea5t h\u1ee3p khi d\u00f9ng c\u00f9ng ch\u00fat m\u1eadt ong ho\u1eb7c g\u1eebng.<\/p>\n<\/li>\n<\/ul>\n<h3 data-path-to-node=\"10\"><\/h3>\n<h3 data-path-to-node=\"10\"><b data-path-to-node=\"10\" data-index-in-node=\"0\">L\u1ee3i \u00cdch N\u1ed5i B\u1eadt<\/b><\/h3>\n<ul data-path-to-node=\"11\">\n<li>\n<p data-path-to-node=\"11,0,0\"><b data-path-to-node=\"11,0,0\" data-index-in-node=\"0\">Gi\u1ea3m C\u0103ng Th\u1eb3ng T\u1ef1 Nhi\u00ean:<\/b> L\u00fd t\u01b0\u1edfng \u0111\u1ec3 th\u01b0 gi\u00e3n sau m\u1ed9t ng\u00e0y b\u1eadn r\u1ed9n n\u01a1i ph\u1ed1 th\u1ecb.<\/p>\n<\/li>\n<li>\n<p data-path-to-node=\"11,1,0\"><span class=\"citation-72\"><b data-path-to-node=\"11,1,0\" data-index-in-node=\"0\">C\u1ea3i Thi\u1ec7n Ch\u1ea5t L\u01b0\u1ee3ng Gi\u1ea5c Ng\u1ee7:<\/b><\/span> <span class=\"citation-72 citation-end-72\">\u0110\u01b0\u1ee3c bi\u1ebft \u0111\u1ebfn v\u1edbi kh\u1ea3 n\u0103ng h\u1ed7 tr\u1ee3 chu k\u1ef3 gi\u1ea5c ng\u1ee7 t\u1ef1 nhi\u00ean khi s\u1eed d\u1ee5ng \u0111\u1ec1u \u0111\u1eb7n.<\/span><\/p>\n<\/li>\n<li>\n<p data-path-to-node=\"11,2,0\"><b data-path-to-node=\"11,2,0\" data-index-in-node=\"0\">H\u1ed7 Tr\u1ee3 Gan &amp; Gi\u1ea3i \u0110\u1ed9c:<\/b><span class=\"citation-71 citation-end-71\"> Theo truy\u1ec1n th\u1ed1ng, gi\u00fap h\u1ed7 tr\u1ee3 qu\u00e1 tr\u00ecnh th\u1ea3i \u0111\u1ed9c t\u1ef1 nhi\u00ean c\u1ee7a c\u01a1 th\u1ec3.<\/span><\/p>\n<div class=\"source-inline-chip-container ng-star-inserted\"><\/div>\n<\/li>\n<\/ul>\n<h3 data-path-to-node=\"13\"><b data-path-to-node=\"13\" data-index-in-node=\"0\">C\u00e1ch Pha<\/b><\/h3>\n<p data-path-to-node=\"14\">\u0110\u1ec3 chi\u1ebft xu\u1ea5t t\u1ed1i \u0111a c\u00e1c h\u1ee3p ch\u1ea5t c\u00f3 l\u1ee3i t\u1eeb n\u1ea5m:<\/p>\n<ol start=\"1\" data-path-to-node=\"15\">\n<li>\n<p data-path-to-node=\"15,0,0\">S\u1eed d\u1ee5ng m\u1ed9t t\u00fai tr\u00e0 cho m\u1ed7i t\u00e1ch.<\/p>\n<\/li>\n<li>\n<p data-path-to-node=\"15,1,0\">R\u00f3t n\u01b0\u1edbc s\u00f4i m\u1edbi <b data-path-to-node=\"15,1,0\" data-index-in-node=\"26\">(100\u00b0C)<\/b> l\u00ean t\u00fai tr\u00e0.<\/p>\n<\/li>\n<li>\n<p data-path-to-node=\"15,2,0\"><b data-path-to-node=\"15,2,0\" data-index-in-node=\"0\">\u1ee6 trong 5\u201310 ph\u00fat.<\/b> (Linh Chi l\u00e0 n\u1ea5m ch\u1ee9c n\u0103ng v\u00e0 c\u1ea7n th\u1eddi gian \u1ee7 l\u00e2u h\u01a1n tr\u00e0 l\u00e1 th\u00f4ng th\u01b0\u1eddng \u0111\u1ec3 ph\u00e1t huy hi\u1ec7u qu\u1ea3).<\/p>\n<\/li>\n<li>\n<p data-path-to-node=\"15,3,0\">Th\u01b0\u1edfng th\u1ee9c nguy\u00ean v\u1ecb ho\u1eb7c th\u00eam ch\u1ea5t t\u1ea1o ng\u1ecdt t\u1ef1 nhi\u00ean.<\/p>\n<\/li>\n<\/ol>\n<h3 data-path-to-node=\"17\"><\/h3>\n<h3 data-path-to-node=\"17\"><b data-path-to-node=\"17\" data-index-in-node=\"0\">Chi Ti\u1ebft S\u1ea3n Ph\u1ea9m<\/b><\/h3>\n<ul data-path-to-node=\"18\">\n<li>\n<p data-path-to-node=\"18,0,0\"><b data-path-to-node=\"18,0,0\" data-index-in-node=\"0\">Nguy\u00ean Li\u1ec7u:<\/b> N\u1ea5m Linh Chi (<i data-path-to-node=\"18,0,0\" data-index-in-node=\"43\">Ganoderma lucidum<\/i>).<\/p>\n<\/li>\n<li>\n<p data-path-to-node=\"18,1,0\"><b data-path-to-node=\"18,1,0\" data-index-in-node=\"0\">Bao G\u1ed3m:<\/b> 20 t\u00fai tr\u00e0 ph\u00e2n h\u1ee7y sinh h\u1ecdc.<\/p>\n<\/li>\n<li>\n<p data-path-to-node=\"18,2,0\"><b data-path-to-node=\"18,2,0\" data-index-in-node=\"0\">Ngu\u1ed3n G\u1ed1c:<\/b> C\u00f3 ngu\u1ed3n g\u1ed1c r\u00f5 r\u00e0ng v\u00e0 \u0111\u01b0\u1ee3c s\u1ea3n xu\u1ea5t theo ti\u00eau chu\u1ea9n h\u1eefu c\u01a1 nghi\u00eam ng\u1eb7t.<\/p>\n<\/li>\n<\/ul>\n<blockquote data-path-to-node=\"19\">\n<p data-path-to-node=\"19,0\"><b data-path-to-node=\"19,0\" data-index-in-node=\"0\">L\u01b0u \u00dd:<\/b> Gi\u1ed1ng nh\u01b0 m\u1ecdi s\u1ea3n ph\u1ea9m b\u1ed5 tr\u1ee3 ch\u1ee9c n\u0103ng, h\u00e3y tham kh\u1ea3o \u00fd ki\u1ebfn chuy\u00ean gia y t\u1ebf n\u1ebfu b\u1ea1n \u0111ang mang thai, cho con b\u00fa ho\u1eb7c s\u1eed d\u1ee5ng thu\u1ed1c.<\/p>\n<\/blockquote>\n","protected":false},"excerpt":{"rendered":"<h2 data-path-to-node=\"2\"><b data-path-to-node=\"2\" data-index-in-node=\"0\">Tr\u00e0 N\u1ea5m Linh Chi<\/b><\/h2>\n<p data-path-to-node=\"3\"><b data-path-to-node=\"3\" data-index-in-node=\"0\">An \u0110\u1ecbnh T\u00e2m Tr\u00ed. B\u1ea3o V\u1ec7 C\u01a1 Th\u1ec3. <\/b><\/p>\n<p data-path-to-node=\"4\">Khai th\u00e1c s\u1ee9c m\u1ea1nh c\u1ee7a \u201cVua c\u1ee7a C\u00e1c lo\u00e0i n\u1ea5m\u201d. Natur Boutique mang \u0111\u1ebfn cho b\u1ea1n tr\u00e0 Linh Chi thu\u1ea7n khi\u1ebft, lo\u1ea1i ch\u1ea5t th\u00edch \u1ee9ng huy\u1ec1n tho\u1ea1i \u0111\u01b0\u1ee3c tr\u00e2n qu\u00fd su\u1ed1t nhi\u1ec1u th\u1ebf k\u1ef7 nh\u1edd \u0111\u1eb7c t\u00ednh ph\u1ee5c h\u1ed3i. D\u00f2ng tr\u00e0 kh\u00f4ng caffeine n\u00e0y \u0111\u01b0\u1ee3c thi\u1ebft k\u1ebf cho l\u1ed1i s\u1ed1ng hi\u1ec7n \u0111\u1ea1i, gi\u00fap b\u1ea1n t\u00ecm l\u1ea1i s\u1ef1 c\u00e2n b\u1eb1ng gi\u1eefa nh\u1ecbp s\u1ed1ng b\u1eadn r\u1ed9n m\u1ed7i ng\u00e0y.  <\/p>\n","protected":false},"featured_media":13093,"template":"","meta":[],"pwb-brand":[301],"product_cat":[226,227],"product_tag":[],"class_list":{"0":"post-13134","1":"product","2":"type-product","3":"status-publish","4":"has-post-thumbnail","6":"pwb-brand-daquyn-the-queen-vi","7":"product_cat-do-uong","8":"product_cat-ca-phe","10":"first","11":"instock","12":"shipping-taxable","13":"purchasable","14":"product-type-simple"},"acf":[],"brands":[{"id":301,"name":"Daquyn - The Queen","slug":"daquyn-the-queen-vi"}],"_links":{"self":[{"href":"https:\/\/bynature.vn\/vi\/wp-json\/wp\/v2\/product\/13134","targetHints":{"allow":["GET"]}}],"collection":[{"href":"https:\/\/bynature.vn\/vi\/wp-json\/wp\/v2\/product"}],"about":[{"href":"https:\/\/bynature.vn\/vi\/wp-json\/wp\/v2\/types\/product"}],"wp:featuredmedia":[{"embeddable":true,"href":"https:\/\/bynature.vn\/vi\/wp-json\/wp\/v2\/media\/13093"}],"wp:attachment":[{"href":"https:\/\/bynature.vn\/vi\/wp-json\/wp\/v2\/media?parent=13134"}],"wp:term":[{"taxonomy":"pwb-brand","embeddable":true,"href":"https:\/\/bynature.vn\/vi\/wp-json\/wp\/v2\/pwb-brand?post=13134"},{"taxonomy":"product_cat","embeddable":true,"href":"https:\/\/bynature.vn\/vi\/wp-json\/wp\/v2\/product_cat?post=13134"},{"taxonomy":"product_tag","embeddable":true,"href":"https:\/\/bynature.vn\/vi\/wp-json\/wp\/v2\/product_tag?post=13134"}],"curies":[{"name":"wp","href":"https:\/\/api.w.org\/{rel}","templated":true}]}}