{"id":13133,"date":"2026-02-05T09:54:01","date_gmt":"2026-02-05T02:54:01","guid":{"rendered":"https:\/\/bynature.vn\/product\/suc-khoe-trong-mot-chiec-hop\/"},"modified":"2026-02-05T09:54:01","modified_gmt":"2026-02-05T02:54:01","slug":"suc-khoe-trong-mot-chiec-hop","status":"publish","type":"product","link":"https:\/\/bynature.vn\/vi\/product\/suc-khoe-trong-mot-chiec-hop\/","title":{"rendered":"S\u1ee9c kh\u1ecfe trong m\u1ed9t chi\u1ebfc H\u1ed9p"},"content":{"rendered":"<h2 data-path-to-node=\"0\">S\u1ee9c Kh\u1ecfe \u0110\u01b0\u1ee3c Tuy\u1ec3n Ch\u1ecdn trong m\u1ed9t H\u1ed9p Qu\u00e0 T\u1eb7ng<\/h2>\n<p data-path-to-node=\"1\">Trao t\u1eb7ng m\u00f3n qu\u00e0 c\u1ee7a l\u1ed1i s\u1ed1ng ch\u1eadm v\u1edbi nh\u1eefng h\u1ed9p qu\u00e0 ByNature \u0111\u01b0\u1ee3c tuy\u1ec3n ch\u1ecdn tinh t\u1ebf. Ph\u00f9 h\u1ee3p cho m\u1ecdi d\u1ecbp k\u1ef7 ni\u1ec7m ho\u1eb7c \u0111\u01a1n gi\u1ea3n l\u00e0 chia s\u1ebb m\u1ed9t ch\u00fat y\u00eau th\u01b0\u01a1ng \u201cch\u1ec9 v\u00ec mu\u1ed1n\u201d, set qu\u00e0 n\u00e0y \u0111\u01b0\u1ee3c thi\u1ebft k\u1ebf \u0111\u1ec3 xoa d\u1ecbu c\u00e1c gi\u00e1c quan v\u00e0 l\u00e0m ng\u1ecdt ng\u00e0o ng\u00e0y m\u1edbi. <\/p>\n<p data-path-to-node=\"2\"><b data-path-to-node=\"2\" data-index-in-node=\"0\">B\u00ean trong b\u1ed9 s\u01b0u t\u1eadp \u0111\u01b0\u1ee3c tuy\u1ec3n ch\u1ecdn n\u00e0y:<\/b><\/p>\n<ul data-path-to-node=\"3\">\n<li>\n<p data-path-to-node=\"3,0,0\"><b data-path-to-node=\"3,0,0\" data-index-in-node=\"0\">Socola \u0110en Th\u1ee7 C\u00f4ng: <\/b>Socola th\u1ee7 c\u00f4ng, c\u00f3 ngu\u1ed3n g\u1ed1c duy nh\u1ea5t \u0111\u01b0\u1ee3c ch\u1ebf t\u1ea1o \u0111\u1ec3 t\u1ea1o ra h\u01b0\u01a1ng v\u1ecb phong ph\u00fa, tinh t\u1ebf.<\/p>\n<\/li>\n<li>\n<p data-path-to-node=\"3,1,0\"><b data-path-to-node=\"3,1,0\" data-index-in-node=\"0\">N\u1ebfn G\u1ed7 \u0110\u00e0n H\u01b0\u01a1ng:<\/b> T\u1ea1o kh\u00f4ng gian th\u01b0 gi\u00e3n v\u1edbi m\u00f9i h\u01b0\u01a1ng \u0111\u00e0n h\u01b0\u01a1ng tr\u1ea7m \u1ea5m t\u1eeb n\u1ebfn \u0111\u1ed5 th\u1ee7 c\u00f4ng \u0111\u1eb7c tr\u01b0ng c\u1ee7a ch\u00fang t\u00f4i.<\/p>\n<\/li>\n<li>\n<p data-path-to-node=\"3,2,0\"><b data-path-to-node=\"3,2,0\" data-index-in-node=\"0\">Tr\u00e0 Xanh &amp; G\u1eebng H\u1eefu C\u01a1:<\/b> S\u1ef1 k\u1ebft h\u1ee3p \u1ea5m \u00e1p v\u00e0 ph\u1ee5c h\u1ed3i, gi\u00fap l\u00e0m s\u00e1ng b\u1eebng nghi th\u1ee9c th\u01b0\u1edfng tr\u00e0 bu\u1ed5i chi\u1ec1u c\u1ee7a b\u1ea1n.<\/p>\n<\/li>\n<\/ul>\n<p data-path-to-node=\"4\">M\u1ed7i h\u1ed9p qu\u00e0 \u0111\u1ec1u \u0111\u01b0\u1ee3c \u0111\u00f3ng g\u00f3i th\u1ee7 c\u00f4ng c\u1ea9n th\u1eadn v\u00e0 ho\u00e0n thi\u1ec7n v\u1edbi d\u1ea3i ruy b\u0103ng n\u1ed5i b\u1eadt, t\u1ea1o n\u00ean m\u1ed9t m\u00f3n qu\u00e0 \u0111\u1eb9p m\u1eaft, s\u1eb5n s\u00e0ng \u0111\u1ec3 trao t\u1eb7ng.<\/p>\n","protected":false},"excerpt":{"rendered":"<h2 data-path-to-node=\"0\">M\u00f3n Qu\u00e0 Ho\u00e0n H\u1ea3o, T\u1ef1 Nhi\u00ean<\/h2>\n<p data-path-to-node=\"1\">L\u00e0m ai \u0111\u00f3 \u0111\u1eb7c bi\u1ec7t vui v\u1ebb v\u1edbi b\u1ed9 s\u01b0u t\u1eadp c\u00e1c m\u00f3n th\u1ee7 c\u00f4ng y\u00eau th\u00edch \u0111\u01b0\u1ee3c tuy\u1ec3n ch\u1ecdn c\u1ee7a ch\u00fang t\u00f4i. D\u00f9 l\u00e0 cho <b>d\u1ecbp \u0111\u1eb7c bi\u1ec7t<\/b> hay m\u1ed9t b\u1ea5t ng\u1edd <b data-path-to-node=\"1\" data-index-in-node=\"129\">\u201cch\u1ec9 v\u00ec mu\u1ed1n\u201d<\/b>, h\u1ed9p qu\u00e0 n\u00e0y k\u1ebft h\u1ee3p tinh hoa c\u1ee7a tay ngh\u1ec1 v\u00e0 h\u01b0\u01a1ng v\u1ecb. <\/p>\n<p data-path-to-node=\"2\"><b data-path-to-node=\"2\" data-index-in-node=\"0\">B\u00ean trong h\u1ed9p:<\/b><\/p>\n<ul data-path-to-node=\"3\">\n<li>\n<p data-path-to-node=\"3,0,0\"><b data-path-to-node=\"3,0,0\" data-index-in-node=\"0\">Socola \u0110en Th\u1ee7 C\u00f4ng:<\/b> Socola th\u1ee7 c\u00f4ng, c\u00f3 ngu\u1ed3n g\u1ed1c duy nh\u1ea5t cho h\u01b0\u01a1ng v\u1ecb \u0111\u1eadm \u0111\u00e0, tinh khi\u1ebft.<\/p>\n<\/li>\n<li>\n<p data-path-to-node=\"3,1,0\"><b data-path-to-node=\"3,1,0\" data-index-in-node=\"0\">Tr\u00e0 Xanh &amp; G\u1eebng H\u1eefu C\u01a1:<\/b> M\u1ed9t s\u1ef1 pha tr\u1ed9n nh\u1eb9 nh\u00e0ng, \u1ea5m \u00e1p c\u1ee7a tr\u00e0 \u0111\u01b0\u1ee3c ch\u1ee9ng nh\u1eadn TH\u00c2N THI\u1ec6N V\u1edaI M\u00d4I TR\u01af\u1edcNG.<\/p>\n<\/li>\n<li>\n<p data-path-to-node=\"3,2,0\"><b data-path-to-node=\"3,2,0\" data-index-in-node=\"0\">N\u1ebfn G\u1ed7 \u0110\u00e0n H\u01b0\u01a1ng: <\/b>N\u1ebfn \u0111\u1ed5 th\u1ee7 c\u00f4ng v\u1edbi h\u01b0\u01a1ng \u0111\u00e0n h\u01b0\u01a1ng tr\u1ea7m \u1ea5m gi\u00fap t\u1ea1o n\u00ean b\u1ea7u kh\u00f4ng kh\u00ed ho\u00e0n h\u1ea3o.<\/p>\n<\/li>\n<\/ul>\n<p data-path-to-node=\"4\">\u0110\u01b0\u1ee3c ho\u00e0n thi\u1ec7n \u0111\u1eb9p m\u1eaft v\u1edbi n\u01a1 bu\u1ed9c tay v\u00e0 s\u1eb5n s\u00e0ng \u0111\u1ec3 l\u00e0m qu\u00e0 t\u1eb7ng.<\/p>\n","protected":false},"featured_media":13122,"template":"","meta":[],"pwb-brand":[288],"product_cat":[408,244,242],"product_tag":[],"class_list":{"0":"post-13133","1":"product","2":"type-product","3":"status-publish","4":"has-post-thumbnail","6":"pwb-brand-bynature-vi","7":"product_cat-500-000d","8":"product_cat-hop-qua","9":"product_cat-qua-tang-hoa","11":"first","12":"instock","13":"shipping-taxable","14":"purchasable","15":"product-type-simple"},"acf":[],"brands":[{"id":288,"name":"ByNature","slug":"bynature-vi"}],"_links":{"self":[{"href":"https:\/\/bynature.vn\/vi\/wp-json\/wp\/v2\/product\/13133","targetHints":{"allow":["GET"]}}],"collection":[{"href":"https:\/\/bynature.vn\/vi\/wp-json\/wp\/v2\/product"}],"about":[{"href":"https:\/\/bynature.vn\/vi\/wp-json\/wp\/v2\/types\/product"}],"wp:featuredmedia":[{"embeddable":true,"href":"https:\/\/bynature.vn\/vi\/wp-json\/wp\/v2\/media\/13122"}],"wp:attachment":[{"href":"https:\/\/bynature.vn\/vi\/wp-json\/wp\/v2\/media?parent=13133"}],"wp:term":[{"taxonomy":"pwb-brand","embeddable":true,"href":"https:\/\/bynature.vn\/vi\/wp-json\/wp\/v2\/pwb-brand?post=13133"},{"taxonomy":"product_cat","embeddable":true,"href":"https:\/\/bynature.vn\/vi\/wp-json\/wp\/v2\/product_cat?post=13133"},{"taxonomy":"product_tag","embeddable":true,"href":"https:\/\/bynature.vn\/vi\/wp-json\/wp\/v2\/product_tag?post=13133"}],"curies":[{"name":"wp","href":"https:\/\/api.w.org\/{rel}","templated":true}]}}