{"id":13132,"date":"2026-02-05T11:44:32","date_gmt":"2026-02-05T04:44:32","guid":{"rendered":"https:\/\/bynature.vn\/product\/hop-qua-rang-ro\/"},"modified":"2026-02-05T11:44:32","modified_gmt":"2026-02-05T04:44:32","slug":"hop-qua-rang-ro","status":"publish","type":"product","link":"https:\/\/bynature.vn\/vi\/product\/hop-qua-rang-ro\/","title":{"rendered":"H\u1ed9p Qu\u00e0 R\u1ea1ng R\u1ee1"},"content":{"rendered":"<div class=\"ng-tns-c1403980188-75\">\n<section id=\"processing-state-2\" class=\"processing-state_container ng-tns-c1403980188-75 is-gpi-avatar ng-trigger ng-trigger-processingStateShowHide ng-star-inserted is-done-processing\">\n<div id=\"processing-state-2-summary\" class=\"processing-state_details ng-trigger ng-trigger-menuExpansion ng-tns-c1403980188-75 is-gpi-avatar ng-star-inserted\" aria-hidden=\"true\">\n<div class=\"tool-summary ng-tns-c1403980188-75\">\n<div class=\"tool-summary-message ng-tns-c1403980188-75 gds-body-l ng-star-inserted\">\n<div class=\"ng-tns-c1403980188-75\">H\u00e3y t\u1ef1 th\u01b0\u1edfng cho b\u1ea3n th\u00e2n ho\u1eb7c d\u00e0nh t\u1eb7ng ng\u01b0\u1eddi th\u00e2n y\u00eau m\u1ed9t m\u00f3n qu\u00e0 mang l\u1ea1i v\u1ebb r\u1ea1ng r\u1ee1 t\u1ef1 nhi\u00ean. H\u1ed9p qu\u00e0 \u0111\u01b0\u1ee3c tuy\u1ec3n ch\u1ecdn n\u00e0y k\u1ebft h\u1ee3p hai s\u1ea3n ph\u1ea9m ch\u0103m s\u00f3c da thu\u1ea7n t\u1ef1 nhi\u00ean m\u1ea1nh m\u1ebd nh\u1ea5t c\u1ee7a ch\u00fang t\u00f4i, \u0111\u01b0\u1ee3c \u0111\u00f3ng g\u00f3i \u0111\u1eb9p m\u1eaft v\u1edbi chi\u1ebfc n\u01a1 h\u1ed3ng bu\u1ed9c tay. \u0110\u00e2y l\u00e0 c\u00e1ch ho\u00e0n h\u1ea3o \u0111\u1ec3 chia s\u1ebb m\u1ed9t ch\u00fat sang tr\u1ecdng v\u00e0 tinh th\u1ea7n self-care.  <\/div>\n<\/div>\n<\/div>\n<\/div>\n<\/section>\n<\/div>\n<div class=\"response-content ng-tns-c2216588675-74\">\n<div class=\"container\">\n<div id=\"model-response-message-contentr_fb3a68e730dd97af\" class=\"markdown markdown-main-panel enable-updated-hr-color\" dir=\"ltr\" aria-live=\"polite\" aria-busy=\"false\">\n<p data-path-to-node=\"2\"><b data-path-to-node=\"2\" data-index-in-node=\"0\">C\u00f3 G\u00ec B\u00ean Trong:<\/b><\/p>\n<ul data-path-to-node=\"3\">\n<li>\n<p data-path-to-node=\"3,0,0\"><b data-path-to-node=\"3,0,0\" data-index-in-node=\"0\">B\u01a1 Vitamin D\u01b0\u1ee1ng Th\u1ec3 G\u1eebng G\u1ed7 \u0110\u00e0n H\u01b0\u01a1ng(100g):<\/b> B\u01a1 d\u01b0\u1ee1ng th\u1ec3 100% t\u1ef1 nhi\u00ean, gi\u00e0u d\u01b0\u1ee1ng ch\u1ea5t, \u0111\u01b0\u1ee3c thi\u1ebft k\u1ebf \u0111\u1ec3 c\u1ea5p \u1ea9m s\u00e2u v\u00e0 nu\u00f4i d\u01b0\u1ee1ng l\u00e0n da c\u1ee7a b\u1ea1n.<\/p>\n<\/li>\n<li>\n<p data-path-to-node=\"3,1,0\"><b data-path-to-node=\"3,1,0\" data-index-in-node=\"0\">Tinh Ch\u1ea5t T\u0103ng C\u01b0\u1eddng Collagen:<\/b> \u0110\u01b0\u1ee3c b\u1ed5 sung T\u1ea3o L\u1ee5c, chi\u1ebft xu\u1ea5t <i data-path-to-node=\"3,1,0\" data-index-in-node=\"54\">Isodon japonicus<\/i> h\u1eefu c\u01a1 v\u00e0 Niacinamide (Vitamin B3) nh\u1eb1m h\u1ed7 tr\u1ee3 \u0111\u1ed9 \u0111\u00e0n h\u1ed3i t\u1ef1 nhi\u00ean v\u00e0 l\u00e0n da tr\u1ebb trung.<\/p>\n<\/li>\n<\/ul>\n<p data-path-to-node=\"4\">\u0110\u01b0\u1ee3c thi\u1ebft k\u1ebf \u0111\u1ec3 l\u00e0n da lu\u00f4n m\u1ec1m m\u1ea1i, m\u1ecbn m\u00e0ng v\u00e0 r\u1ea1ng r\u1ee1, b\u1ed9 \u0111\u00f4i nu\u00f4i d\u01b0\u1ee1ng n\u00e0y l\u00e0 c\u00e1ch ho\u00e0n h\u1ea3o \u0111\u1ec3 chia s\u1ebb m\u1ed9t ch\u00fat sang tr\u1ecdng v\u1edbi ng\u01b0\u1eddi \u0111\u1eb7c bi\u1ec7t \u2014 ho\u1eb7c \u0111\u01a1n gi\u1ea3n l\u00e0 t\u1ef1 th\u01b0\u1edfng cho ch\u00ednh m\u00ecnh.<\/p>\n<\/div>\n<\/div>\n<\/div>\n","protected":false},"excerpt":{"rendered":"<p data-path-to-node=\"1\">Nu\u00f4i d\u01b0\u1ee1ng v\u1ebb r\u1ea1ng r\u1ee1 c\u1ee7a b\u1ea1n v\u1edbi b\u1ed9 \u0111\u00f4i s\u1ea3n ph\u1ea9m ch\u0103m s\u00f3c da thu\u1ea7n t\u1ef1 nhi\u00ean, \u0111\u01b0\u1ee3c \u0111\u00f3ng g\u00f3i tinh t\u1ebf v\u1edbi n\u01a1 bu\u1ed9c tay. B\u1ed9 s\u1ea3n ph\u1ea9m n\u00e0y l\u00e0 m\u1ed9t c\u00e1ch \u0111\u01a1n gi\u1ea3n \u0111\u1ec3 chia s\u1ebb c\u1ea3m gi\u00e1c sang tr\u1ecdng ho\u1eb7c t\u1eadn h\u01b0\u1edfng kho\u1ea3nh kh\u1eafc ch\u0103m s\u00f3c b\u1ea3n th\u00e2n. <\/p>\n<p data-path-to-node=\"2\"><b data-path-to-node=\"2\" data-index-in-node=\"0\">B\u00ean trong b\u1ed9 s\u1ea3n ph\u1ea9m n\u00e0y:<\/b><\/p>\n<ul data-path-to-node=\"3\">\n<li>\n<p data-path-to-node=\"3,0,0\"><b data-path-to-node=\"3,0,0\" data-index-in-node=\"0\">B\u01a1 Vitamin D\u01b0\u1ee1ng Th\u1ec3 (100g):<\/b> S\u1ef1 k\u1ebft h\u1ee3p G\u1eebng v\u00e0 \u0110\u00e0n H\u01b0\u01a1ng 100% t\u1ef1 nhi\u00ean cho kh\u1ea3 n\u0103ng c\u1ea5p \u1ea9m s\u00e2u.<\/p>\n<\/li>\n<li>\n<p data-path-to-node=\"3,1,0\"><b data-path-to-node=\"3,1,0\" data-index-in-node=\"0\">Tinh Ch\u1ea5t T\u0103ng C\u01b0\u1eddng Collagen:<\/b> C\u00f4ng th\u1ee9c v\u1edbi Niacinamide, T\u1ea3o L\u1ee5c v\u00e0 c\u00e1c chi\u1ebft xu\u1ea5t h\u1eefu c\u01a1 gi\u00fap h\u1ed7 tr\u1ee3 \u0111\u1ed9 \u0111\u00e0n h\u1ed3i cho da.<\/p>\n<\/li>\n<\/ul>\n<p data-path-to-node=\"4\">\u0110\u01b0\u1ee3c thi\u1ebft k\u1ebf \u0111\u1ec3 l\u00e0n da c\u1ee7a b\u1ea1n lu\u00f4n m\u1ec1m m\u1ea1i, m\u1ecbn m\u00e0ng v\u00e0 r\u1ea1ng r\u1ee1.<\/p>\n","protected":false},"featured_media":13118,"template":"","meta":[],"pwb-brand":[288],"product_cat":[409,244,242],"product_tag":[],"class_list":{"0":"post-13132","1":"product","2":"type-product","3":"status-publish","4":"has-post-thumbnail","6":"pwb-brand-bynature-vi","7":"product_cat-500-000d-1-000-000d","8":"product_cat-hop-qua","9":"product_cat-qua-tang-hoa","11":"first","12":"instock","13":"shipping-taxable","14":"purchasable","15":"product-type-simple"},"acf":[],"brands":[{"id":288,"name":"ByNature","slug":"bynature-vi"}],"_links":{"self":[{"href":"https:\/\/bynature.vn\/vi\/wp-json\/wp\/v2\/product\/13132","targetHints":{"allow":["GET"]}}],"collection":[{"href":"https:\/\/bynature.vn\/vi\/wp-json\/wp\/v2\/product"}],"about":[{"href":"https:\/\/bynature.vn\/vi\/wp-json\/wp\/v2\/types\/product"}],"wp:featuredmedia":[{"embeddable":true,"href":"https:\/\/bynature.vn\/vi\/wp-json\/wp\/v2\/media\/13118"}],"wp:attachment":[{"href":"https:\/\/bynature.vn\/vi\/wp-json\/wp\/v2\/media?parent=13132"}],"wp:term":[{"taxonomy":"pwb-brand","embeddable":true,"href":"https:\/\/bynature.vn\/vi\/wp-json\/wp\/v2\/pwb-brand?post=13132"},{"taxonomy":"product_cat","embeddable":true,"href":"https:\/\/bynature.vn\/vi\/wp-json\/wp\/v2\/product_cat?post=13132"},{"taxonomy":"product_tag","embeddable":true,"href":"https:\/\/bynature.vn\/vi\/wp-json\/wp\/v2\/product_tag?post=13132"}],"curies":[{"name":"wp","href":"https:\/\/api.w.org\/{rel}","templated":true}]}}