{"id":13086,"date":"2026-01-09T13:56:26","date_gmt":"2026-01-09T06:56:26","guid":{"rendered":"https:\/\/bynature.vn\/product\/kem-danh-rang-tram-tra-nha-dam-75g\/"},"modified":"2026-01-09T13:56:26","modified_gmt":"2026-01-09T06:56:26","slug":"kem-danh-rang-tram-tra-nha-dam-75g","status":"publish","type":"product","link":"https:\/\/bynature.vn\/vi\/product\/kem-danh-rang-tram-tra-nha-dam-75g\/","title":{"rendered":"Kem \u0110\u00e1nh R\u0103ng Tr\u00e0m Tr\u00e0 &amp; Nha \u0110am 75g"},"content":{"rendered":"<h3 data-path-to-node=\"2\"><b data-path-to-node=\"2\" data-index-in-node=\"0\">Kem \u0110\u00e1nh R\u0103ng Tr\u00e0m Tr\u00e0 &amp; Nha \u0110am<\/b><\/h3>\n<p data-path-to-node=\"3\"><b data-path-to-node=\"3\" data-index-in-node=\"0\">S\u1ee9c M\u1ea1nh Kh\u00e1ng Khu\u1ea9n Cho N\u01b0\u1edbu Kh\u1ecfe M\u1ea1nh<\/b><\/p>\n<p data-path-to-node=\"4\">Tr\u1ea3i nghi\u1ec7m c\u1ea3m gi\u00e1c l\u00e0m s\u1ea1ch s\u00e2u v\u00e0 mang t\u00ednh tr\u1ecb li\u1ec7u h\u01a1n v\u1edbi c\u00f4ng th\u1ee9c Tr\u00e0m Tr\u00e0 &amp; Nha \u0110am. \u0110\u01b0\u1ee3c thi\u1ebft k\u1ebf cho nh\u1eefng ai \u01b0u ti\u00ean s\u1ee9c kh\u1ecfe n\u01b0\u1edbu, lo\u1ea1i kem \u0111\u00e1nh r\u0103ng n\u00e0y thay th\u1ebf n\u01b0\u1edbc th\u00f4ng th\u01b0\u1eddng b\u1eb1ng <b data-path-to-node=\"4\" data-index-in-node=\"174\">53% N\u01b0\u1edbc \u00c9p Nha \u0110am H\u1eefu C\u01a1<\/b> \u0111\u1ec3 l\u00e0m d\u1ecbu v\u00e0 nu\u00f4i d\u01b0\u1ee1ng c\u00e1c m\u00f4 mi\u1ec7ng nh\u1ea1y c\u1ea3m. S\u1ea3n ph\u1ea9m khai th\u00e1c s\u1ee9c m\u1ea1nh s\u00e1t khu\u1ea9n t\u1ef1 nhi\u00ean t\u1eeb <b data-path-to-node=\"4\" data-index-in-node=\"295\">Tinh D\u1ea7u Tr\u00e0m Tr\u00e0 H\u1eefu C\u01a1<\/b>, H\u00fang Qu\u1ebf v\u00e0 Long N\u00e3o, gi\u00fap ch\u1ed1ng l\u1ea1i vi khu\u1ea9n g\u00e2y m\u1ea3ng b\u00e1m v\u00e0 b\u1ea3o v\u1ec7 n\u01b0\u1edbu kh\u1ecfi vi\u00eam nhi\u1ec5m m\u00e0 kh\u00f4ng c\u1ea7n \u0111\u1ebfn h\u00f3a ch\u1ea5t t\u1ed5ng h\u1ee3p m\u1ea1nh.  <\/p>\n<ul data-path-to-node=\"5\">\n<li>\n<p data-path-to-node=\"5,1,0\"><b data-path-to-node=\"5,1,0\" data-index-in-node=\"0\">Th\u1ef1c V\u1eadt Sinh H\u1ecdc: <\/b>K\u1ebft h\u1ee3p Tr\u00e0m Tr\u00e0, H\u00fang Qu\u1ebf v\u00e0 Long N\u00e3o, t\u1ea1o m\u00f9i h\u01b0\u01a1ng th\u1ea3o d\u01b0\u1ee3c d\u1ec5 ch\u1ecbu c\u00f9ng kh\u1ea3 n\u0103ng kh\u00e1ng khu\u1ea9n m\u1ea1nh m\u1ebd.<\/p>\n<\/li>\n<li>\n<p data-path-to-node=\"5,2,0\"><b data-path-to-node=\"5,2,0\" data-index-in-node=\"0\">Cam K\u1ebft ByNature:<\/b> Ho\u00e0n to\u00e0n kh\u00f4ng Fluoride, SLS, Triclosan, kh\u00f4ng ch\u1ea5t t\u1ea1o ng\u1ecdt nh\u00e2n t\u1ea1o. Ch\u0103m s\u00f3c r\u0103ng mi\u1ec7ng s\u1ea1ch, hi\u1ec7u qu\u1ea3 v\u00e0 chu\u1ea9n chuy\u00ean nghi\u1ec7p. <\/p>\n<\/li>\n<\/ul>\n<p data-path-to-node=\"14\">Ch\u00fang t\u00f4i tin r\u1eb1ng nh\u1eefng g\u00ec KH\u00d4NG c\u00f3 trong kem \u0111\u00e1nh r\u0103ng c\u0169ng quan tr\u1ecdng nh\u01b0 nh\u1eefng g\u00ec c\u00f3 trong \u0111\u00f3. M\u1ed7i s\u1ea3n ph\u1ea9m Natur Boutique \u0111\u1ec1u \u0111\u1ea3m b\u1ea3o. <\/p>\n<ul data-path-to-node=\"15\">\n<li>\n<p data-path-to-node=\"15,0,0\"><b data-path-to-node=\"15,0,0\" data-index-in-node=\"0\">Kh\u00f4ng SLS:<\/b> Kh\u00f4ng ch\u1ea5t t\u1ea1o b\u1ecdt m\u1ea1nh g\u00e2y l\u1edf mi\u1ec7ng.<\/p>\n<\/li>\n<li>\n<p data-path-to-node=\"15,1,0\"><b data-path-to-node=\"15,1,0\" data-index-in-node=\"0\">Kh\u00f4ng Triclosan:<\/b> Kh\u00f4ng h\u00f3a ch\u1ea5t kh\u00e1ng khu\u1ea9n g\u00e2y r\u1ed1i lo\u1ea1n n\u1ed9i ti\u1ebft.<\/p>\n<\/li>\n<li>\n<p data-path-to-node=\"15,2,0\"><b data-path-to-node=\"15,2,0\" data-index-in-node=\"0\">Kh\u00f4ng Fluoride:<\/b> Ph\u00f9 h\u1ee3p v\u1edbi ng\u01b0\u1eddi theo th\u00f3i quen ch\u0103m s\u00f3c r\u0103ng mi\u1ec7ng 100% t\u1eeb kho\u00e1ng ch\u1ea5t v\u00e0 th\u1ef1c v\u1eadt.<\/p>\n<\/li>\n<li>\n<p data-path-to-node=\"15,3,0\"><b data-path-to-node=\"15,3,0\" data-index-in-node=\"0\">Kh\u00f4ng Ch\u1ea5t T\u1ea1o Ng\u1ecdt Nh\u00e2n T\u1ea1o:<\/b> T\u1ea1o v\u1ecb ng\u1ecdt t\u1ef1 nhi\u00ean b\u1eb1ng Xylitol gi\u00fap b\u1ea3o v\u1ec7 men r\u0103ng.<\/p>\n<\/li>\n<li>\n<p data-path-to-node=\"15,4,0\"><b data-path-to-node=\"15,4,0\" data-index-in-node=\"0\">Kh\u00f4ng Titanium Dioxide:<\/b> Kh\u00f4ng d\u00f9ng ph\u1ea9m m\u00e0u t\u1ed5ng h\u1ee3p \u0111\u1ec3 \u201cl\u00e0m tr\u1eafng\u201d s\u1ea3n ph\u1ea9m \u2013 ch\u00fang t\u00f4i gi\u1eef ch\u00fang t\u1ef1 nhi\u00ean.<\/p>\n<\/li>\n<\/ul>\n","protected":false},"excerpt":{"rendered":"<h3 data-path-to-node=\"0\"><b data-path-to-node=\"0\" data-index-in-node=\"0\">Kem \u0110\u00e1nh R\u0103ng Tr\u00e0m Tr\u00e0 &amp; Nha \u0110am<\/b><\/h3>\n<p data-path-to-node=\"1\"><b data-path-to-node=\"1\" data-index-in-node=\"0\">B\u1ea3o V\u1ec7 Thu\u1ea7n T\u00fay cho N\u01b0\u1edbu Kh\u1ecfe M\u1ea1nh<\/b><\/p>\n<p data-path-to-node=\"2\">N\u00e2ng c\u1ea5p quy tr\u00ecnh ch\u0103m s\u00f3c r\u0103ng mi\u1ec7ng c\u1ee7a b\u1ea1n v\u1edbi s\u1ee9c m\u1ea1nh c\u1ee7a th\u1ea3o m\u1ed9c sinh h\u1ecdc. <span class=\"citation-135\">C\u00f4ng th\u1ee9c chuy\u00ean bi\u1ec7t thay th\u1ebf c\u00e1c ch\u1ea5t \u0111\u1ed9n th\u00f4ng th\u01b0\u1eddng b\u1eb1ng<\/span> <b data-path-to-node=\"2\" data-index-in-node=\"117\">53% N\u01b0\u1edbc \u00c9p Nha \u0110am H\u1eefu C\u01a1<\/b>, <span class=\"citation-135 citation-end-135\">mang l\u1ea1i c\u1ea3m gi\u00e1c d\u1ecbu t\u1ee9c th\u00ec cho n\u01b0\u1edbu nh\u1ea1y c\u1ea3m.<\/span> K\u1ebft h\u1ee3p<b data-path-to-node=\"2\" data-index-in-node=\"218\"> Tinh D\u1ea7u Tr\u00e0m Tr\u00e0, H\u00fang Qu\u1ebf v\u00e0 Long N\u00e3o h\u1eefu c\u01a1,<\/b> <span class=\"citation-134 citation-end-134\">s\u1ea3n ph\u1ea9m t\u1ea1o l\u1edbp ch\u1eafn kh\u00e1ng khu\u1ea9n t\u1ef1 nhi\u00ean gi\u00fap ch\u1ed1ng m\u1ea3ng b\u00e1m v\u00e0 b\u1ea3o v\u1ec7 r\u0103ng kh\u1ecfi s\u00e2u r\u0103ng m\u00e0 kh\u00f4ng c\u1ea7n h\u00f3a ch\u1ea5t m\u1ea1nh.<\/span><\/p>\n<ul data-path-to-node=\"3\">\n<li>\n<p data-path-to-node=\"3,0,0\"><b data-path-to-node=\"3,0,0\" data-index-in-node=\"0\">Ph\u00f2ng V\u1ec7 T\u1ef1 Nhi\u00ean:<\/b> <span class=\"citation-133 citation-end-133\">Tr\u00e0m Tr\u00e0 v\u00e0 H\u00fang Qu\u1ebf m\u1ea1nh mang l\u1ea1i t\u00e1c d\u1ee5ng di\u1ec7t khu\u1ea9n, kh\u00e1ng vi\u00eam chu\u1ea9n ch\u0103m s\u00f3c chuy\u00ean s\u00e2u.<\/span><\/p>\n<\/li>\n<li>\n<p data-path-to-node=\"3,1,0\"><b data-path-to-node=\"3,1,0\" data-index-in-node=\"0\">L\u00e0m D\u1ecbu &amp; Nu\u00f4i D\u01b0\u1ee1ng:<\/b> H\u00e0m l\u01b0\u1ee3ng Nha \u0110am cao gi\u00fap gi\u1ea3m k\u00edch \u1ee9ng v\u00e0 b\u1ea3o v\u1ec7, c\u1ee7ng c\u1ed1 m\u00f4 n\u01b0\u1edbu m\u1ed7i l\u1ea7n ch\u1ea3i.<\/p>\n<\/li>\n<li>\n<p data-path-to-node=\"3,2,0\"><b data-path-to-node=\"3,2,0\" data-index-in-node=\"0\">Ti\u00eau Chu\u1ea9n ByNature:<\/b> Cam k\u1ebft kh\u00f4ng Fluoride, SLS, Triclosan, Paraben v\u00e0 kh\u00f4ng ch\u1ea5t t\u1ea1o ng\u1ecdt nh\u00e2n t\u1ea1o.<\/p>\n<\/li>\n<\/ul>\n","protected":false},"featured_media":12981,"template":"","meta":[],"pwb-brand":[301],"product_cat":[397,406,185],"product_tag":[],"class_list":{"0":"post-13086","1":"product","2":"type-product","3":"status-publish","4":"has-post-thumbnail","6":"pwb-brand-daquyn-the-queen-vi","7":"product_cat-cham-soc-co-the","8":"product_cat-cham-soc-rang-mieng","9":"product_cat-suc-khoe-lam-dep","11":"first","12":"instock","13":"shipping-taxable","14":"purchasable","15":"product-type-simple"},"acf":[],"brands":[{"id":301,"name":"Daquyn - The Queen","slug":"daquyn-the-queen-vi"}],"_links":{"self":[{"href":"https:\/\/bynature.vn\/vi\/wp-json\/wp\/v2\/product\/13086","targetHints":{"allow":["GET"]}}],"collection":[{"href":"https:\/\/bynature.vn\/vi\/wp-json\/wp\/v2\/product"}],"about":[{"href":"https:\/\/bynature.vn\/vi\/wp-json\/wp\/v2\/types\/product"}],"wp:featuredmedia":[{"embeddable":true,"href":"https:\/\/bynature.vn\/vi\/wp-json\/wp\/v2\/media\/12981"}],"wp:attachment":[{"href":"https:\/\/bynature.vn\/vi\/wp-json\/wp\/v2\/media?parent=13086"}],"wp:term":[{"taxonomy":"pwb-brand","embeddable":true,"href":"https:\/\/bynature.vn\/vi\/wp-json\/wp\/v2\/pwb-brand?post=13086"},{"taxonomy":"product_cat","embeddable":true,"href":"https:\/\/bynature.vn\/vi\/wp-json\/wp\/v2\/product_cat?post=13086"},{"taxonomy":"product_tag","embeddable":true,"href":"https:\/\/bynature.vn\/vi\/wp-json\/wp\/v2\/product_tag?post=13086"}],"curies":[{"name":"wp","href":"https:\/\/api.w.org\/{rel}","templated":true}]}}